{"id":17041,"date":"2024-07-10T23:00:48","date_gmt":"2024-07-10T23:00:48","guid":{"rendered":"https:\/\/para-pharmacity.tn\/?product=fiderma-serum-depig-nuit-30-ml"},"modified":"2024-08-21T12:27:07","modified_gmt":"2024-08-21T12:27:07","slug":"fiderma-serum-depig-nuit-30-ml","status":"publish","type":"product","link":"https:\/\/para-pharmacity.tn\/?product=fiderma-serum-depig-nuit-30-ml","title":{"rendered":"FIDERMA SERUM DEPIG NUIT 30 ML"},"content":{"rendered":"<p><strong><span class=\"label-tooltip\" title=\"\">Description :<\/span><\/strong><\/p>\n<p>FIDERMA CLARIFID D\u00e9pigmentante NIGHT SERUM est un s\u00e9rum sp\u00e9cifique pour hyperpigmentations de la peau.\u00a0Sa formule high-tech inhibe la production excessive de m\u00e9lanine, favorise l\u00a0\u00bbatt\u00e9nuation des taches brunes existantes et emp\u00eache la formation de nouveau.<\/p>\n<p><strong>Conseil d&rsquo;utilisation :<\/strong><\/p>\n<p>Appliquer FIDERMA D\u00e9pigmentante NIGHT SERUM 1 fois par jour, le soir, sur les zones touch\u00e9es.<\/p>\n","protected":false},"excerpt":{"rendered":"<p>FIDERMA CLARIFID D\u00e9pigmentante NIGHT SERUM est un s\u00e9rum sp\u00e9cifique pour hyperpigmentations de la peau.<\/p>\n","protected":false},"featured_media":23785,"comment_status":"open","ping_status":"closed","template":"","meta":[],"product_cat":[20],"product_tag":[],"class_list":{"0":"post-17041","1":"product","2":"type-product","3":"status-publish","4":"has-post-thumbnail","6":"product_cat-accessories","8":"first","9":"instock","10":"shipping-taxable","11":"product-type-simple"},"jetpack_sharing_enabled":true,"_links":{"self":[{"href":"https:\/\/para-pharmacity.tn\/index.php?rest_route=\/wp\/v2\/product\/17041","targetHints":{"allow":["GET"]}}],"collection":[{"href":"https:\/\/para-pharmacity.tn\/index.php?rest_route=\/wp\/v2\/product"}],"about":[{"href":"https:\/\/para-pharmacity.tn\/index.php?rest_route=\/wp\/v2\/types\/product"}],"replies":[{"embeddable":true,"href":"https:\/\/para-pharmacity.tn\/index.php?rest_route=%2Fwp%2Fv2%2Fcomments&post=17041"}],"version-history":[{"count":2,"href":"https:\/\/para-pharmacity.tn\/index.php?rest_route=\/wp\/v2\/product\/17041\/revisions"}],"predecessor-version":[{"id":23787,"href":"https:\/\/para-pharmacity.tn\/index.php?rest_route=\/wp\/v2\/product\/17041\/revisions\/23787"}],"wp:featuredmedia":[{"embeddable":true,"href":"https:\/\/para-pharmacity.tn\/index.php?rest_route=\/wp\/v2\/media\/23785"}],"wp:attachment":[{"href":"https:\/\/para-pharmacity.tn\/index.php?rest_route=%2Fwp%2Fv2%2Fmedia&parent=17041"}],"wp:term":[{"taxonomy":"product_cat","embeddable":true,"href":"https:\/\/para-pharmacity.tn\/index.php?rest_route=%2Fwp%2Fv2%2Fproduct_cat&post=17041"},{"taxonomy":"product_tag","embeddable":true,"href":"https:\/\/para-pharmacity.tn\/index.php?rest_route=%2Fwp%2Fv2%2Fproduct_tag&post=17041"}],"curies":[{"name":"wp","href":"https:\/\/api.w.org\/{rel}","templated":true}]}}