{"id":17040,"date":"2024-07-10T23:00:47","date_gmt":"2024-07-10T23:00:47","guid":{"rendered":"https:\/\/para-pharmacity.tn\/?product=fiderma-hydrafid-creme-50ml"},"modified":"2024-08-21T12:16:46","modified_gmt":"2024-08-21T12:16:46","slug":"fiderma-hydrafid-creme-50ml","status":"publish","type":"product","link":"https:\/\/para-pharmacity.tn\/?product=fiderma-hydrafid-creme-50ml","title":{"rendered":"FIDERMA HYDRAFID CREME 50ML"},"content":{"rendered":"<p><b>FIDERMA HYDRAFID CREME HYDRATANTE 50ML<\/b><\/p>\n<p>FIDERMA HYDRAFID CREME HYDRATANTE est particuli\u00e8rement adapt\u00e9e \u00e0 l&rsquo;hydratation des peaux s\u00e8ches, tr\u00e8s s\u00e8ches et sensibles. Le m\u00e9lange d&rsquo;ingr\u00e9dients hydratants, apaisants et adoucissants redonne souplesse et \u00e9lasticit\u00e9 \u00e0 la peau.<\/p>\n<p><b>Conseils d&rsquo;utilisation :<\/b><\/p>\n<p>appliquer la cr\u00e8me hydratante visage HYDRAFID matin et soir sur une peau parfaitement propre et s\u00e8che. Masser jusqu&rsquo;\u00e0 absorption compl\u00e8te.<\/p>\n","protected":false},"excerpt":{"rendered":"<p>HYDRAFID Hydratant visage est particuli\u00e8rement indiqu\u00e9 pour l&rsquo;hydratation des peaux s\u00e8ches, tr\u00e8s s\u00e8ches et sensibles.<\/p>\n","protected":false},"featured_media":23781,"comment_status":"open","ping_status":"closed","template":"","meta":[],"product_cat":[20],"product_tag":[],"class_list":{"0":"post-17040","1":"product","2":"type-product","3":"status-publish","4":"has-post-thumbnail","6":"product_cat-accessories","8":"first","9":"instock","10":"shipping-taxable","11":"product-type-simple"},"jetpack_sharing_enabled":true,"_links":{"self":[{"href":"https:\/\/para-pharmacity.tn\/index.php?rest_route=\/wp\/v2\/product\/17040","targetHints":{"allow":["GET"]}}],"collection":[{"href":"https:\/\/para-pharmacity.tn\/index.php?rest_route=\/wp\/v2\/product"}],"about":[{"href":"https:\/\/para-pharmacity.tn\/index.php?rest_route=\/wp\/v2\/types\/product"}],"replies":[{"embeddable":true,"href":"https:\/\/para-pharmacity.tn\/index.php?rest_route=%2Fwp%2Fv2%2Fcomments&post=17040"}],"version-history":[{"count":2,"href":"https:\/\/para-pharmacity.tn\/index.php?rest_route=\/wp\/v2\/product\/17040\/revisions"}],"predecessor-version":[{"id":23783,"href":"https:\/\/para-pharmacity.tn\/index.php?rest_route=\/wp\/v2\/product\/17040\/revisions\/23783"}],"wp:featuredmedia":[{"embeddable":true,"href":"https:\/\/para-pharmacity.tn\/index.php?rest_route=\/wp\/v2\/media\/23781"}],"wp:attachment":[{"href":"https:\/\/para-pharmacity.tn\/index.php?rest_route=%2Fwp%2Fv2%2Fmedia&parent=17040"}],"wp:term":[{"taxonomy":"product_cat","embeddable":true,"href":"https:\/\/para-pharmacity.tn\/index.php?rest_route=%2Fwp%2Fv2%2Fproduct_cat&post=17040"},{"taxonomy":"product_tag","embeddable":true,"href":"https:\/\/para-pharmacity.tn\/index.php?rest_route=%2Fwp%2Fv2%2Fproduct_tag&post=17040"}],"curies":[{"name":"wp","href":"https:\/\/api.w.org\/{rel}","templated":true}]}}