{"id":17039,"date":"2024-07-10T23:00:45","date_gmt":"2024-07-10T23:00:45","guid":{"rendered":"https:\/\/para-pharmacity.tn\/?product=fiderma-gel-nettoyant-purif-125-ml"},"modified":"2024-08-21T12:10:41","modified_gmt":"2024-08-21T12:10:41","slug":"fiderma-gel-nettoyant-purif-125-ml","status":"publish","type":"product","link":"https:\/\/para-pharmacity.tn\/?product=fiderma-gel-nettoyant-purif-125-ml","title":{"rendered":"FIDERMA GEL NETTOYANT PURIF 125 ML"},"content":{"rendered":"<p style=\"font-weight: 400\">FIDERMA GEL NETTOYANT PURIFIANT est un gel moussant doux qui a \u00e9t\u00e9 con\u00e7u pour nettoyer en douceur les peaux grasses \u00e0 imperfections. Sa formule purifie d\u00e9licatement, r\u00e9gule la s\u00e9cr\u00e9tion de s\u00e9bum et respecte le pH de la peau. Purifi\u00e9e et propre, la peau est pr\u00eate \u00e0 recevoir les traitements dermatologiques. FIDERMA GEL NETTOYANT PURIFIANT est parfait pour une utilisation sur le visage et le corps.<\/p>\n<p style=\"font-weight: 400\"><span style=\"font-weight: 600\">Conseils D&rsquo;utilisation<\/span><\/p>\n<p style=\"font-weight: 400\">Appliquer une petite quantit\u00e9 sur peau humide. Masser puis rincer abondamment.<\/p>\n","protected":false},"excerpt":{"rendered":"<p>FIDERMA Gel nettoyant purifiant\u00a0 est un gel moussant doux qui a \u00e9t\u00e9 con\u00e7u pour nettoyer en douceur les peaux grasses \u00e0 imperfections.<\/p>\n","protected":false},"featured_media":23777,"comment_status":"open","ping_status":"closed","template":"","meta":[],"product_cat":[20],"product_tag":[],"class_list":{"0":"post-17039","1":"product","2":"type-product","3":"status-publish","4":"has-post-thumbnail","6":"product_cat-accessories","8":"first","9":"instock","10":"shipping-taxable","11":"product-type-simple"},"jetpack_sharing_enabled":true,"_links":{"self":[{"href":"https:\/\/para-pharmacity.tn\/index.php?rest_route=\/wp\/v2\/product\/17039","targetHints":{"allow":["GET"]}}],"collection":[{"href":"https:\/\/para-pharmacity.tn\/index.php?rest_route=\/wp\/v2\/product"}],"about":[{"href":"https:\/\/para-pharmacity.tn\/index.php?rest_route=\/wp\/v2\/types\/product"}],"replies":[{"embeddable":true,"href":"https:\/\/para-pharmacity.tn\/index.php?rest_route=%2Fwp%2Fv2%2Fcomments&post=17039"}],"version-history":[{"count":2,"href":"https:\/\/para-pharmacity.tn\/index.php?rest_route=\/wp\/v2\/product\/17039\/revisions"}],"predecessor-version":[{"id":23779,"href":"https:\/\/para-pharmacity.tn\/index.php?rest_route=\/wp\/v2\/product\/17039\/revisions\/23779"}],"wp:featuredmedia":[{"embeddable":true,"href":"https:\/\/para-pharmacity.tn\/index.php?rest_route=\/wp\/v2\/media\/23777"}],"wp:attachment":[{"href":"https:\/\/para-pharmacity.tn\/index.php?rest_route=%2Fwp%2Fv2%2Fmedia&parent=17039"}],"wp:term":[{"taxonomy":"product_cat","embeddable":true,"href":"https:\/\/para-pharmacity.tn\/index.php?rest_route=%2Fwp%2Fv2%2Fproduct_cat&post=17039"},{"taxonomy":"product_tag","embeddable":true,"href":"https:\/\/para-pharmacity.tn\/index.php?rest_route=%2Fwp%2Fv2%2Fproduct_tag&post=17039"}],"curies":[{"name":"wp","href":"https:\/\/api.w.org\/{rel}","templated":true}]}}