{"id":17036,"date":"2024-07-10T23:00:44","date_gmt":"2024-07-10T23:00:44","guid":{"rendered":"https:\/\/para-pharmacity.tn\/?product=fiderma-ecran-mineral-teinte-spf50"},"modified":"2024-08-20T20:05:40","modified_gmt":"2024-08-20T20:05:40","slug":"fiderma-ecran-mineral-teinte-spf50","status":"publish","type":"product","link":"https:\/\/para-pharmacity.tn\/?product=fiderma-ecran-mineral-teinte-spf50","title":{"rendered":"FIDERMA ECRAN MINERAL TEINTE SPF50"},"content":{"rendered":"<p>FIDERMA SPF 50 ECRAN MINERAL apporte une protection \u00e9lev\u00e9e et est adapt\u00e9 aux peaux qui ne toler\u00e8nt pas les filtres chimiques. Sa texture color\u00e9e, douce et hydratante couvre les d\u00e9fauts de pigmentation et donne \u00e0 la peau un teint uniforme. FIDERMA SPF 50 ECRAN MINERAL est une formule compl\u00e8te qui combats les radicaux libres et prot\u00e8ge contre le vieillissement pr\u00e9matur\u00e9 de la peau.<\/p>\n<p>&nbsp;<\/p>\n<p>Conseils d&rsquo;utilisation :<\/p>\n<p>Appliquer avant toute exposition au soleil une quantit\u00e9 suffisante de produit sur l\u2019ensemble du visage et r\u00e9partir uniform\u00e9ment. Renouveler r\u00e9guli\u00e8rement l\u2019application. \u00c9viter l\u2019exposition prolong\u00e9e au soleil en milieu de journ\u00e9e.<\/p>\n","protected":false},"excerpt":{"rendered":"<p>FIDERMA SPF 50+ est un \u00e9cran solaire avec une tr\u00e8s haute protection<\/p>\n","protected":false},"featured_media":23769,"comment_status":"open","ping_status":"closed","template":"","meta":[],"product_cat":[20],"product_tag":[],"class_list":{"0":"post-17036","1":"product","2":"type-product","3":"status-publish","4":"has-post-thumbnail","6":"product_cat-accessories","8":"first","9":"instock","10":"shipping-taxable","11":"product-type-simple"},"jetpack_sharing_enabled":true,"_links":{"self":[{"href":"https:\/\/para-pharmacity.tn\/index.php?rest_route=\/wp\/v2\/product\/17036","targetHints":{"allow":["GET"]}}],"collection":[{"href":"https:\/\/para-pharmacity.tn\/index.php?rest_route=\/wp\/v2\/product"}],"about":[{"href":"https:\/\/para-pharmacity.tn\/index.php?rest_route=\/wp\/v2\/types\/product"}],"replies":[{"embeddable":true,"href":"https:\/\/para-pharmacity.tn\/index.php?rest_route=%2Fwp%2Fv2%2Fcomments&post=17036"}],"version-history":[{"count":3,"href":"https:\/\/para-pharmacity.tn\/index.php?rest_route=\/wp\/v2\/product\/17036\/revisions"}],"predecessor-version":[{"id":23773,"href":"https:\/\/para-pharmacity.tn\/index.php?rest_route=\/wp\/v2\/product\/17036\/revisions\/23773"}],"wp:featuredmedia":[{"embeddable":true,"href":"https:\/\/para-pharmacity.tn\/index.php?rest_route=\/wp\/v2\/media\/23769"}],"wp:attachment":[{"href":"https:\/\/para-pharmacity.tn\/index.php?rest_route=%2Fwp%2Fv2%2Fmedia&parent=17036"}],"wp:term":[{"taxonomy":"product_cat","embeddable":true,"href":"https:\/\/para-pharmacity.tn\/index.php?rest_route=%2Fwp%2Fv2%2Fproduct_cat&post=17036"},{"taxonomy":"product_tag","embeddable":true,"href":"https:\/\/para-pharmacity.tn\/index.php?rest_route=%2Fwp%2Fv2%2Fproduct_tag&post=17036"}],"curies":[{"name":"wp","href":"https:\/\/api.w.org\/{rel}","templated":true}]}}