{"id":17034,"date":"2024-07-10T23:00:44","date_gmt":"2024-07-10T23:00:44","guid":{"rendered":"https:\/\/para-pharmacity.tn\/?product=fiderma-creme-invisible-spf-50"},"modified":"2024-08-20T19:54:17","modified_gmt":"2024-08-20T19:54:17","slug":"fiderma-creme-invisible-spf-50","status":"publish","type":"product","link":"https:\/\/para-pharmacity.tn\/?product=fiderma-creme-invisible-spf-50","title":{"rendered":"FIDERMA CREME INVISIBLE SPF 50+"},"content":{"rendered":"<p><strong>FIDERMA ECRAN CREME\u00a0<\/strong><strong>INVISIBLE SPF50+ 50ML<\/strong><\/p>\n<p>FIDERMA ECRAN\u00a0CREME\u00a0INVISIBLE SPF 50+\u00a0prot\u00e8ge la peau sensible du visage et du corps contre les UVA, IR, UVB et lu. Cette cr\u00e8me solaire tr\u00e8s haute protection a \u00e9t\u00e9 d\u00e9velopp\u00e9e pour prot\u00e9ger les peaux normales \u00e0 s\u00e8ches\u00a0et intol\u00e9rantes au soleil contre les coups de soleil. C&rsquo;est une cr\u00e8me douce et tr\u00e8s confortable, gr\u00e2ce \u00e0 sa texture soft et \u00e0 sa composition\u00a0<em><strong>sans parab\u00e8nes et sans parfum.\u00a0R\u00e9sistant \u00e0 l\u2019eau et au sable.<\/strong><\/em><\/p>\n<p>FIDERMA ECRAN INVISIBLE SPF 50 permet de pr\u00e9venir le photovieillissement, les troubles pigmentaires et les photodermatoses et prot\u00e8ge les peaux saines.<\/p>\n<p><strong>Composition :\u00a0<\/strong><\/p>\n<ul>\n<li>Cassia Alata : r\u00e9pare l&rsquo;ADN et les dommages photo-induits.<\/li>\n<li>Extrait de Th\u00e9 Vert source de vitamine C, E et B3 : apporte une action anti radicalaire et prot\u00e8ge econtre le stress oxydatif.<\/li>\n<li>Extraits d&rsquo;Algues Marines : donne une action emolliente.<\/li>\n<\/ul>\n<p><strong>Conseils d&rsquo;utilisation :<\/strong><\/p>\n<ul>\n<li>Il est recommand\u00e9 d&rsquo;ppliquer FIDERMA ECRAN INVISIBLE de mani\u00e8re uniforme sur le visage et les zones concern\u00e9es avant l\u2019exposition au soleil. Renouveler r\u00e9guli\u00e8rement l&rsquo;application.<\/li>\n<\/ul>\n","protected":false},"excerpt":{"rendered":"<p>Fiderma Cr\u00e8me Ecran SPF 50 Invisible 50 ml &#8211; Lutte contre les rayons UVA et UVB &#8211; R\u00e9siste \u00e0 l&rsquo;eau<\/p>\n","protected":false},"featured_media":23762,"comment_status":"open","ping_status":"closed","template":"","meta":[],"product_cat":[20],"product_tag":[],"class_list":{"0":"post-17034","1":"product","2":"type-product","3":"status-publish","4":"has-post-thumbnail","6":"product_cat-accessories","8":"first","9":"instock","10":"shipping-taxable","11":"product-type-simple"},"jetpack_sharing_enabled":true,"_links":{"self":[{"href":"https:\/\/para-pharmacity.tn\/index.php?rest_route=\/wp\/v2\/product\/17034","targetHints":{"allow":["GET"]}}],"collection":[{"href":"https:\/\/para-pharmacity.tn\/index.php?rest_route=\/wp\/v2\/product"}],"about":[{"href":"https:\/\/para-pharmacity.tn\/index.php?rest_route=\/wp\/v2\/types\/product"}],"replies":[{"embeddable":true,"href":"https:\/\/para-pharmacity.tn\/index.php?rest_route=%2Fwp%2Fv2%2Fcomments&post=17034"}],"version-history":[{"count":2,"href":"https:\/\/para-pharmacity.tn\/index.php?rest_route=\/wp\/v2\/product\/17034\/revisions"}],"predecessor-version":[{"id":23764,"href":"https:\/\/para-pharmacity.tn\/index.php?rest_route=\/wp\/v2\/product\/17034\/revisions\/23764"}],"wp:featuredmedia":[{"embeddable":true,"href":"https:\/\/para-pharmacity.tn\/index.php?rest_route=\/wp\/v2\/media\/23762"}],"wp:attachment":[{"href":"https:\/\/para-pharmacity.tn\/index.php?rest_route=%2Fwp%2Fv2%2Fmedia&parent=17034"}],"wp:term":[{"taxonomy":"product_cat","embeddable":true,"href":"https:\/\/para-pharmacity.tn\/index.php?rest_route=%2Fwp%2Fv2%2Fproduct_cat&post=17034"},{"taxonomy":"product_tag","embeddable":true,"href":"https:\/\/para-pharmacity.tn\/index.php?rest_route=%2Fwp%2Fv2%2Fproduct_tag&post=17034"}],"curies":[{"name":"wp","href":"https:\/\/api.w.org\/{rel}","templated":true}]}}