{"id":17030,"date":"2024-07-10T23:00:43","date_gmt":"2024-07-10T23:00:43","guid":{"rendered":"https:\/\/para-pharmacity.tn\/?product=fiderma-cof-serum-nuitcr-depiggel"},"modified":"2024-08-20T19:27:47","modified_gmt":"2024-08-20T19:27:47","slug":"fiderma-cof-serum-nuitcr-depiggel","status":"publish","type":"product","link":"https:\/\/para-pharmacity.tn\/?product=fiderma-cof-serum-nuitcr-depiggel","title":{"rendered":"FIDERMA COF SERUM NUIT+CR DEPIG+GEL"},"content":{"rendered":"<h1>FIDERMA COF SERUM NUIT+CR DEPIG+GEL<\/h1>\n<p>ce coffret contient:<\/p>\n<h4>FIDERMA CLARIFID SERUM NUIT 30 ML :<\/h4>\n<p>FIDERMA SERUM CLARIFIANT\u00a0NUIT\u00a0est un s\u00e9rum sp\u00e9cifique pour les hyperpigmentations de la peau. Sa formule high-tech inhibe la production excessive de m\u00e9lanine, favorise l&rsquo;att\u00e9nuation des taches sombres existantes et emp\u00eache la formation de nouvelles taches d&rsquo;hyperpigmentation.<\/p>\n<p>CLARIFID SERUM est \u00e9galement efficace sur le m\u00e9lasma, une affection tr\u00e8s courante.<\/p>\n<h4>\nFIDERMA CLARIFID CREME DEPIG JOUR 50 ML :<\/h4>\n<p>FIDERMA CLARIFID cr\u00e8me d\u00e9pigmentante favorise l\u2019\u00e9limination des taches brunes (taches s\u00e9niles, actiniques, Chloasma, M\u00e9lasma) et donne une couleur homog\u00e8ne au visage. Ses principes actifs vont r\u00e9duire l\u2019hyperproduction de m\u00e9lanine et agir sur celle d\u00e9j\u00e0 existante. En autre, l\u2019acide ascorbique dans la formule, permet d\u2019avoir une importante action anti-oxydante et d\u2019agir sur les signes du vieillissement cutan\u00e9.<\/p>\n<p>&nbsp;<\/p>\n<h4>\nFIDERMA CLARIFIED GEL :<\/h4>\n<p>FIDERMA CLARIFID GEL NETTOYANT DEPIGMENTANT a \u00e9t\u00e9 sp\u00e9cialement con\u00e7u pour les peaux hyper-pigment\u00e9es. Sa formule high-tech a des propri\u00e9t\u00e9s \u00e9claircissantes et l\u00e9g\u00e8rement exfoliantes et pr\u00e9pare la peau pour d4autres traitements d\u00e9pigmentants.<\/p>\n","protected":false},"excerpt":{"rendered":"<p><strong>FIDERMA CLARIFID SERUM NUIT 30 ML :<\/strong><\/p>\n<p>FIDERMA SERUM CLARIFIANT NUIT att\u00e9nue les taches sombres, pr\u00e9vient l&rsquo;hyperpigmentation, et traite le m\u00e9lasma gr\u00e2ce \u00e0 ses actions d\u00e9pigmentantes et anti-inflammatoires.<\/p>\n<p><strong>FIDERMA CLARIFID CREME DEPIG JOUR 50 ML :<\/strong><\/p>\n<p>FIDERMA CLARIFID cr\u00e8me d\u00e9pigmentante jour favorise l\u2019\u00e9limination des taches brunes et donne une couleur homog\u00e8ne au visage.<\/p>\n<p><strong>FIDERMA CLARIFIED GEL :<\/strong><\/p>\n<p>FIDERMA CLARIFID GEL NETTOYANT DEPIGMENTANT \u00e9claircit et exfolie l\u00e9g\u00e8rement les peaux hyperpigment\u00e9es, pr\u00e9parant la peau pour d&rsquo;autres traitements.<\/p>\n","protected":false},"featured_media":23759,"comment_status":"open","ping_status":"closed","template":"","meta":[],"product_cat":[20],"product_tag":[],"class_list":{"0":"post-17030","1":"product","2":"type-product","3":"status-publish","4":"has-post-thumbnail","6":"product_cat-accessories","8":"first","9":"instock","10":"shipping-taxable","11":"product-type-simple"},"jetpack_sharing_enabled":true,"_links":{"self":[{"href":"https:\/\/para-pharmacity.tn\/index.php?rest_route=\/wp\/v2\/product\/17030","targetHints":{"allow":["GET"]}}],"collection":[{"href":"https:\/\/para-pharmacity.tn\/index.php?rest_route=\/wp\/v2\/product"}],"about":[{"href":"https:\/\/para-pharmacity.tn\/index.php?rest_route=\/wp\/v2\/types\/product"}],"replies":[{"embeddable":true,"href":"https:\/\/para-pharmacity.tn\/index.php?rest_route=%2Fwp%2Fv2%2Fcomments&post=17030"}],"version-history":[{"count":2,"href":"https:\/\/para-pharmacity.tn\/index.php?rest_route=\/wp\/v2\/product\/17030\/revisions"}],"predecessor-version":[{"id":23760,"href":"https:\/\/para-pharmacity.tn\/index.php?rest_route=\/wp\/v2\/product\/17030\/revisions\/23760"}],"wp:featuredmedia":[{"embeddable":true,"href":"https:\/\/para-pharmacity.tn\/index.php?rest_route=\/wp\/v2\/media\/23759"}],"wp:attachment":[{"href":"https:\/\/para-pharmacity.tn\/index.php?rest_route=%2Fwp%2Fv2%2Fmedia&parent=17030"}],"wp:term":[{"taxonomy":"product_cat","embeddable":true,"href":"https:\/\/para-pharmacity.tn\/index.php?rest_route=%2Fwp%2Fv2%2Fproduct_cat&post=17030"},{"taxonomy":"product_tag","embeddable":true,"href":"https:\/\/para-pharmacity.tn\/index.php?rest_route=%2Fwp%2Fv2%2Fproduct_tag&post=17030"}],"curies":[{"name":"wp","href":"https:\/\/api.w.org\/{rel}","templated":true}]}}