{"id":17026,"date":"2024-07-10T23:00:42","date_gmt":"2024-07-10T23:00:42","guid":{"rendered":"https:\/\/para-pharmacity.tn\/?product=fiderma-cof-depig-jourecran-mineral"},"modified":"2024-08-20T19:08:42","modified_gmt":"2024-08-20T19:08:42","slug":"fiderma-cof-depig-jourecran-mineral","status":"publish","type":"product","link":"https:\/\/para-pharmacity.tn\/?product=fiderma-cof-depig-jourecran-mineral","title":{"rendered":"FIDERMA COF DEPIG JOUR+ECRAN MINERAL"},"content":{"rendered":"<p>Ce coffret se compose de :<\/p>\n<p><strong>FIDERMA ECRAN MINERAL SPF50 50ML<\/strong> :offre une haute protection et convient aux peaux sensibles \u00e0 l&rsquo;utilisation de filtres chimiques. Sa texture color\u00e9e, douce et hydratante couvre les d\u00e9fauts de pigmentation et donne \u00e0 la peau un teint uniforme.<\/p>\n<p><strong>FIDERMA CR\u00c8ME D\u00c9PIGMENTANTE JOUR<\/strong> : est une cr\u00e8me de jour sp\u00e9cifique pour les hyperpigmentations de la peau. Elle favorise l&rsquo;att\u00e9nuation des taches brunes existantes et pr\u00e9vient la formation de nouvelles taches.<\/p>\n","protected":false},"excerpt":{"rendered":"<p>FIDERMA SPF 50+ est un \u00e9cran solaire avec une tr\u00e8s haute protection, qui a \u00e9t\u00e9 formul\u00e9 pour prot\u00e9ger m\u00eame les peaux intol\u00e9rantes au soleil contre les rayons UVA et UVB. C\u2019est une cr\u00e8me souple avec une texture hydratante et confortable, sans parab\u00e8nes et sans parfum, convenable aux peaux plus d\u00e9licates. R\u00e9sistante \u00e0 l\u2019eau et au sable.<\/p>\n<p>Fiderma cr\u00e8me d\u00e9pigmentante favorise l\u2019\u00e9limination des taches brunes (taches s\u00e9niles, actiniques, Chloasma, M\u00e9lasma) et donne une couleur homog\u00e8ne au visage.<\/p>\n","protected":false},"featured_media":23751,"comment_status":"open","ping_status":"closed","template":"","meta":[],"product_cat":[20],"product_tag":[],"class_list":{"0":"post-17026","1":"product","2":"type-product","3":"status-publish","4":"has-post-thumbnail","6":"product_cat-accessories","8":"first","9":"instock","10":"shipping-taxable","11":"product-type-simple"},"jetpack_sharing_enabled":true,"_links":{"self":[{"href":"https:\/\/para-pharmacity.tn\/index.php?rest_route=\/wp\/v2\/product\/17026","targetHints":{"allow":["GET"]}}],"collection":[{"href":"https:\/\/para-pharmacity.tn\/index.php?rest_route=\/wp\/v2\/product"}],"about":[{"href":"https:\/\/para-pharmacity.tn\/index.php?rest_route=\/wp\/v2\/types\/product"}],"replies":[{"embeddable":true,"href":"https:\/\/para-pharmacity.tn\/index.php?rest_route=%2Fwp%2Fv2%2Fcomments&post=17026"}],"version-history":[{"count":2,"href":"https:\/\/para-pharmacity.tn\/index.php?rest_route=\/wp\/v2\/product\/17026\/revisions"}],"predecessor-version":[{"id":23750,"href":"https:\/\/para-pharmacity.tn\/index.php?rest_route=\/wp\/v2\/product\/17026\/revisions\/23750"}],"wp:featuredmedia":[{"embeddable":true,"href":"https:\/\/para-pharmacity.tn\/index.php?rest_route=\/wp\/v2\/media\/23751"}],"wp:attachment":[{"href":"https:\/\/para-pharmacity.tn\/index.php?rest_route=%2Fwp%2Fv2%2Fmedia&parent=17026"}],"wp:term":[{"taxonomy":"product_cat","embeddable":true,"href":"https:\/\/para-pharmacity.tn\/index.php?rest_route=%2Fwp%2Fv2%2Fproduct_cat&post=17026"},{"taxonomy":"product_tag","embeddable":true,"href":"https:\/\/para-pharmacity.tn\/index.php?rest_route=%2Fwp%2Fv2%2Fproduct_tag&post=17026"}],"curies":[{"name":"wp","href":"https:\/\/api.w.org\/{rel}","templated":true}]}}