{"id":17024,"date":"2024-07-10T23:00:41","date_gmt":"2024-07-10T23:00:41","guid":{"rendered":"https:\/\/para-pharmacity.tn\/?product=fiderma-clarified-gel"},"modified":"2024-08-20T18:58:05","modified_gmt":"2024-08-20T18:58:05","slug":"fiderma-clarified-gel","status":"publish","type":"product","link":"https:\/\/para-pharmacity.tn\/?product=fiderma-clarified-gel","title":{"rendered":"FIDERMA CLARIFIED GEL"},"content":{"rendered":"<h4>Descriptif<\/h4>\n<p>FIDERMA CLARIFID GEL NETTOYANT DEPIGMENTANT a \u00e9t\u00e9 sp\u00e9cialement con\u00e7u pour les peaux hyper-pigment\u00e9es. Sa formule high-tech a des propri\u00e9t\u00e9s \u00e9claircissantes et l\u00e9g\u00e8rement exfoliantes et pr\u00e9pare la peau pour d4autres traitements d\u00e9pigmentants.<\/p>\n<p><strong>Conseil d&rsquo;utilisation :<\/strong><\/p>\n<p>Appliquer\u00a0deux fois par jour, le jour et le soir, sur la peau humidifi\u00e9e, par l\u00e9ger massage. Rincer \u00e0 l&rsquo;eau et s\u00e9cher. En cas de contac avc les yeux rincer abondamment \u00e0 l&rsquo;eau.<\/p>\n","protected":false},"excerpt":{"rendered":"<p>FIDERMA CLARIFID GEL NETTOYANT DEPIGMENTANT a \u00e9t\u00e9 sp\u00e9cialement con\u00e7u pour les peaux hyper-pigment\u00e9es. Sa formule high-tech a des propri\u00e9t\u00e9s \u00e9claircissantes et l\u00e9g\u00e8rement exfoliantes et pr\u00e9pare la peau pour d4autres traitements d\u00e9pigmentants.<\/p>\n","protected":false},"featured_media":23746,"comment_status":"open","ping_status":"closed","template":"","meta":[],"product_cat":[20],"product_tag":[],"class_list":{"0":"post-17024","1":"product","2":"type-product","3":"status-publish","4":"has-post-thumbnail","6":"product_cat-accessories","8":"first","9":"instock","10":"shipping-taxable","11":"product-type-simple"},"jetpack_sharing_enabled":true,"_links":{"self":[{"href":"https:\/\/para-pharmacity.tn\/index.php?rest_route=\/wp\/v2\/product\/17024","targetHints":{"allow":["GET"]}}],"collection":[{"href":"https:\/\/para-pharmacity.tn\/index.php?rest_route=\/wp\/v2\/product"}],"about":[{"href":"https:\/\/para-pharmacity.tn\/index.php?rest_route=\/wp\/v2\/types\/product"}],"replies":[{"embeddable":true,"href":"https:\/\/para-pharmacity.tn\/index.php?rest_route=%2Fwp%2Fv2%2Fcomments&post=17024"}],"version-history":[{"count":2,"href":"https:\/\/para-pharmacity.tn\/index.php?rest_route=\/wp\/v2\/product\/17024\/revisions"}],"predecessor-version":[{"id":23747,"href":"https:\/\/para-pharmacity.tn\/index.php?rest_route=\/wp\/v2\/product\/17024\/revisions\/23747"}],"wp:featuredmedia":[{"embeddable":true,"href":"https:\/\/para-pharmacity.tn\/index.php?rest_route=\/wp\/v2\/media\/23746"}],"wp:attachment":[{"href":"https:\/\/para-pharmacity.tn\/index.php?rest_route=%2Fwp%2Fv2%2Fmedia&parent=17024"}],"wp:term":[{"taxonomy":"product_cat","embeddable":true,"href":"https:\/\/para-pharmacity.tn\/index.php?rest_route=%2Fwp%2Fv2%2Fproduct_cat&post=17024"},{"taxonomy":"product_tag","embeddable":true,"href":"https:\/\/para-pharmacity.tn\/index.php?rest_route=%2Fwp%2Fv2%2Fproduct_tag&post=17024"}],"curies":[{"name":"wp","href":"https:\/\/api.w.org\/{rel}","templated":true}]}}