{"id":17022,"date":"2024-07-10T23:00:40","date_gmt":"2024-07-10T23:00:40","guid":{"rendered":"https:\/\/para-pharmacity.tn\/?product=fiderma-clarifid-serum-nuit-30-ml"},"modified":"2024-08-20T18:38:45","modified_gmt":"2024-08-20T18:38:45","slug":"fiderma-clarifid-serum-nuit-30-ml","status":"publish","type":"product","link":"https:\/\/para-pharmacity.tn\/?product=fiderma-clarifid-serum-nuit-30-ml","title":{"rendered":"FIDERMA CLARIFID SERUM NUIT 30 ML"},"content":{"rendered":"<p><strong>FIDERMA SERUM CLARIFIANT<\/strong><strong>\u00a0NUIT 30ML<\/strong><\/p>\n<p>FIDERMA SERUM CLARIFIANT\u00a0NUIT\u00a0est un s\u00e9rum sp\u00e9cifique pour les hyperpigmentations de la peau. Sa formule high-tech inhibe la production excessive de m\u00e9lanine, favorise l&rsquo;att\u00e9nuation des taches sombres existantes et emp\u00eache la formation de nouvelles taches d&rsquo;hyperpigmentation.<\/p>\n<p>CLARIFID SERUM est \u00e9galement efficace sur le m\u00e9lasma, une affection tr\u00e8s courante.<\/p>\n<p><strong>Actions de\u00a0<\/strong><b>FIDERMA CLARIFID SERUM\u00a0<\/b><strong>:\u00a0<\/strong><\/p>\n<ul>\n<li>D\u00e9pigmentante<\/li>\n<li>Exfoliante<\/li>\n<li>Anti-Oxydante<\/li>\n<li>Anti-Inflamatoire<\/li>\n<\/ul>\n<p><strong><u><span style=\"color: #ffffff\">Composition :\u00a0<\/span><\/u><\/strong><\/p>\n<ul>\n<li>Acide Glycolique : Transporteur d&rsquo;actifs evec une action exfoliante.<\/li>\n<li>Glabridine : inhibe la tyrosinase avec une action d\u00e9pigmentante.<\/li>\n<li>Ethylexyl glyc\u00e9rine : booste les propri\u00e9t\u00e9s des actifs avec une action emolliente.<\/li>\n<li>Alpha Arbutine :\u00a0\u00a0inhibe la tyrosinase avec une action d\u00e9pigmentante.<\/li>\n<li>Extrait d&rsquo;\u00e9corce de Magnolia : apporte une action anti-inflamatoire et anti-bact\u00e9rienne avec une protection cellulaire.<\/li>\n<li>Extrait de Groseille N\u00e9palaise : action anti-oxydante puissante.<\/li>\n<\/ul>\n<p><u><strong><span style=\"color: #ffffff\">Conseils d&rsquo;utilisaion :<\/span><\/strong><\/u><\/p>\n<p>Il est conseill\u00e9 d&rsquo;appliquer FIDERMA SERUM CLARIFIANT NUIT une fois par jour, le soir, sur les zones concern\u00e9es.<\/p>\n","protected":false},"excerpt":{"rendered":"<p>FIDERMA SERUM CLARIFIANT NUIT est un s\u00e9rum sp\u00e9cifique pour les hyperpigmentations de la peau. Sa formule high-tech inhibe la production excessive de m\u00e9lanine, favorise l&rsquo;att\u00e9nuation des taches sombres existantes et emp\u00eache la formation de nouvelles taches d&rsquo;hyperpigmentation. Le s\u00e9rum de nuit d\u00e9pigmentant est \u00e9galement efficace sur le m\u00e9lasma, une affection tr\u00e8s courante. Actions : D\u00e9pigmentante Exfoliante Anti-Oxydante Anti-Inflamatoire<\/p>\n","protected":false},"featured_media":23737,"comment_status":"open","ping_status":"closed","template":"","meta":[],"product_cat":[20],"product_tag":[],"class_list":{"0":"post-17022","1":"product","2":"type-product","3":"status-publish","4":"has-post-thumbnail","6":"product_cat-accessories","8":"first","9":"instock","10":"shipping-taxable","11":"product-type-simple"},"jetpack_sharing_enabled":true,"_links":{"self":[{"href":"https:\/\/para-pharmacity.tn\/index.php?rest_route=\/wp\/v2\/product\/17022","targetHints":{"allow":["GET"]}}],"collection":[{"href":"https:\/\/para-pharmacity.tn\/index.php?rest_route=\/wp\/v2\/product"}],"about":[{"href":"https:\/\/para-pharmacity.tn\/index.php?rest_route=\/wp\/v2\/types\/product"}],"replies":[{"embeddable":true,"href":"https:\/\/para-pharmacity.tn\/index.php?rest_route=%2Fwp%2Fv2%2Fcomments&post=17022"}],"version-history":[{"count":2,"href":"https:\/\/para-pharmacity.tn\/index.php?rest_route=\/wp\/v2\/product\/17022\/revisions"}],"predecessor-version":[{"id":23739,"href":"https:\/\/para-pharmacity.tn\/index.php?rest_route=\/wp\/v2\/product\/17022\/revisions\/23739"}],"wp:featuredmedia":[{"embeddable":true,"href":"https:\/\/para-pharmacity.tn\/index.php?rest_route=\/wp\/v2\/media\/23737"}],"wp:attachment":[{"href":"https:\/\/para-pharmacity.tn\/index.php?rest_route=%2Fwp%2Fv2%2Fmedia&parent=17022"}],"wp:term":[{"taxonomy":"product_cat","embeddable":true,"href":"https:\/\/para-pharmacity.tn\/index.php?rest_route=%2Fwp%2Fv2%2Fproduct_cat&post=17022"},{"taxonomy":"product_tag","embeddable":true,"href":"https:\/\/para-pharmacity.tn\/index.php?rest_route=%2Fwp%2Fv2%2Fproduct_tag&post=17022"}],"curies":[{"name":"wp","href":"https:\/\/api.w.org\/{rel}","templated":true}]}}