{"id":17021,"date":"2024-07-10T23:00:40","date_gmt":"2024-07-10T23:00:40","guid":{"rendered":"https:\/\/para-pharmacity.tn\/?product=fiderma-clarifid-creme-depig-jour-50-ml"},"modified":"2024-08-20T18:32:51","modified_gmt":"2024-08-20T18:32:51","slug":"fiderma-clarifid-creme-depig-jour-50-ml","status":"publish","type":"product","link":"https:\/\/para-pharmacity.tn\/?product=fiderma-clarifid-creme-depig-jour-50-ml","title":{"rendered":"FIDERMA CLARIFID CREME DEPIG JOUR 50 ML"},"content":{"rendered":"<p><strong>Description :<\/strong><\/p>\n<p>FIDERMA CLARIFID cr\u00e8me d\u00e9pigmentante favorise l\u2019\u00e9limination des taches brunes (taches s\u00e9niles, actiniques, Chloasma, M\u00e9lasma) et donne une couleur homog\u00e8ne au visage. Ses principes actifs vont r\u00e9duire l\u2019hyperproduction de m\u00e9lanine et agir sur celle d\u00e9j\u00e0 existante. En autre, l\u2019acide ascorbique dans la formule, permet d\u2019avoir une importante action anti-oxydante et d\u2019agir sur les signes du vieillissement cutan\u00e9.<\/p>\n<h4>Conseils d&rsquo;utilisation :<\/h4>\n<p>Appliquer 1 fois par jour, le matin, sur les taches brunes.<\/p>\n","protected":false},"excerpt":{"rendered":"<p>FIDERMA CLARIFID cr\u00e8me d\u00e9pigmentante jour favorise l\u2019\u00e9limination des taches brunes et donne une couleur homog\u00e8ne au visage.<\/p>\n","protected":false},"featured_media":23733,"comment_status":"open","ping_status":"closed","template":"","meta":[],"product_cat":[20],"product_tag":[],"class_list":{"0":"post-17021","1":"product","2":"type-product","3":"status-publish","4":"has-post-thumbnail","6":"product_cat-accessories","8":"first","9":"instock","10":"shipping-taxable","11":"product-type-simple"},"jetpack_sharing_enabled":true,"_links":{"self":[{"href":"https:\/\/para-pharmacity.tn\/index.php?rest_route=\/wp\/v2\/product\/17021","targetHints":{"allow":["GET"]}}],"collection":[{"href":"https:\/\/para-pharmacity.tn\/index.php?rest_route=\/wp\/v2\/product"}],"about":[{"href":"https:\/\/para-pharmacity.tn\/index.php?rest_route=\/wp\/v2\/types\/product"}],"replies":[{"embeddable":true,"href":"https:\/\/para-pharmacity.tn\/index.php?rest_route=%2Fwp%2Fv2%2Fcomments&post=17021"}],"version-history":[{"count":2,"href":"https:\/\/para-pharmacity.tn\/index.php?rest_route=\/wp\/v2\/product\/17021\/revisions"}],"predecessor-version":[{"id":23735,"href":"https:\/\/para-pharmacity.tn\/index.php?rest_route=\/wp\/v2\/product\/17021\/revisions\/23735"}],"wp:featuredmedia":[{"embeddable":true,"href":"https:\/\/para-pharmacity.tn\/index.php?rest_route=\/wp\/v2\/media\/23733"}],"wp:attachment":[{"href":"https:\/\/para-pharmacity.tn\/index.php?rest_route=%2Fwp%2Fv2%2Fmedia&parent=17021"}],"wp:term":[{"taxonomy":"product_cat","embeddable":true,"href":"https:\/\/para-pharmacity.tn\/index.php?rest_route=%2Fwp%2Fv2%2Fproduct_cat&post=17021"},{"taxonomy":"product_tag","embeddable":true,"href":"https:\/\/para-pharmacity.tn\/index.php?rest_route=%2Fwp%2Fv2%2Fproduct_tag&post=17021"}],"curies":[{"name":"wp","href":"https:\/\/api.w.org\/{rel}","templated":true}]}}