{"id":17020,"date":"2024-07-10T23:00:39","date_gmt":"2024-07-10T23:00:39","guid":{"rendered":"https:\/\/para-pharmacity.tn\/?product=fiderma-acnefid-soin-intensif-p-mg-50-ml"},"modified":"2024-08-20T14:01:31","modified_gmt":"2024-08-20T14:01:31","slug":"fiderma-acnefid-soin-intensif-p-mg-50-ml","status":"publish","type":"product","link":"https:\/\/para-pharmacity.tn\/?product=fiderma-acnefid-soin-intensif-p-mg-50-ml","title":{"rendered":"FIDERMA ACNEFID SOIN INTENSIF P MG 50 ML"},"content":{"rendered":"<p>FIDERMA ACNEFID SOIN INENTSIF PEAUX MIXTES \u00c0 GRASSES traitement cibl\u00e9 pour les peaux grasses \u00e0 imperfections qui aide \u00e0 neutraliser tous les facteurs responsables, r\u00e9duit la production excessive de s\u00e9bum, r\u00e9gularise la diff\u00e9rentiation keratinocytaire et contr\u00f4le la prolif\u00e9ration bact\u00e9rienne. Avec un effet exfoliant doux, sa formule \u00e9quilibr\u00e9e assure une parfaite hydratation et apaise les irritations. Sans parfums ni parabens.<\/p>\n<h4>Mode d&#8217;emploi<\/h4>\n<p>appliquer une fois par jour, par un l\u00e9ger massage jusqu&rsquo;\u00e0 absorption compl\u00e8te. En cas de contact avec les yeux, rincer \u00e0 l\u2019eau.<\/p>\n","protected":false},"excerpt":{"rendered":"<p>FIDERMA ACNEFID SOIN INTENSIF PEAUX MIXTES \u00c0 GRASSES aide \u00e0 neutraliser tous les facteurs responsables, r\u00e9duit la production excessive de s\u00e9bum, r\u00e9gularise la diff\u00e9rentiation k\u00e9ratinocytaire et contr\u00f4le la prolif\u00e9ration bact\u00e9rienne. Avec un effet exfoliant doux, sa formule \u00e9quilibr\u00e9e assure une parfaite hydratation et apaise les irritations.<\/p>\n","protected":false},"featured_media":23729,"comment_status":"open","ping_status":"closed","template":"","meta":[],"product_cat":[20],"product_tag":[],"class_list":{"0":"post-17020","1":"product","2":"type-product","3":"status-publish","4":"has-post-thumbnail","6":"product_cat-accessories","8":"first","9":"instock","10":"shipping-taxable","11":"product-type-simple"},"jetpack_sharing_enabled":true,"_links":{"self":[{"href":"https:\/\/para-pharmacity.tn\/index.php?rest_route=\/wp\/v2\/product\/17020","targetHints":{"allow":["GET"]}}],"collection":[{"href":"https:\/\/para-pharmacity.tn\/index.php?rest_route=\/wp\/v2\/product"}],"about":[{"href":"https:\/\/para-pharmacity.tn\/index.php?rest_route=\/wp\/v2\/types\/product"}],"replies":[{"embeddable":true,"href":"https:\/\/para-pharmacity.tn\/index.php?rest_route=%2Fwp%2Fv2%2Fcomments&post=17020"}],"version-history":[{"count":2,"href":"https:\/\/para-pharmacity.tn\/index.php?rest_route=\/wp\/v2\/product\/17020\/revisions"}],"predecessor-version":[{"id":23731,"href":"https:\/\/para-pharmacity.tn\/index.php?rest_route=\/wp\/v2\/product\/17020\/revisions\/23731"}],"wp:featuredmedia":[{"embeddable":true,"href":"https:\/\/para-pharmacity.tn\/index.php?rest_route=\/wp\/v2\/media\/23729"}],"wp:attachment":[{"href":"https:\/\/para-pharmacity.tn\/index.php?rest_route=%2Fwp%2Fv2%2Fmedia&parent=17020"}],"wp:term":[{"taxonomy":"product_cat","embeddable":true,"href":"https:\/\/para-pharmacity.tn\/index.php?rest_route=%2Fwp%2Fv2%2Fproduct_cat&post=17020"},{"taxonomy":"product_tag","embeddable":true,"href":"https:\/\/para-pharmacity.tn\/index.php?rest_route=%2Fwp%2Fv2%2Fproduct_tag&post=17020"}],"curies":[{"name":"wp","href":"https:\/\/api.w.org\/{rel}","templated":true}]}}