{"id":17018,"date":"2024-07-10T23:00:39","date_gmt":"2024-07-10T23:00:39","guid":{"rendered":"https:\/\/para-pharmacity.tn\/?product=farmavans-vitastress-magnesium-300"},"modified":"2024-08-20T13:45:03","modified_gmt":"2024-08-20T13:45:03","slug":"farmavans-vitastress-magnesium-300","status":"publish","type":"product","link":"https:\/\/para-pharmacity.tn\/?product=farmavans-vitastress-magnesium-300","title":{"rendered":"FARMAVANS VITASTRESS MAGNESIUM 300"},"content":{"rendered":"<h3><span style=\"color: #ff0000\">ARMAVANS Vitastress Magn\u00e9sium 30g\u00e9l.<\/span><\/h3>\n<hr \/>\n<h4><span style=\"color: #70ad47\">Description\u00a0:<\/span><\/h4>\n<p>Est indiqu\u00e9 en cas de nervosit\u00e9, irritabilit\u00e9, anxi\u00e9t\u00e9 l\u00e9g\u00e8re, fatigue passag\u00e8re, troubles mineurs du sommeil, et manifestations d\u2019anxi\u00e9t\u00e9, telles que spasmes digestifs ou palpitations<\/p>\n<p>Association de l\u2019extrait brevet\u00e9 de Rhodiola rosea (Rhodiozen\u00ae), actif 100 % d\u2019origine v\u00e9g\u00e9tale qui aide l\u2019organisme \u00e0 s\u2019adapter pour am\u00e9liorer sa r\u00e9sistance au stress, de Magn\u00e9sium marin (Simag\u2122) et de vitamine B6 pour aider \u00e0 r\u00e9duire la fatigue.<\/p>\n<hr \/>\n<h4><span style=\"color: #70ad47\">Conseils d\u2019utilisation\u00a0:<\/span><\/h4>\n<p>Une \u00e0 deux g\u00e9lules le matin.<\/p>\n<hr \/>\n<h4><span style=\"color: #70ad47\">Composition\u00a0:<\/span><\/h4>\n<p>Extrait sec de Rhodiola Rosea L. standardis\u00e9 \u00e0 3% de rosavine et 1% de salidroside (brevet\u00e9 Rhodiozen\u00ae (100 mg), Simag\u2122, extrait min\u00e9ral marin naturel purifi\u00e9 (300 mg) fournissant une quantit\u00e9 de magn\u00e9sium \u00e9l\u00e9ment \u00e9quivalente \u00e0 165 mg, Vitamine B6 (2 mg). Excipients: Cellulose microcristalline, st\u00e9arate de Magn\u00e9sium, talc.<\/p>\n<hr \/>\n<p>L\u2019emballage et la composition peuvent \u00eatre soumis \u00e0 des variations par le fabricant. \u00a0Ma Caverne\u00a0Sant\u00e9 et bien-\u00eatre garantit l\u2019authenticit\u00e9 de tous ses produits. Ma Caverne Sant\u00e9 et bien-\u00eatre La meilleure parapharmacie en Tunisie.<\/p>\n","protected":false},"excerpt":{"rendered":"<p>Indiqu\u00e9 en cas de nervosit\u00e9, irritabilit\u00e9, anxi\u00e9t\u00e9 l\u00e9g\u00e8re, fatigue passag\u00e8re, troubles mineurs du sommeil, et manifestations d\u2019anxi\u00e9t\u00e9, telles que spasmes digestifs ou palpitations 30g\u00e9l<\/p>\n","protected":false},"featured_media":23721,"comment_status":"open","ping_status":"closed","template":"","meta":[],"product_cat":[20],"product_tag":[],"class_list":{"0":"post-17018","1":"product","2":"type-product","3":"status-publish","4":"has-post-thumbnail","6":"product_cat-accessories","8":"first","9":"instock","10":"shipping-taxable","11":"product-type-simple"},"jetpack_sharing_enabled":true,"_links":{"self":[{"href":"https:\/\/para-pharmacity.tn\/index.php?rest_route=\/wp\/v2\/product\/17018","targetHints":{"allow":["GET"]}}],"collection":[{"href":"https:\/\/para-pharmacity.tn\/index.php?rest_route=\/wp\/v2\/product"}],"about":[{"href":"https:\/\/para-pharmacity.tn\/index.php?rest_route=\/wp\/v2\/types\/product"}],"replies":[{"embeddable":true,"href":"https:\/\/para-pharmacity.tn\/index.php?rest_route=%2Fwp%2Fv2%2Fcomments&post=17018"}],"version-history":[{"count":2,"href":"https:\/\/para-pharmacity.tn\/index.php?rest_route=\/wp\/v2\/product\/17018\/revisions"}],"predecessor-version":[{"id":23722,"href":"https:\/\/para-pharmacity.tn\/index.php?rest_route=\/wp\/v2\/product\/17018\/revisions\/23722"}],"wp:featuredmedia":[{"embeddable":true,"href":"https:\/\/para-pharmacity.tn\/index.php?rest_route=\/wp\/v2\/media\/23721"}],"wp:attachment":[{"href":"https:\/\/para-pharmacity.tn\/index.php?rest_route=%2Fwp%2Fv2%2Fmedia&parent=17018"}],"wp:term":[{"taxonomy":"product_cat","embeddable":true,"href":"https:\/\/para-pharmacity.tn\/index.php?rest_route=%2Fwp%2Fv2%2Fproduct_cat&post=17018"},{"taxonomy":"product_tag","embeddable":true,"href":"https:\/\/para-pharmacity.tn\/index.php?rest_route=%2Fwp%2Fv2%2Fproduct_tag&post=17018"}],"curies":[{"name":"wp","href":"https:\/\/api.w.org\/{rel}","templated":true}]}}