{"id":17014,"date":"2024-07-10T23:00:38","date_gmt":"2024-07-10T23:00:38","guid":{"rendered":"https:\/\/para-pharmacity.tn\/?product=farmavans-evazen-30-gelules"},"modified":"2024-08-20T13:23:16","modified_gmt":"2024-08-20T13:23:16","slug":"farmavans-evazen-30-gelules","status":"publish","type":"product","link":"https:\/\/para-pharmacity.tn\/?product=farmavans-evazen-30-gelules","title":{"rendered":"FARMAVANS EVAZEN 30 GELULES"},"content":{"rendered":"<p><b>FARMAVANS EVAZEN 30 Gelules <\/b><\/p>\n<p>FARMAVANS EVAZEN est votre alli\u00e9 pour une relaxation profonde. Cette formule unique contient un extrait standardis\u00e9 de houblon, reconnu pour ses propri\u00e9t\u00e9s apaisantes.<\/p>\n<p>L&rsquo;extrait standardis\u00e9 de houblon, soigneusement s\u00e9lectionn\u00e9 pour sa qualit\u00e9 exceptionnelle, agit en douceur sur votre corps et votre esprit. Il favorise la d\u00e9tente en apaisant les tensions, ce qui vous permet de vous sentir plus calme et plus d\u00e9tendu.<\/p>\n<div><b>Composition :\u00a0<\/b><\/div>\n<div><\/div>\n<div>\n<p><span class=\"fontstyle0\">Extrait de c\u00f4nes de houblon,\u00a0<\/span><span class=\"fontstyle2\">Humulus lupulus L.\u00a0<\/span><span class=\"fontstyle0\">standardis\u00e9 \u00e0 0,3% de rutine (100 mg). Excipients: Cellulose microcristalline, st\u00e9arate de Magn\u00e9sium, talc.<\/span><\/p>\n<\/div>\n<div><span class=\"fontstyle0\"><b>Conseils d&rsquo;utilisation :\u00a0<\/b><\/span><\/div>\n<div>\n<div><\/div>\n<div>Une \u00e0 deux g\u00e9lules de FARMAVANS EVAZEN\u00a0par jour.<\/div>\n<\/div>\n","protected":false},"excerpt":{"rendered":"<p>FARMAVANS EVAZEN, \u00e0 base de houblon, favorise une relaxation profonde en apaisant les tensions pour une sensation de calme et de d\u00e9tente<\/p>\n","protected":false},"featured_media":23714,"comment_status":"open","ping_status":"closed","template":"","meta":[],"product_cat":[20],"product_tag":[],"class_list":{"0":"post-17014","1":"product","2":"type-product","3":"status-publish","4":"has-post-thumbnail","6":"product_cat-accessories","8":"first","9":"instock","10":"shipping-taxable","11":"product-type-simple"},"jetpack_sharing_enabled":true,"_links":{"self":[{"href":"https:\/\/para-pharmacity.tn\/index.php?rest_route=\/wp\/v2\/product\/17014","targetHints":{"allow":["GET"]}}],"collection":[{"href":"https:\/\/para-pharmacity.tn\/index.php?rest_route=\/wp\/v2\/product"}],"about":[{"href":"https:\/\/para-pharmacity.tn\/index.php?rest_route=\/wp\/v2\/types\/product"}],"replies":[{"embeddable":true,"href":"https:\/\/para-pharmacity.tn\/index.php?rest_route=%2Fwp%2Fv2%2Fcomments&post=17014"}],"version-history":[{"count":2,"href":"https:\/\/para-pharmacity.tn\/index.php?rest_route=\/wp\/v2\/product\/17014\/revisions"}],"predecessor-version":[{"id":23716,"href":"https:\/\/para-pharmacity.tn\/index.php?rest_route=\/wp\/v2\/product\/17014\/revisions\/23716"}],"wp:featuredmedia":[{"embeddable":true,"href":"https:\/\/para-pharmacity.tn\/index.php?rest_route=\/wp\/v2\/media\/23714"}],"wp:attachment":[{"href":"https:\/\/para-pharmacity.tn\/index.php?rest_route=%2Fwp%2Fv2%2Fmedia&parent=17014"}],"wp:term":[{"taxonomy":"product_cat","embeddable":true,"href":"https:\/\/para-pharmacity.tn\/index.php?rest_route=%2Fwp%2Fv2%2Fproduct_cat&post=17014"},{"taxonomy":"product_tag","embeddable":true,"href":"https:\/\/para-pharmacity.tn\/index.php?rest_route=%2Fwp%2Fv2%2Fproduct_tag&post=17014"}],"curies":[{"name":"wp","href":"https:\/\/api.w.org\/{rel}","templated":true}]}}