{"id":17009,"date":"2024-07-10T23:00:35","date_gmt":"2024-07-10T23:00:35","guid":{"rendered":"https:\/\/para-pharmacity.tn\/?product=farmavans-dormel-bte-20"},"modified":"2024-08-20T13:05:49","modified_gmt":"2024-08-20T13:05:49","slug":"farmavans-dormel-bte-20","status":"publish","type":"product","link":"https:\/\/para-pharmacity.tn\/?product=farmavans-dormel-bte-20","title":{"rendered":"FARMAVANS DORMEL BTE 20"},"content":{"rendered":"<h3><span style=\"color: #ff0000\">FARMAVANS Dormel Bt20<\/span><\/h3>\n<hr \/>\n<h4><span style=\"color: #70ad47\">Description\u00a0:<\/span><\/h4>\n<p>Troubles du sommeil.<\/p>\n<p>DORMEL poss\u00e8de les propri\u00e9t\u00e9s suivantes :<\/p>\n<ul>\n<li>Facilite l\u2019endormissement.<\/li>\n<\/ul>\n<hr \/>\n<h4><span style=\"color: #70ad47\">Conseils d\u2019utilisation\u00a0:<\/span><\/h4>\n<p>Une \u00e0 deux g\u00e9lules, une heure avant le coucher.<\/p>\n<hr \/>\n<h4><span style=\"color: #70ad47\">Composition\u00a0:<\/span><\/h4>\n<p>M\u00e9latonin 1 mg<\/p>\n<p>Extrait sec de Valeriana Officinalis standardis\u00e9 \u00e0 0,8% d\u2019acide val\u00e9rianique.<\/p>\n<p>Humulus lupulus L. standardis\u00e9 \u00e0 0,3% de rutine.<\/p>\n<hr \/>\n<p>L\u2019emballage et la composition peuvent \u00eatre soumis \u00e0 des variations par le fabricant. \u00a0Ma Caverne\u00a0Sant\u00e9 et bien-\u00eatre garantit l\u2019authenticit\u00e9 de tous ses produits. Ma Caverne Sant\u00e9 et bien-\u00eatre La meilleure parapharmacie en Tunisie.<\/p>\n","protected":false},"excerpt":{"rendered":"<p>Troubles du sommeil.<br \/>\nDORMEL poss\u00e8de les propri\u00e9t\u00e9s suivantes\u00a0:<\/p>\n<ul>\n<li>Facilite l\u2019endormissement.<\/li>\n<li>Am\u00e9liore la qualit\u00e9 du sommeil.<\/li>\n<\/ul>\n<p>Contenance: 20 g\u00e9lules<\/p>\n","protected":false},"featured_media":23706,"comment_status":"open","ping_status":"closed","template":"","meta":[],"product_cat":[20],"product_tag":[],"class_list":{"0":"post-17009","1":"product","2":"type-product","3":"status-publish","4":"has-post-thumbnail","6":"product_cat-accessories","8":"first","9":"instock","10":"shipping-taxable","11":"product-type-simple"},"jetpack_sharing_enabled":true,"_links":{"self":[{"href":"https:\/\/para-pharmacity.tn\/index.php?rest_route=\/wp\/v2\/product\/17009","targetHints":{"allow":["GET"]}}],"collection":[{"href":"https:\/\/para-pharmacity.tn\/index.php?rest_route=\/wp\/v2\/product"}],"about":[{"href":"https:\/\/para-pharmacity.tn\/index.php?rest_route=\/wp\/v2\/types\/product"}],"replies":[{"embeddable":true,"href":"https:\/\/para-pharmacity.tn\/index.php?rest_route=%2Fwp%2Fv2%2Fcomments&post=17009"}],"version-history":[{"count":2,"href":"https:\/\/para-pharmacity.tn\/index.php?rest_route=\/wp\/v2\/product\/17009\/revisions"}],"predecessor-version":[{"id":23709,"href":"https:\/\/para-pharmacity.tn\/index.php?rest_route=\/wp\/v2\/product\/17009\/revisions\/23709"}],"wp:featuredmedia":[{"embeddable":true,"href":"https:\/\/para-pharmacity.tn\/index.php?rest_route=\/wp\/v2\/media\/23706"}],"wp:attachment":[{"href":"https:\/\/para-pharmacity.tn\/index.php?rest_route=%2Fwp%2Fv2%2Fmedia&parent=17009"}],"wp:term":[{"taxonomy":"product_cat","embeddable":true,"href":"https:\/\/para-pharmacity.tn\/index.php?rest_route=%2Fwp%2Fv2%2Fproduct_cat&post=17009"},{"taxonomy":"product_tag","embeddable":true,"href":"https:\/\/para-pharmacity.tn\/index.php?rest_route=%2Fwp%2Fv2%2Fproduct_tag&post=17009"}],"curies":[{"name":"wp","href":"https:\/\/api.w.org\/{rel}","templated":true}]}}