{"id":17008,"date":"2024-07-10T23:00:34","date_gmt":"2024-07-10T23:00:34","guid":{"rendered":"https:\/\/para-pharmacity.tn\/?product=farlin-ciseau"},"modified":"2024-08-20T12:58:57","modified_gmt":"2024-08-20T12:58:57","slug":"farlin-ciseau","status":"publish","type":"product","link":"https:\/\/para-pharmacity.tn\/?product=farlin-ciseau","title":{"rendered":"FARLIN CISEAU"},"content":{"rendered":"<ul>\n<li>Lame de coupe qui est fine et court est juste convenable aux petits ongles du b\u00e9b\u00e9.<\/li>\n<li>Permettent de voir clairement les \u00a0ongles, pour \u00e9viter le danger de blesser le doigt du b\u00e9b\u00e9<\/li>\n<li>La couverture de protection est comprise pour prot\u00e9ger les ciseaux hors usage.<\/li>\n<li>Mati\u00e8res : Lame de coupe : Inox sp\u00e9cialement trait\u00e9<\/li>\n<li>Couverture de protection : Acrylique<\/li>\n<li>Dimension : 7 x 6 cm<\/li>\n<li>Age recommand\u00e9 : 0- 1 an<\/li>\n<\/ul>\n","protected":false},"excerpt":{"rendered":"<p>Ciseaux Farlin de s\u00e9curit\u00e9 avec une lame fine et courte pour b\u00e9b\u00e9 Sp\u00e9cialement convenables aux b\u00e9b\u00e9s moins de 12 mois et dont les ongles ne sont pas encore m\u00fbrs&#8230;La forme con\u00e7ue du manche est facile \u00e0 tenir et \u00e0 bien fonctionner.<\/p>\n","protected":false},"featured_media":23703,"comment_status":"open","ping_status":"closed","template":"","meta":[],"product_cat":[20],"product_tag":[],"class_list":{"0":"post-17008","1":"product","2":"type-product","3":"status-publish","4":"has-post-thumbnail","6":"product_cat-accessories","8":"first","9":"instock","10":"shipping-taxable","11":"product-type-simple"},"jetpack_sharing_enabled":true,"_links":{"self":[{"href":"https:\/\/para-pharmacity.tn\/index.php?rest_route=\/wp\/v2\/product\/17008","targetHints":{"allow":["GET"]}}],"collection":[{"href":"https:\/\/para-pharmacity.tn\/index.php?rest_route=\/wp\/v2\/product"}],"about":[{"href":"https:\/\/para-pharmacity.tn\/index.php?rest_route=\/wp\/v2\/types\/product"}],"replies":[{"embeddable":true,"href":"https:\/\/para-pharmacity.tn\/index.php?rest_route=%2Fwp%2Fv2%2Fcomments&post=17008"}],"version-history":[{"count":2,"href":"https:\/\/para-pharmacity.tn\/index.php?rest_route=\/wp\/v2\/product\/17008\/revisions"}],"predecessor-version":[{"id":23704,"href":"https:\/\/para-pharmacity.tn\/index.php?rest_route=\/wp\/v2\/product\/17008\/revisions\/23704"}],"wp:featuredmedia":[{"embeddable":true,"href":"https:\/\/para-pharmacity.tn\/index.php?rest_route=\/wp\/v2\/media\/23703"}],"wp:attachment":[{"href":"https:\/\/para-pharmacity.tn\/index.php?rest_route=%2Fwp%2Fv2%2Fmedia&parent=17008"}],"wp:term":[{"taxonomy":"product_cat","embeddable":true,"href":"https:\/\/para-pharmacity.tn\/index.php?rest_route=%2Fwp%2Fv2%2Fproduct_cat&post=17008"},{"taxonomy":"product_tag","embeddable":true,"href":"https:\/\/para-pharmacity.tn\/index.php?rest_route=%2Fwp%2Fv2%2Fproduct_tag&post=17008"}],"curies":[{"name":"wp","href":"https:\/\/api.w.org\/{rel}","templated":true}]}}