{"id":17005,"date":"2024-07-10T23:00:33","date_gmt":"2024-07-10T23:00:33","guid":{"rendered":"https:\/\/para-pharmacity.tn\/?product=exfoliac-nc-gel"},"modified":"2024-08-20T12:42:02","modified_gmt":"2024-08-20T12:42:02","slug":"exfoliac-nc-gel","status":"publish","type":"product","link":"https:\/\/para-pharmacity.tn\/?product=exfoliac-nc-gel","title":{"rendered":"EXFOLIAC NC GEL"},"content":{"rendered":"<h2><strong>NOREVA EXFOLIAC NC GEL SOIN LOCAL, 30ml:<\/strong><\/h2>\n<div>\n<p>Une gamme compl\u00e8te de produits d\u2019hygi\u00e8ne, de soins traitants et de soins compl\u00e9mentaires pour exfolier, purifier et r\u00e9guler les peaux jeunes \u00e0 imperfections.<\/p>\n<\/div>\n<div>Contenance:\u00a0<span class=\"text--smaller\">30ml<\/span><\/div>\n<div>\n<div class=\"specifications\"><strong>Exfoliac NC Gel 30 ml<\/strong>\u00a0\u00e0 base de Niacinamide (NC ou Nicotinamide) limite l\u2019apparition des boutons et favorise leur \u00e9limination.<br \/>\nDe texture fluide et non grasse, facile et agr\u00e9able \u00e0 utiliser.<\/div>\n<h2>Conseil d\u2019utilisation<\/h2>\n<div class=\"specifications\">\n<div class=\"tabcontent\">\n<div>\n<div id=\"type_info_prio_6_1\">Au minimum 1 \u00e0 2 fois par jour sur les boutons.<\/div>\n<div><span class=\"bold\">Indication<\/span>\u00a0:\u00a0<span id=\"type_info_prio_6_2_1\">Soin local des peaux \u00e0 imperfections.<\/span><\/div>\n<\/div>\n<\/div>\n<\/div>\n<h2>Composition<\/h2>\n<div class=\"specifications\">AQUA (WATER), ALCOHOL, LAURETH-12, NIACINAMIDE, MAGNESIUM ALUMINUM SILICATE, HYDROXYPROPYL METHYLCELLULOSE, CITRIC ACID.<\/div>\n<\/div>\n","protected":false},"excerpt":{"rendered":"<p>Noreva Exfoliac NC Gel 30ml, \u00e0 base de Niacinamide, limite et \u00e9limine les boutons. Sa texture fluide, non grasse, est facile \u00e0 utiliser. Appliquer 1 \u00e0 2 fois par jour sur les imperfections. Convient aux peaux jeunes \u00e0 imperfections.<\/p>\n","protected":false},"featured_media":23696,"comment_status":"open","ping_status":"closed","template":"","meta":[],"product_cat":[20],"product_tag":[],"class_list":{"0":"post-17005","1":"product","2":"type-product","3":"status-publish","4":"has-post-thumbnail","6":"product_cat-accessories","8":"first","9":"instock","10":"shipping-taxable","11":"product-type-simple"},"jetpack_sharing_enabled":true,"_links":{"self":[{"href":"https:\/\/para-pharmacity.tn\/index.php?rest_route=\/wp\/v2\/product\/17005","targetHints":{"allow":["GET"]}}],"collection":[{"href":"https:\/\/para-pharmacity.tn\/index.php?rest_route=\/wp\/v2\/product"}],"about":[{"href":"https:\/\/para-pharmacity.tn\/index.php?rest_route=\/wp\/v2\/types\/product"}],"replies":[{"embeddable":true,"href":"https:\/\/para-pharmacity.tn\/index.php?rest_route=%2Fwp%2Fv2%2Fcomments&post=17005"}],"version-history":[{"count":3,"href":"https:\/\/para-pharmacity.tn\/index.php?rest_route=\/wp\/v2\/product\/17005\/revisions"}],"predecessor-version":[{"id":23697,"href":"https:\/\/para-pharmacity.tn\/index.php?rest_route=\/wp\/v2\/product\/17005\/revisions\/23697"}],"wp:featuredmedia":[{"embeddable":true,"href":"https:\/\/para-pharmacity.tn\/index.php?rest_route=\/wp\/v2\/media\/23696"}],"wp:attachment":[{"href":"https:\/\/para-pharmacity.tn\/index.php?rest_route=%2Fwp%2Fv2%2Fmedia&parent=17005"}],"wp:term":[{"taxonomy":"product_cat","embeddable":true,"href":"https:\/\/para-pharmacity.tn\/index.php?rest_route=%2Fwp%2Fv2%2Fproduct_cat&post=17005"},{"taxonomy":"product_tag","embeddable":true,"href":"https:\/\/para-pharmacity.tn\/index.php?rest_route=%2Fwp%2Fv2%2Fproduct_tag&post=17005"}],"curies":[{"name":"wp","href":"https:\/\/api.w.org\/{rel}","templated":true}]}}