{"id":17004,"date":"2024-07-10T23:00:33","date_gmt":"2024-07-10T23:00:33","guid":{"rendered":"https:\/\/para-pharmacity.tn\/?product=exfoliac-mat-et-pore-30ml"},"modified":"2024-08-20T12:10:27","modified_gmt":"2024-08-20T12:10:27","slug":"exfoliac-mat-et-pore-30ml","status":"publish","type":"product","link":"https:\/\/para-pharmacity.tn\/?product=exfoliac-mat-et-pore-30ml","title":{"rendered":"EXFOLIAC MAT ET PORE 30ML"},"content":{"rendered":"<p><b>NOREVA EXFOLIAC Mat &amp; Pore Soin Matifiant 30ML<\/b><\/p>\n<p>NOREVA EXFOLIAC Mat &amp; Pore est une formule sp\u00e9cialement adapt\u00e9e aux peaux grasses et aux pores dilat\u00e9s.<\/p>\n<p>Exfoliac Mat &amp; Pore, une formule novatrice pour resserrer les pores, lisser et matifier la peau en un seul geste. Son effet peeling doux permet de purifier la peau et de favoriser le renouvellement cellulaire tout en pr\u00e9servant l\u2019hydratation cutan\u00e9e.<\/p>\n<p>Une efficacit\u00e9 test\u00e9e sur les peaux \u00e0 imperfections :<\/p>\n<ul>\n<li>90% peau plus lisse<\/li>\n<li>86% resserre les pores<\/li>\n<li>81% peau matifi\u00e9e<\/li>\n<\/ul>\n<p>NOREVA EXFOLIAC Mat &amp; Pore poss\u00e8de une formule innovante avec des micro-\u00e9ponges pour matifier et r\u00e9guler la production de s\u00e9bum, des BHA (acide salicylique) et des AHA (lactate d\u2019ammonium et acide mand\u00e9lique) pour un effet peeling doux. En plus de tout \u00e7a, le complexe bardane-zinc-biotine qui permet de r\u00e9guler la production de s\u00e9bum.<\/p>\n<ul>\n<li>\u00a0Trio d\u2019actifs s\u00e9bor\u00e9gulateur<\/li>\n<li>\u00a0D\u00e9licatement parfum\u00e9<\/li>\n<li>\u00a0Effet peeling doux<\/li>\n<li>\u00a0Peau plus lumineuse<\/li>\n<\/ul>\n<p><span style=\"color: #000000\"><b>Composition :<\/b><\/span><\/p>\n<p>AQUA (WATER), BUTYLENE GLYCOL, AMMONIUM LACTATE, C-12\/15 ALKYL BENZOATE, MANDELIC ACID, METHYL METHACRYLATE CROSSPOLYMER, PENTYLENE GLYCOL, ARACHIDYL ALCOHOL, BEHENYL ALCOHOL, CETYL LACTATE, UNDECANE, PEG-100 STEARATE, GLYCERYL STEARATE, SALICYLIC ACID, ARACHIDYL GLUCOSIDE, TRIDECANE, SODIUM HYDROXIDE, CETYL ALCOHOL, PARFUM (FRAGRANCE), ARCTIUM MAJUS ROOT EXTRACT, LACTIC ACID, XANTHAN GUM, CHLORPHENESIN, ZINC SULFATE, BIOTIN, TOCOPHEROL.<\/p>\n<p><b><span style=\"color: #ffffff\"><span style=\"color: #000000\">Conseils d&rsquo;utilisatio<\/span>n :\u00a0<\/span><\/b><\/p>\n<ul>\n<li>Appliquer EXFOLIAC Mat &amp; Pore matin et soir sur l\u2019ensemble du visage pr\u00e9alablement nettoy\u00e9.<\/li>\n<li>Eviter le contact avec les yeux. Eviter toute exposition au soleil apr\u00e8s application.<\/li>\n<\/ul>\n","protected":false},"excerpt":{"rendered":"<p>La formule d\u2019EXFOLIAC Mat &amp; Pore Soin matifiant est sp\u00e9cialement adapt\u00e9e aux peaux grasses et aux pores dilat\u00e9s.<\/p>\n","protected":false},"featured_media":23689,"comment_status":"open","ping_status":"closed","template":"","meta":[],"product_cat":[20],"product_tag":[],"class_list":{"0":"post-17004","1":"product","2":"type-product","3":"status-publish","4":"has-post-thumbnail","6":"product_cat-accessories","8":"first","9":"instock","10":"shipping-taxable","11":"product-type-simple"},"jetpack_sharing_enabled":true,"_links":{"self":[{"href":"https:\/\/para-pharmacity.tn\/index.php?rest_route=\/wp\/v2\/product\/17004","targetHints":{"allow":["GET"]}}],"collection":[{"href":"https:\/\/para-pharmacity.tn\/index.php?rest_route=\/wp\/v2\/product"}],"about":[{"href":"https:\/\/para-pharmacity.tn\/index.php?rest_route=\/wp\/v2\/types\/product"}],"replies":[{"embeddable":true,"href":"https:\/\/para-pharmacity.tn\/index.php?rest_route=%2Fwp%2Fv2%2Fcomments&post=17004"}],"version-history":[{"count":2,"href":"https:\/\/para-pharmacity.tn\/index.php?rest_route=\/wp\/v2\/product\/17004\/revisions"}],"predecessor-version":[{"id":23688,"href":"https:\/\/para-pharmacity.tn\/index.php?rest_route=\/wp\/v2\/product\/17004\/revisions\/23688"}],"wp:featuredmedia":[{"embeddable":true,"href":"https:\/\/para-pharmacity.tn\/index.php?rest_route=\/wp\/v2\/media\/23689"}],"wp:attachment":[{"href":"https:\/\/para-pharmacity.tn\/index.php?rest_route=%2Fwp%2Fv2%2Fmedia&parent=17004"}],"wp:term":[{"taxonomy":"product_cat","embeddable":true,"href":"https:\/\/para-pharmacity.tn\/index.php?rest_route=%2Fwp%2Fv2%2Fproduct_cat&post=17004"},{"taxonomy":"product_tag","embeddable":true,"href":"https:\/\/para-pharmacity.tn\/index.php?rest_route=%2Fwp%2Fv2%2Fproduct_tag&post=17004"}],"curies":[{"name":"wp","href":"https:\/\/api.w.org\/{rel}","templated":true}]}}