{"id":17003,"date":"2024-07-10T23:00:32","date_gmt":"2024-07-10T23:00:32","guid":{"rendered":"https:\/\/para-pharmacity.tn\/?product=exfoliac-lotion-125-ml"},"modified":"2024-08-20T12:04:04","modified_gmt":"2024-08-20T12:04:04","slug":"exfoliac-lotion-125-ml","status":"publish","type":"product","link":"https:\/\/para-pharmacity.tn\/?product=exfoliac-lotion-125-ml","title":{"rendered":"EXFOLIAC LOTION 125 ML"},"content":{"rendered":"<p><strong>Description :<\/strong><\/p>\n<div class=\"specifications\">\n<div class=\"tabcontent\">\n<div>\n<div id=\"type_info_prio_11_1\">Exfoliac Lotion 125 ml a \u00e9t\u00e9 formul\u00e9e pour le soin quotidien des peaux \u00e0 tendance acn\u00e9ique mod\u00e9r\u00e9e \u00e0 install\u00e9e du visage et des surfaces \u00e9tendues. Hautement concentr\u00e9e en AHA, elle aide \u00e0 lutter contre les imperfections, r\u00e9\u00e9quilibre et assainit votre peau. Les AHA agissent sur le fonctionnement des cellules de l&rsquo;\u00e9piderme. Le sel de zinc lutte contre l&rsquo;exc\u00e8s de s\u00e9bum et matifie. L&rsquo;am\u00e9lioration est visible d\u00e8s le premier mois, votre peau ne brille plus, elle redevient progressivement lisse et nette.<\/div>\n<\/div>\n<\/div>\n<\/div>\n<p><strong>Conseils d&rsquo;utilisation :<\/strong><\/p>\n<div class=\"specifications\">\n<p>Appliquez \u00e0 l&rsquo;aide d&rsquo;un coton, 1 \u00e0 2 fois par jour, sur une peau nettoy\u00e9e et s\u00e9ch\u00e9e.<\/p>\n<div class=\"tabcontent\">\n<div>\n<div id=\"type_info_prio_6_1\">Appliquer matin et soir \u00e0 l&rsquo;aide d&rsquo;un coton sur les zones \u00e0 probl\u00e8mes (visage, surfaces \u00e9tendues) pr\u00e9alablement nettoy\u00e9es et s\u00e9ch\u00e9es.<br \/>\nLa pr\u00e9sence d&rsquo;AHA peut parfois entra\u00eener de l\u00e9gers picotements en d\u00e9but de soin.<strong>Pr\u00e9cautions d&#8217;emploi :<\/strong><br \/>\nNe convient pas aux enfants de moins de 3 ans.<br \/>\nNe pas appliquer sur les paupi\u00e8res et les muqueuses.<\/div>\n<div><span class=\"bold\">Indication<\/span>\u00a0:\u00a0<span id=\"type_info_prio_6_2_1\">Peaux jeunes \u00e0 tendance acn\u00e9ique mod\u00e9r\u00e9e \u00e0 install\u00e9e, sp\u00e9cial surfaces \u00e9tendues et zones pileuses. Pili incarnati (pseudo-folliculite de la barbe).<\/span><\/div>\n<\/div>\n<\/div>\n<\/div>\n<p><strong>Composition :<\/strong><\/p>\n<div class=\"specifications\">\n<div>\n<p>AHA + BHA :<br \/>\nAgissent sur les l\u00e9sions r\u00e9tentionnelles.<br \/>\nFacilitent la repousse des poils.<br \/>\nAident \u00e0 lutter contre les points noirs et les boutons.<br \/>\nZinc : lutte contre l\u2019exc\u00e8s de s\u00e9bum et matifie.<br \/>\nGlyc\u00e9rine : r\u00e9\u00e9quilibre et assainit l\u2019\u00e9piderme.<\/p>\n<p>Sans paraben<\/p>\n<\/div>\n<\/div>\n","protected":false},"excerpt":{"rendered":"<div>\n<p>Exfoliac Lotion\u00a0a \u00e9t\u00e9 formul\u00e9e pour le soin quotidien des peaux \u00e0 tendance acn\u00e9ique mod\u00e9r\u00e9e \u00e0 install\u00e9e du visage et des surfaces \u00e9tendues,\u00a0purifier et r\u00e9guler les peaux jeunes \u00e0 imperfections.<\/p>\n<\/div>\n<div>Contenance:\u00a0<span class=\"text--smaller\">125ml<\/span><\/div>\n","protected":false},"featured_media":23685,"comment_status":"open","ping_status":"closed","template":"","meta":[],"product_cat":[20],"product_tag":[],"class_list":{"0":"post-17003","1":"product","2":"type-product","3":"status-publish","4":"has-post-thumbnail","6":"product_cat-accessories","8":"first","9":"instock","10":"shipping-taxable","11":"product-type-simple"},"jetpack_sharing_enabled":true,"_links":{"self":[{"href":"https:\/\/para-pharmacity.tn\/index.php?rest_route=\/wp\/v2\/product\/17003","targetHints":{"allow":["GET"]}}],"collection":[{"href":"https:\/\/para-pharmacity.tn\/index.php?rest_route=\/wp\/v2\/product"}],"about":[{"href":"https:\/\/para-pharmacity.tn\/index.php?rest_route=\/wp\/v2\/types\/product"}],"replies":[{"embeddable":true,"href":"https:\/\/para-pharmacity.tn\/index.php?rest_route=%2Fwp%2Fv2%2Fcomments&post=17003"}],"version-history":[{"count":4,"href":"https:\/\/para-pharmacity.tn\/index.php?rest_route=\/wp\/v2\/product\/17003\/revisions"}],"predecessor-version":[{"id":23687,"href":"https:\/\/para-pharmacity.tn\/index.php?rest_route=\/wp\/v2\/product\/17003\/revisions\/23687"}],"wp:featuredmedia":[{"embeddable":true,"href":"https:\/\/para-pharmacity.tn\/index.php?rest_route=\/wp\/v2\/media\/23685"}],"wp:attachment":[{"href":"https:\/\/para-pharmacity.tn\/index.php?rest_route=%2Fwp%2Fv2%2Fmedia&parent=17003"}],"wp:term":[{"taxonomy":"product_cat","embeddable":true,"href":"https:\/\/para-pharmacity.tn\/index.php?rest_route=%2Fwp%2Fv2%2Fproduct_cat&post=17003"},{"taxonomy":"product_tag","embeddable":true,"href":"https:\/\/para-pharmacity.tn\/index.php?rest_route=%2Fwp%2Fv2%2Fproduct_tag&post=17003"}],"curies":[{"name":"wp","href":"https:\/\/api.w.org\/{rel}","templated":true}]}}