{"id":17001,"date":"2024-07-10T23:00:32","date_gmt":"2024-07-10T23:00:32","guid":{"rendered":"https:\/\/para-pharmacity.tn\/?product=exfoliac-gommage-purifiant-50-ml"},"modified":"2024-08-20T11:51:46","modified_gmt":"2024-08-20T11:51:46","slug":"exfoliac-gommage-purifiant-50-ml","status":"publish","type":"product","link":"https:\/\/para-pharmacity.tn\/?product=exfoliac-gommage-purifiant-50-ml","title":{"rendered":"EXFOLIAC GOMMAGE PURIFIANT 50 ML"},"content":{"rendered":"<div class=\"product-tabs\">\n<div class=\"title-border\">\n<h3 class=\"h2\">Description<\/h3>\n<\/div>\n<div class=\"std\">\n<p>\u00a0Sp\u00e9cifiquement formul\u00e9 pour gommer de mani\u00e8re imm\u00e9diate et prolong\u00e9e les impuret\u00e9s des peaux jeunes \u00e0 imperfections, Exfoliac\u00ae Gommage exfolie en profondeur, purifie durablement et nettoie en douceur l&rsquo;\u00e9piderme.<br \/>\nGr\u00e2ce \u00e0 ses microbilles exfoliantes, les cellules mortes et les impuret\u00e9s sont \u00e9limin\u00e9es.<br \/>\nLa peau est nette et purifi\u00e9e, et le visage retrouve douceur et souplesse.<\/p>\n<\/div>\n<\/div>\n<div class=\"product-tabs\">\n<div class=\"title-border\">\n<h3 class=\"h2\">Conseils d&rsquo;utilisation<\/h3>\n<\/div>\n<div class=\"std\">\n<p>Appliquer 2 \u00e0 3 fois par semaine en remplacement du Gel Moussant Exfoliac.<br \/>\nMasser doucement par mouvements circulaires.<br \/>\nRincer abondamment, s\u00e9cher sans frotter.<\/p>\n<\/div>\n<\/div>\n<div class=\"title-border\">\n<h3 class=\"h2\">Composition<\/h3>\n<\/div>\n<p>Formule INCI :\u00a0Aqua (Water), Bambusa Arundinacea Stem Extract, Glycolic Acid, Ammonium Lactate, Glycerin, Peg-40 Hydrogenated Castor Oil, Xanthan Gum, Synthetic Wax, Polysorbate 20, Sodium Hydroxide, 1-2 Hexanediol, Caprylyl Glycol, Parfum (Fragrance), Menthyl Lactate, Tetrasodium Edta, CI 77007 (Ultramarines), Limonene, Tropolone, Sodium Bicarbonate, Tocopherol.<\/p>\n","protected":false},"excerpt":{"rendered":"<p>Un gommage actif tout en douceur. Gommage double action :<br \/>\nNOREVA Exfoliac Gommage purifiant D\u00e9sincruste, nettoie et lisse Visage<br \/>\nPeaux \u00e0 imperfections<\/p>\n<p>Contenance: 50ml<\/p>\n","protected":false},"featured_media":23679,"comment_status":"open","ping_status":"closed","template":"","meta":[],"product_cat":[20],"product_tag":[],"class_list":{"0":"post-17001","1":"product","2":"type-product","3":"status-publish","4":"has-post-thumbnail","6":"product_cat-accessories","8":"first","9":"instock","10":"shipping-taxable","11":"product-type-simple"},"jetpack_sharing_enabled":true,"_links":{"self":[{"href":"https:\/\/para-pharmacity.tn\/index.php?rest_route=\/wp\/v2\/product\/17001","targetHints":{"allow":["GET"]}}],"collection":[{"href":"https:\/\/para-pharmacity.tn\/index.php?rest_route=\/wp\/v2\/product"}],"about":[{"href":"https:\/\/para-pharmacity.tn\/index.php?rest_route=\/wp\/v2\/types\/product"}],"replies":[{"embeddable":true,"href":"https:\/\/para-pharmacity.tn\/index.php?rest_route=%2Fwp%2Fv2%2Fcomments&post=17001"}],"version-history":[{"count":2,"href":"https:\/\/para-pharmacity.tn\/index.php?rest_route=\/wp\/v2\/product\/17001\/revisions"}],"predecessor-version":[{"id":23681,"href":"https:\/\/para-pharmacity.tn\/index.php?rest_route=\/wp\/v2\/product\/17001\/revisions\/23681"}],"wp:featuredmedia":[{"embeddable":true,"href":"https:\/\/para-pharmacity.tn\/index.php?rest_route=\/wp\/v2\/media\/23679"}],"wp:attachment":[{"href":"https:\/\/para-pharmacity.tn\/index.php?rest_route=%2Fwp%2Fv2%2Fmedia&parent=17001"}],"wp:term":[{"taxonomy":"product_cat","embeddable":true,"href":"https:\/\/para-pharmacity.tn\/index.php?rest_route=%2Fwp%2Fv2%2Fproduct_cat&post=17001"},{"taxonomy":"product_tag","embeddable":true,"href":"https:\/\/para-pharmacity.tn\/index.php?rest_route=%2Fwp%2Fv2%2Fproduct_tag&post=17001"}],"curies":[{"name":"wp","href":"https:\/\/api.w.org\/{rel}","templated":true}]}}