{"id":17000,"date":"2024-07-10T23:00:31","date_gmt":"2024-07-10T23:00:31","guid":{"rendered":"https:\/\/para-pharmacity.tn\/?product=exfoliac-global6gel-moussant"},"modified":"2024-08-20T11:47:28","modified_gmt":"2024-08-20T11:47:28","slug":"exfoliac-global6gel-moussant","status":"publish","type":"product","link":"https:\/\/para-pharmacity.tn\/?product=exfoliac-global6gel-moussant","title":{"rendered":"EXFOLIAC GLOBAL6+GEL MOUSSANT"},"content":{"rendered":"<h2>EXFOLIAC coffret GLOBAL 6+ GEL MOUSSANT<\/h2>\n<p><strong>ce coffret contient:<\/strong><\/p>\n<h3>EXFOLIAC GLOBAL6 SOIN TRAITANT 30ML :<\/h3>\n<p>Exfoliac Global 6 Soin Traitant est un soin anti-acn\u00e9ique haute tol\u00e9rance qui exfolie, corrige, et apaise les peaux \u00e0 imperfections mod\u00e9r\u00e9es \u00e0 s\u00e9v\u00e8res. Il r\u00e9gule le s\u00e9bum, pr\u00e9vient les cicatrices, et hydrate tout en matifiant. Sans paraben, non com\u00e9dog\u00e8ne<\/p>\n<p>&nbsp;<\/p>\n<h3>EXFOLIAC GEL MOUSSANT DOUX 250 ML:<\/h3>\n<p>Le\u00a0Gel Moussant Doux de la gamme Exfoliac de NOREVA\u00a0est id\u00e9al pour nettoyer en douceur tous les types de peaux \u00e0 tendance acn\u00e9ique m\u00eame les plus sensibles. Gr\u00e2ce \u00e0 sa formule au pH 5,3, enrichie au bardane, sauge et cresson, actifs reconnus pour leurs propri\u00e9t\u00e9s apaisantes, s\u00e9bor\u00e9gulatrices et assainissantes. Sa texture gel et son parfum frais au n\u00e9nuphar blanc font de son utilisation un moment agr\u00e9able.<\/p>\n","protected":false},"excerpt":{"rendered":"<p>GLOBAL6 :<\/p>\n<p>Exfoliac Global 6 Soin Traitant Imperfections S\u00e9v\u00e8res 30 ml est un soin anti-acn\u00e9ique haute tol\u00e9rance pour exfolier, corriger, lisser, matifier et apaiser les peaux ayant des imperfections mod\u00e9r\u00e9es \u00e0 s\u00e9v\u00e8res et sensibles.<\/p>\n<p>GEL MOUSSANT :<\/p>\n<p>Un<strong>\u00a0soin nettoyant<\/strong>\u00a0et\u00a0<strong>purifiant<\/strong>\u00a0pour<strong>\u00a0assainir<\/strong>\u00a0et\u00a0<strong>\u00e9liminer<\/strong>\u00a0les impuret\u00e9s du visage tout en\u00a0<strong>apaisant<\/strong>\u00a0tous les types de peaux m\u00eame les plus sensibles.<\/p>\n","protected":false},"featured_media":23677,"comment_status":"open","ping_status":"closed","template":"","meta":[],"product_cat":[20],"product_tag":[],"class_list":{"0":"post-17000","1":"product","2":"type-product","3":"status-publish","4":"has-post-thumbnail","6":"product_cat-accessories","8":"first","9":"instock","10":"shipping-taxable","11":"product-type-simple"},"jetpack_sharing_enabled":true,"_links":{"self":[{"href":"https:\/\/para-pharmacity.tn\/index.php?rest_route=\/wp\/v2\/product\/17000","targetHints":{"allow":["GET"]}}],"collection":[{"href":"https:\/\/para-pharmacity.tn\/index.php?rest_route=\/wp\/v2\/product"}],"about":[{"href":"https:\/\/para-pharmacity.tn\/index.php?rest_route=\/wp\/v2\/types\/product"}],"replies":[{"embeddable":true,"href":"https:\/\/para-pharmacity.tn\/index.php?rest_route=%2Fwp%2Fv2%2Fcomments&post=17000"}],"version-history":[{"count":2,"href":"https:\/\/para-pharmacity.tn\/index.php?rest_route=\/wp\/v2\/product\/17000\/revisions"}],"predecessor-version":[{"id":23678,"href":"https:\/\/para-pharmacity.tn\/index.php?rest_route=\/wp\/v2\/product\/17000\/revisions\/23678"}],"wp:featuredmedia":[{"embeddable":true,"href":"https:\/\/para-pharmacity.tn\/index.php?rest_route=\/wp\/v2\/media\/23677"}],"wp:attachment":[{"href":"https:\/\/para-pharmacity.tn\/index.php?rest_route=%2Fwp%2Fv2%2Fmedia&parent=17000"}],"wp:term":[{"taxonomy":"product_cat","embeddable":true,"href":"https:\/\/para-pharmacity.tn\/index.php?rest_route=%2Fwp%2Fv2%2Fproduct_cat&post=17000"},{"taxonomy":"product_tag","embeddable":true,"href":"https:\/\/para-pharmacity.tn\/index.php?rest_route=%2Fwp%2Fv2%2Fproduct_tag&post=17000"}],"curies":[{"name":"wp","href":"https:\/\/api.w.org\/{rel}","templated":true}]}}