{"id":16998,"date":"2024-07-10T23:00:31","date_gmt":"2024-07-10T23:00:31","guid":{"rendered":"https:\/\/para-pharmacity.tn\/?product=exfoliac-gel-moussant-doux-250-ml"},"modified":"2024-08-20T11:24:27","modified_gmt":"2024-08-20T11:24:27","slug":"exfoliac-gel-moussant-doux-250-ml","status":"publish","type":"product","link":"https:\/\/para-pharmacity.tn\/?product=exfoliac-gel-moussant-doux-250-ml","title":{"rendered":"EXFOLIAC GEL MOUSSANT DOUX 250 ML"},"content":{"rendered":"<p><strong>Description<\/strong><\/p>\n<p>Le\u00a0Gel Moussant Doux de la gamme Exfoliac de NOREVA\u00a0est id\u00e9al pour nettoyer en douceur tous les types de peaux \u00e0 tendance acn\u00e9ique m\u00eame les plus sensibles. Gr\u00e2ce \u00e0 sa formule au pH 5,3, enrichie au bardane, sauge et cresson, actifs reconnus pour leurs propri\u00e9t\u00e9s apaisantes, s\u00e9bor\u00e9gulatrices et assainissantes. Sa texture gel et son parfum frais au n\u00e9nuphar blanc font de son utilisation un moment agr\u00e9able.<\/p>\n<p><strong>Conseils d&rsquo;utilisation<\/strong><\/p>\n<p>Appliquer sur la peau humidifi\u00e9e, faire mousser, rincer abondamment. Peut \u00eatre utilis\u00e9 sur le corps.<\/p>\n","protected":false},"excerpt":{"rendered":"<p>Un<strong>\u00a0soin nettoyant<\/strong>\u00a0et\u00a0<strong>purifiant<\/strong>\u00a0pour<strong>\u00a0assainir<\/strong>\u00a0et\u00a0<strong>\u00e9liminer<\/strong>\u00a0les impuret\u00e9s du visage tout en\u00a0<strong>apaisant<\/strong>\u00a0tous les types de peaux m\u00eame les plus sensibles.<\/p>\n","protected":false},"featured_media":23667,"comment_status":"open","ping_status":"closed","template":"","meta":[],"product_cat":[20],"product_tag":[],"class_list":{"0":"post-16998","1":"product","2":"type-product","3":"status-publish","4":"has-post-thumbnail","6":"product_cat-accessories","8":"first","9":"instock","10":"shipping-taxable","11":"product-type-simple"},"jetpack_sharing_enabled":true,"_links":{"self":[{"href":"https:\/\/para-pharmacity.tn\/index.php?rest_route=\/wp\/v2\/product\/16998","targetHints":{"allow":["GET"]}}],"collection":[{"href":"https:\/\/para-pharmacity.tn\/index.php?rest_route=\/wp\/v2\/product"}],"about":[{"href":"https:\/\/para-pharmacity.tn\/index.php?rest_route=\/wp\/v2\/types\/product"}],"replies":[{"embeddable":true,"href":"https:\/\/para-pharmacity.tn\/index.php?rest_route=%2Fwp%2Fv2%2Fcomments&post=16998"}],"version-history":[{"count":2,"href":"https:\/\/para-pharmacity.tn\/index.php?rest_route=\/wp\/v2\/product\/16998\/revisions"}],"predecessor-version":[{"id":23669,"href":"https:\/\/para-pharmacity.tn\/index.php?rest_route=\/wp\/v2\/product\/16998\/revisions\/23669"}],"wp:featuredmedia":[{"embeddable":true,"href":"https:\/\/para-pharmacity.tn\/index.php?rest_route=\/wp\/v2\/media\/23667"}],"wp:attachment":[{"href":"https:\/\/para-pharmacity.tn\/index.php?rest_route=%2Fwp%2Fv2%2Fmedia&parent=16998"}],"wp:term":[{"taxonomy":"product_cat","embeddable":true,"href":"https:\/\/para-pharmacity.tn\/index.php?rest_route=%2Fwp%2Fv2%2Fproduct_cat&post=16998"},{"taxonomy":"product_tag","embeddable":true,"href":"https:\/\/para-pharmacity.tn\/index.php?rest_route=%2Fwp%2Fv2%2Fproduct_tag&post=16998"}],"curies":[{"name":"wp","href":"https:\/\/api.w.org\/{rel}","templated":true}]}}