{"id":16996,"date":"2024-07-10T23:00:30","date_gmt":"2024-07-10T23:00:30","guid":{"rendered":"https:\/\/para-pharmacity.tn\/?product=exfoliac-creme-reparatrice"},"modified":"2024-08-20T11:14:59","modified_gmt":"2024-08-20T11:14:59","slug":"exfoliac-creme-reparatrice","status":"publish","type":"product","link":"https:\/\/para-pharmacity.tn\/?product=exfoliac-creme-reparatrice","title":{"rendered":"EXFOLIAC CREME REPARATRICE"},"content":{"rendered":"<p><strong>NOREVA Exfoliac CR\u00c8ME R\u00c9PARATRICE 40ML<\/strong><\/p>\n<p>Noreva Exfloliac cr\u00e8me r\u00e9paratrice est d\u00e9velopp\u00e9e sp\u00e9cifiquement pour restaurer les peaux ass\u00e9ch\u00e9es par des traitements m\u00e9dicamenteux irritants.<\/p>\n<p>Noreva Exfoliac Cr\u00e8me r\u00e9paratrice apaise et hydrate intens\u00e9ment la peau du visage, lle r\u00e9pare le film hydro-lipidique et restaure la barri\u00e8re cutan\u00e9e.<\/p>\n<p>R\u00e9sultat : les sensations d\u2019irritation et de tiraillement sont imm\u00e9diatement supprim\u00e9es, procurant ainsi un confort et un apaisement instantan\u00e9s.<\/p>\n<p><u><strong>Composition:<\/strong><\/u><\/p>\n<ul>\n<li>Squalane + Cire d\u2019abeille + Beurre de karit\u00e9 : restaurent le film hydrolipidique.<\/li>\n<li>C\u00e9ramide II + A.G.E + Cholest\u00e9rol : r\u00e9parent la barri\u00e8re cutan\u00e9e et la fonction protectrice de l\u2019\u00e9piderme.<\/li>\n<li>Glyc\u00e9rine + Alpha Bisabolol : hydratation intense et action apaisante et anti-irritante.<\/li>\n<\/ul>\n<p><strong>NB : Excellente tol\u00e9rance,\u00a0Hypoallerg\u00e9nique,\u00a0\u00a0Non com\u00e9dog\u00e8ne<\/strong><\/p>\n<p>&nbsp;<\/p>\n<p><u><strong>Conseils d&rsquo;utilisation:<\/strong><\/u><\/p>\n<p>Il est indiqu\u00e9 d&rsquo;appliquer Exfoliac CR\u00c8ME R\u00c9PARATRICE 2 fois par jour ou plus sur une peau propre et s\u00e8che,apr\u00e8s traitement ou soin dermatologique.<\/p>\n","protected":false},"excerpt":{"rendered":"<p>Noreva Exfoliac Cr\u00e8me r\u00e9paratrice hydrate et apaise intens\u00e9ment la peau s\u00e8che, r\u00e9pare la barri\u00e8re cutan\u00e9e, et soulage imm\u00e9diatement les irritations et tiraillements.<\/p>\n","protected":false},"featured_media":23661,"comment_status":"open","ping_status":"closed","template":"","meta":[],"product_cat":[20],"product_tag":[],"class_list":{"0":"post-16996","1":"product","2":"type-product","3":"status-publish","4":"has-post-thumbnail","6":"product_cat-accessories","8":"first","9":"instock","10":"shipping-taxable","11":"product-type-simple"},"jetpack_sharing_enabled":true,"_links":{"self":[{"href":"https:\/\/para-pharmacity.tn\/index.php?rest_route=\/wp\/v2\/product\/16996","targetHints":{"allow":["GET"]}}],"collection":[{"href":"https:\/\/para-pharmacity.tn\/index.php?rest_route=\/wp\/v2\/product"}],"about":[{"href":"https:\/\/para-pharmacity.tn\/index.php?rest_route=\/wp\/v2\/types\/product"}],"replies":[{"embeddable":true,"href":"https:\/\/para-pharmacity.tn\/index.php?rest_route=%2Fwp%2Fv2%2Fcomments&post=16996"}],"version-history":[{"count":2,"href":"https:\/\/para-pharmacity.tn\/index.php?rest_route=\/wp\/v2\/product\/16996\/revisions"}],"predecessor-version":[{"id":23663,"href":"https:\/\/para-pharmacity.tn\/index.php?rest_route=\/wp\/v2\/product\/16996\/revisions\/23663"}],"wp:featuredmedia":[{"embeddable":true,"href":"https:\/\/para-pharmacity.tn\/index.php?rest_route=\/wp\/v2\/media\/23661"}],"wp:attachment":[{"href":"https:\/\/para-pharmacity.tn\/index.php?rest_route=%2Fwp%2Fv2%2Fmedia&parent=16996"}],"wp:term":[{"taxonomy":"product_cat","embeddable":true,"href":"https:\/\/para-pharmacity.tn\/index.php?rest_route=%2Fwp%2Fv2%2Fproduct_cat&post=16996"},{"taxonomy":"product_tag","embeddable":true,"href":"https:\/\/para-pharmacity.tn\/index.php?rest_route=%2Fwp%2Fv2%2Fproduct_tag&post=16996"}],"curies":[{"name":"wp","href":"https:\/\/api.w.org\/{rel}","templated":true}]}}