{"id":16994,"date":"2024-07-10T23:00:30","date_gmt":"2024-07-10T23:00:30","guid":{"rendered":"https:\/\/para-pharmacity.tn\/?product=excipial-u10-lpolotion-m"},"modified":"2024-08-20T11:03:56","modified_gmt":"2024-08-20T11:03:56","slug":"excipial-u10-lpolotion-m","status":"publish","type":"product","link":"https:\/\/para-pharmacity.tn\/?product=excipial-u10-lpolotion-m","title":{"rendered":"EXCIPIAL U10 LPOLOTION M"},"content":{"rendered":"<h2>Description<\/h2>\n<p>Cette \u00e9mulsion hydratante est sp\u00e9cialement con\u00e7ue pour soutenir la fonction de protection physiologique de la peau, emp\u00eacher le dess\u00e8chemenrt de la barri\u00e8re cutan\u00e9e ainsi que r\u00e9guler la teneur en lipides.<\/p>\n<p>Excipial U10 Lipolotion peut \u00eatre \u00e9galement utilis\u00e9e lors de maladies de la peau comme dermatite, psoriasis et autres.<\/p>\n<p>Compos\u00e9 \u00e0 base d&rsquo;ur\u00e9e, l&rsquo;\u00e9mulsion hydratante limite le dess\u00e8chement de la peau tout en calmant les d\u00e9mangeaisons.<\/p>\n<p>Compos\u00e9 \u00e9galement de d\u00e9riv\u00e9s de substances naturelles, la couleur de l&rsquo;\u00e9mulsion peut varier du blanc au rose p\u00e2le.<\/p>\n<h2>Conseils d&rsquo;utilisation<\/h2>\n<p>Appliquer sur les zones concern\u00e9es propres et s\u00e8ches.<\/p>\n<p>Masser jusqu&rsquo;\u00e0 p\u00e9n\u00e9tration.<\/p>\n<h2>Composition<\/h2>\n<p>Aqua,paraffinum liquidum,ur\u00e9e,Caprylic triglyceride,Dimethicone,Methoxy PEG-22 \/ Dodecyl glycol copolymer,Sodium lactate,PEG-7 hydrogenated castor oil,Sorbitan isostearate,PEG-2 hydrogenated castor oil,Ozokerite,Hydrogenated castor oil,Lactic acid,Methylparaben,Propylparaben.<\/p>\n","protected":false},"excerpt":{"rendered":"<p>Cette \u00e9mulsion hydratante est sp\u00e9cialement con\u00e7ue pour soutenir la fonction de protection physiologique de la peau, emp\u00eacher le dess\u00e8chemenrt de la barri\u00e8re cutan\u00e9e ainsi que r\u00e9guler la teneur en lipides.<\/p>\n","protected":false},"featured_media":23657,"comment_status":"open","ping_status":"closed","template":"","meta":[],"product_cat":[20],"product_tag":[],"class_list":{"0":"post-16994","1":"product","2":"type-product","3":"status-publish","4":"has-post-thumbnail","6":"product_cat-accessories","8":"first","9":"instock","10":"shipping-taxable","11":"product-type-simple"},"jetpack_sharing_enabled":true,"_links":{"self":[{"href":"https:\/\/para-pharmacity.tn\/index.php?rest_route=\/wp\/v2\/product\/16994","targetHints":{"allow":["GET"]}}],"collection":[{"href":"https:\/\/para-pharmacity.tn\/index.php?rest_route=\/wp\/v2\/product"}],"about":[{"href":"https:\/\/para-pharmacity.tn\/index.php?rest_route=\/wp\/v2\/types\/product"}],"replies":[{"embeddable":true,"href":"https:\/\/para-pharmacity.tn\/index.php?rest_route=%2Fwp%2Fv2%2Fcomments&post=16994"}],"version-history":[{"count":2,"href":"https:\/\/para-pharmacity.tn\/index.php?rest_route=\/wp\/v2\/product\/16994\/revisions"}],"predecessor-version":[{"id":23659,"href":"https:\/\/para-pharmacity.tn\/index.php?rest_route=\/wp\/v2\/product\/16994\/revisions\/23659"}],"wp:featuredmedia":[{"embeddable":true,"href":"https:\/\/para-pharmacity.tn\/index.php?rest_route=\/wp\/v2\/media\/23657"}],"wp:attachment":[{"href":"https:\/\/para-pharmacity.tn\/index.php?rest_route=%2Fwp%2Fv2%2Fmedia&parent=16994"}],"wp:term":[{"taxonomy":"product_cat","embeddable":true,"href":"https:\/\/para-pharmacity.tn\/index.php?rest_route=%2Fwp%2Fv2%2Fproduct_cat&post=16994"},{"taxonomy":"product_tag","embeddable":true,"href":"https:\/\/para-pharmacity.tn\/index.php?rest_route=%2Fwp%2Fv2%2Fproduct_tag&post=16994"}],"curies":[{"name":"wp","href":"https:\/\/api.w.org\/{rel}","templated":true}]}}