{"id":16993,"date":"2024-07-10T23:00:29","date_gmt":"2024-07-10T23:00:29","guid":{"rendered":"https:\/\/para-pharmacity.tn\/?product=excipial-u-lipolotion-4uree-200ml"},"modified":"2024-08-20T10:52:34","modified_gmt":"2024-08-20T10:52:34","slug":"excipial-u-lipolotion-4uree-200ml","status":"publish","type":"product","link":"https:\/\/para-pharmacity.tn\/?product=excipial-u-lipolotion-4uree-200ml","title":{"rendered":"EXCIPIAL U LIPOLOTION 4%UREE 200ML"},"content":{"rendered":"<p><b>EXCIPIAL U4 LIPOLOTION 200ML<\/b><\/p>\n<p>&nbsp;<\/p>\n<p>EXCIPIAL U4 LIPOLOTION est destine au :<\/p>\n<ul>\n<li>Traitement des x\u00e9roses<\/li>\n<li>En association aux traitements de la dermatite atopique et du psoriasis<\/li>\n<li>Utilisation quotidienne, seule ou en association avec des traitements m\u00e9dicamenteux<\/li>\n<li>Soin r\u00e9g\u00e9n\u00e9rateur de la peau s\u00e8che<\/li>\n<\/ul>\n<p>Enrichi en ur\u00e9e, hydratant naturel de la peau, EXCIPIAL U4 LIPOLOTION am\u00e9liore la fixation de l\u2019eau (70%) et favorise la restauration de l&rsquo;hydratation naturelle de la peau. Elle apporte des lipides (36%) qui constituent un film protecteur qui emp\u00eache le dess\u00e9chement de la peau et am\u00e9liore sa r\u00e9sistance, Diminue les d\u00e9mangeaisons, ne colle pas et p\u00e9n\u00e8tre la peau rapidement et R\u00e9sistant \u00e0 l\u2019eau.<\/p>\n<p><b><u>Conseils d&rsquo;utilisation :\u00a0<\/u><\/b><\/p>\n<ul>\n<li>Appliquer EXCIPIAL U4 LIPOLOTION1 \u00e0 2 fois par jour<\/li>\n<li>Utiliser de pr\u00e9f\u00e9rence sur une peau humide, apr\u00e8s le bain.<\/li>\n<\/ul>\n","protected":false},"excerpt":{"rendered":"<div class=\"woocommerce-product-details__short-description\">\n<ul class=\"list-color2\">\n<li>Enrichi en ur\u00e9e, hydratant naturel de la peau, il am\u00e9liore la fixation de l\u2019eau (70%) et favorise la restauration de l\u2019hydratation naturelle de la peau.<\/li>\n<li>Apporte des lipides (36%) qui constituent un film protecteur qui emp\u00eache le dess\u00e8chement de la peau et am\u00e9liore sa r\u00e9sistance.<\/li>\n<li>Diminue les d\u00e9mangeaisons.<\/li>\n<li>Ne colle pas et p\u00e9n\u00e8tre la peau rapidement.<\/li>\n<li>R\u00e9sistant \u00e0 l\u2019eau.<\/li>\n<\/ul>\n<\/div>\n","protected":false},"featured_media":23653,"comment_status":"open","ping_status":"closed","template":"","meta":[],"product_cat":[20],"product_tag":[],"class_list":{"0":"post-16993","1":"product","2":"type-product","3":"status-publish","4":"has-post-thumbnail","6":"product_cat-accessories","8":"first","9":"instock","10":"shipping-taxable","11":"product-type-simple"},"jetpack_sharing_enabled":true,"_links":{"self":[{"href":"https:\/\/para-pharmacity.tn\/index.php?rest_route=\/wp\/v2\/product\/16993","targetHints":{"allow":["GET"]}}],"collection":[{"href":"https:\/\/para-pharmacity.tn\/index.php?rest_route=\/wp\/v2\/product"}],"about":[{"href":"https:\/\/para-pharmacity.tn\/index.php?rest_route=\/wp\/v2\/types\/product"}],"replies":[{"embeddable":true,"href":"https:\/\/para-pharmacity.tn\/index.php?rest_route=%2Fwp%2Fv2%2Fcomments&post=16993"}],"version-history":[{"count":3,"href":"https:\/\/para-pharmacity.tn\/index.php?rest_route=\/wp\/v2\/product\/16993\/revisions"}],"predecessor-version":[{"id":23656,"href":"https:\/\/para-pharmacity.tn\/index.php?rest_route=\/wp\/v2\/product\/16993\/revisions\/23656"}],"wp:featuredmedia":[{"embeddable":true,"href":"https:\/\/para-pharmacity.tn\/index.php?rest_route=\/wp\/v2\/media\/23653"}],"wp:attachment":[{"href":"https:\/\/para-pharmacity.tn\/index.php?rest_route=%2Fwp%2Fv2%2Fmedia&parent=16993"}],"wp:term":[{"taxonomy":"product_cat","embeddable":true,"href":"https:\/\/para-pharmacity.tn\/index.php?rest_route=%2Fwp%2Fv2%2Fproduct_cat&post=16993"},{"taxonomy":"product_tag","embeddable":true,"href":"https:\/\/para-pharmacity.tn\/index.php?rest_route=%2Fwp%2Fv2%2Fproduct_tag&post=16993"}],"curies":[{"name":"wp","href":"https:\/\/api.w.org\/{rel}","templated":true}]}}