{"id":16991,"date":"2024-07-10T23:00:29","date_gmt":"2024-07-10T23:00:29","guid":{"rendered":"https:\/\/para-pharmacity.tn\/?product=excipial-repair-creme"},"modified":"2024-08-19T19:35:11","modified_gmt":"2024-08-19T19:35:11","slug":"excipial-repair-creme","status":"publish","type":"product","link":"https:\/\/para-pharmacity.tn\/?product=excipial-repair-creme","title":{"rendered":"EXCIPIAL REPAIR CREME"},"content":{"rendered":"<p><b>EXCIPIAL REPAIR CREME MAINS 50ML<\/b><\/p>\n<p><b><br \/>\n<\/b>EXCIPIAL REPAIR CREME MAINS est une cr\u00e8me de soin r\u00e9paratrice et r\u00e9g\u00e9n\u00e9ratrice, particuli\u00e8rement \u00e9fficace pour les mains fragilis\u00e9es par des agents nocifs ou par le froid<\/p>\n<p>Plus qu&rsquo;une cr\u00e8me hydratante pour les mains, Excipial Repair r\u00e9pare efficacement la peau alt\u00e9r\u00e9e des mains abim\u00e9es abim\u00e9es, irrit\u00e9es ou s\u00e8ches.<\/p>\n<p><b>Indications :\u00a0<\/b><\/p>\n<ul>\n<li>Cr\u00e8me de soin r\u00e9g\u00e9n\u00e9ratrice nourrissante pour les mains abim\u00e9es, irrit\u00e9es ou s\u00e8ches<\/li>\n<li>Pour un usage professionnel et familial<\/li>\n<\/ul>\n<p><b>Propri\u00e9t\u00e9s :<\/b><\/p>\n<ul>\n<li>Association synergique d\u2019actifs soigneusement s\u00e9lectionn\u00e9s acc\u00e9l\u00e9rateurs de la restructuration de la peau des mains abim\u00e9es.<\/li>\n<li>Enrichis en actifs hydratants et restructurant : huile d\u2019onagre, huile de cardamine, squalane, glyc\u00e9rine<\/li>\n<li>Texture non grasse, non collante, laisse les mains douces et soyeuses<\/li>\n<li>D\u00e9licatement parfum\u00e9e<\/li>\n<li>Sans paraben<\/li>\n<\/ul>\n<p><u><strong>Composition:<\/strong><\/u><\/p>\n<p>Aqua, Behenyl Alcohol, Glycerin, Oenothera Biennis Oil, Paraffinum Liquidum, Ethylhexyl Palmitate, Cetearyl Alcohol, Niacinamide, Panthenol, Squalane, Ceteth-10, Steareth-20, Dimethicone, Glycine Soja Oil, Tocopherol, Disodium EDTA, Parfum, Polyaminopropyl Biguanide, Sodium Hydroxide.<\/p>\n<div><\/div>\n<p><u><strong>Conseils d&rsquo;utilisation:<\/strong><\/u><\/p>\n<ul>\n<li>Appliquer EXCIPIAL REPAIR\u00a0le soir, apr\u00e8s un nettoyage soigneux des mains avec Excipial Clean<\/li>\n<li>EXCIPIAL REPAIR s&rsquo;utilise \u00e9galement en journ\u00e9e pour le soin des mains s\u00e8ches, lorsqu\u2019une cr\u00e8me bari\u00e8re (Excipial Protect) n\u2019est pas n\u00e9cessaire.<\/li>\n<\/ul>\n","protected":false},"excerpt":{"rendered":"<p>CR\u00c8ME R\u00c9G\u00c9N\u00c9RATRICE POUR LES MAINS Excipial Repair est une cr\u00e8me de soin r\u00e9paratrice et r\u00e9g\u00e9n\u00e9ratrice, particuli\u00e8rement \u00e9fficace pour les mains fragilis\u00e9es par des agents nocifs ou par le froid<\/p>\n","protected":false},"featured_media":23646,"comment_status":"open","ping_status":"closed","template":"","meta":[],"product_cat":[20],"product_tag":[],"class_list":{"0":"post-16991","1":"product","2":"type-product","3":"status-publish","4":"has-post-thumbnail","6":"product_cat-accessories","8":"first","9":"instock","10":"shipping-taxable","11":"product-type-simple"},"jetpack_sharing_enabled":true,"_links":{"self":[{"href":"https:\/\/para-pharmacity.tn\/index.php?rest_route=\/wp\/v2\/product\/16991","targetHints":{"allow":["GET"]}}],"collection":[{"href":"https:\/\/para-pharmacity.tn\/index.php?rest_route=\/wp\/v2\/product"}],"about":[{"href":"https:\/\/para-pharmacity.tn\/index.php?rest_route=\/wp\/v2\/types\/product"}],"replies":[{"embeddable":true,"href":"https:\/\/para-pharmacity.tn\/index.php?rest_route=%2Fwp%2Fv2%2Fcomments&post=16991"}],"version-history":[{"count":2,"href":"https:\/\/para-pharmacity.tn\/index.php?rest_route=\/wp\/v2\/product\/16991\/revisions"}],"predecessor-version":[{"id":23647,"href":"https:\/\/para-pharmacity.tn\/index.php?rest_route=\/wp\/v2\/product\/16991\/revisions\/23647"}],"wp:featuredmedia":[{"embeddable":true,"href":"https:\/\/para-pharmacity.tn\/index.php?rest_route=\/wp\/v2\/media\/23646"}],"wp:attachment":[{"href":"https:\/\/para-pharmacity.tn\/index.php?rest_route=%2Fwp%2Fv2%2Fmedia&parent=16991"}],"wp:term":[{"taxonomy":"product_cat","embeddable":true,"href":"https:\/\/para-pharmacity.tn\/index.php?rest_route=%2Fwp%2Fv2%2Fproduct_cat&post=16991"},{"taxonomy":"product_tag","embeddable":true,"href":"https:\/\/para-pharmacity.tn\/index.php?rest_route=%2Fwp%2Fv2%2Fproduct_tag&post=16991"}],"curies":[{"name":"wp","href":"https:\/\/api.w.org\/{rel}","templated":true}]}}