{"id":16990,"date":"2024-07-10T23:00:28","date_gmt":"2024-07-10T23:00:28","guid":{"rendered":"https:\/\/para-pharmacity.tn\/?product=excipial-pruri-lotion"},"modified":"2024-08-19T19:23:09","modified_gmt":"2024-08-19T19:23:09","slug":"excipial-pruri-lotion","status":"publish","type":"product","link":"https:\/\/para-pharmacity.tn\/?product=excipial-pruri-lotion","title":{"rendered":"EXCIPIAL PRURI LOTION"},"content":{"rendered":"<p><strong>Description :<\/strong><\/p>\n<p>EXCIPIAL PRURI LOTION de SPIRIG est une lotion destin\u00e9e pour les peaux s\u00e8ches et prurigineuses suite aux signes de l\u00e2ge ou aux conditions climatiques. Elle apaise et lutte contre les prurits. Renfermant du menthol, de la glyc\u00e9rine et des huiles v\u00e9g\u00e9tales, EXCIPIAL PRURI LOTION combat efficacement les d\u00e9mangeaisons d\u00e8s le premi\u00e8res apparitions. Elle hydrate votre peau et lui procure \u00e9lasticit\u00e9 et souplesse. Ce soin peut \u00eatre utilis\u00e9 une \u00e0 plusieurs fois par jour.<\/p>\n<p><strong>Conseils d&rsquo;utilisation:<\/strong><\/p>\n<p>Appliquez EXCIPIAL PRURI LOTION une ou plusieurs fois par jour. Utilisez d\u00e8s les premiers signes de d\u00e9mangeaisons. N&rsquo;appliquez pas ce produit sur les zones qui ont \u00e9t\u00e9 gratt\u00e9es. Cette lotion peut \u00eatre utilis\u00e9e pendant la grossesse.<\/p>\n<p><strong>Composition :<\/strong><\/p>\n<p>Aqua Caprylic\/Capric Triglyceride Glycerin Dicaprylyl Carbonate Sucrose Stearate Dimethicone Glyceryl Stearate Citrate Menthol Cetearyl Alcohol Xanthan Gum Sodium Citrate Citric Acid Sodium Hydroxide Methylparaben Propylparaben Benzoic Acid.<\/p>\n","protected":false},"excerpt":{"rendered":"<p>EXCIPIAL PRURI LOTION de SPIRIG est une lotion destin\u00e9e pour les peaux s\u00e8ches et prurigineuses suite aux signes de l&rsquo;\u00e2ge ou aux conditions climatiques. Elle apaise et lutte contre les prurits.<\/p>\n","protected":false},"featured_media":23642,"comment_status":"open","ping_status":"closed","template":"","meta":[],"product_cat":[20],"product_tag":[],"class_list":{"0":"post-16990","1":"product","2":"type-product","3":"status-publish","4":"has-post-thumbnail","6":"product_cat-accessories","8":"first","9":"instock","10":"shipping-taxable","11":"product-type-simple"},"jetpack_sharing_enabled":true,"_links":{"self":[{"href":"https:\/\/para-pharmacity.tn\/index.php?rest_route=\/wp\/v2\/product\/16990","targetHints":{"allow":["GET"]}}],"collection":[{"href":"https:\/\/para-pharmacity.tn\/index.php?rest_route=\/wp\/v2\/product"}],"about":[{"href":"https:\/\/para-pharmacity.tn\/index.php?rest_route=\/wp\/v2\/types\/product"}],"replies":[{"embeddable":true,"href":"https:\/\/para-pharmacity.tn\/index.php?rest_route=%2Fwp%2Fv2%2Fcomments&post=16990"}],"version-history":[{"count":3,"href":"https:\/\/para-pharmacity.tn\/index.php?rest_route=\/wp\/v2\/product\/16990\/revisions"}],"predecessor-version":[{"id":23644,"href":"https:\/\/para-pharmacity.tn\/index.php?rest_route=\/wp\/v2\/product\/16990\/revisions\/23644"}],"wp:featuredmedia":[{"embeddable":true,"href":"https:\/\/para-pharmacity.tn\/index.php?rest_route=\/wp\/v2\/media\/23642"}],"wp:attachment":[{"href":"https:\/\/para-pharmacity.tn\/index.php?rest_route=%2Fwp%2Fv2%2Fmedia&parent=16990"}],"wp:term":[{"taxonomy":"product_cat","embeddable":true,"href":"https:\/\/para-pharmacity.tn\/index.php?rest_route=%2Fwp%2Fv2%2Fproduct_cat&post=16990"},{"taxonomy":"product_tag","embeddable":true,"href":"https:\/\/para-pharmacity.tn\/index.php?rest_route=%2Fwp%2Fv2%2Fproduct_tag&post=16990"}],"curies":[{"name":"wp","href":"https:\/\/api.w.org\/{rel}","templated":true}]}}