{"id":16989,"date":"2024-07-10T23:00:28","date_gmt":"2024-07-10T23:00:28","guid":{"rendered":"https:\/\/para-pharmacity.tn\/?product=excipial-kids-shamp-200ml"},"modified":"2024-08-19T19:13:11","modified_gmt":"2024-08-19T19:13:11","slug":"excipial-kids-shamp-200ml","status":"publish","type":"product","link":"https:\/\/para-pharmacity.tn\/?product=excipial-kids-shamp-200ml","title":{"rendered":"EXCIPIAL KIDS SHAMP 200ML"},"content":{"rendered":"<h3><span style=\"color: #ff0000\">GALDERMA Excipial Kids Shampoing 200ml<\/span><\/h3>\n<hr \/>\n<h4><span style=\"color: #70ad47\">Description\u00a0:<\/span><\/h4>\n<p>Excipial \u00ae shampoing enfants contient des tensioactifs tr\u00e8s doux et ne pique pas les yeux. En outre, le shampoing ne contient aucun colorant, sans parfum ni \u00e9mulsifiants PEG. Sym Calmin \u00ae apaise la peau rouge et d\u00e9mangeaisonsDexpanth\u00e9nol nourrit et hydrate r\u00e9g\u00e9n\u00e9r\u00e9esGlyc\u00e9rine hydratante intensiveParticuli\u00e8rement bien tol\u00e9r\u00e9 en raison de tensioactifs extr\u00eamement douxApaise le cuir chevelu par des ingr\u00e9dients hydratants. ne br\u00fble pas dans les yeuxRend les cheveux souples et faciles \u00e0 coifferLe distributeur de la pompe permet un dosage pr\u00e9cis de la quantit\u00e9 et donc un traitement \u00e9conomique Utilisation: Excipial enfants Shampoing est adapt\u00e9 \u00e0 une utilisation r\u00e9guli\u00e8re sur le cuir chevelu et les cheveux. Appliquer ce produit dans la douche ou dans la baignoire et de le distribuer le shampoing sur cheveux humides. En raison de sa pression beaucoup plus facile d&rsquo;\u00e9talement ne doit pas \u00eatre exerc\u00e9 pour laver les cheveux. Apr\u00e8s avoir lav\u00e9 le shampoing peut facilement \u00eatre rinc\u00e9 \u00e0 l&rsquo;eau ti\u00e8de. Les cheveux et le cuir chevelu devraient \u00eatre ensuite s\u00e9ch\u00e9es en douceur.<\/p>\n<hr \/>\n<p>L\u2019emballage et la composition peuvent \u00eatre soumis \u00e0 des variations par le fabricant. \u00a0Ma Caverne\u00a0Sant\u00e9 et bien-\u00eatre garantit l\u2019authenticit\u00e9 de tous ses produits. Ma Caverne Sant\u00e9 et bien-\u00eatre La meilleure parapharmacie en Tunisie.<\/p>\n","protected":false},"excerpt":{"rendered":"<p>Le doux Excipial b\u00e9b\u00e9 &amp;: enfants est adapt\u00e9 pour le nettoyage tr\u00e8s doux, le soin des cheveux secs et des d\u00e9mangeaisons du cuir chevelu Les ingr\u00e9dients actifs de soins apaisent le cuir chevelu<\/p>\n","protected":false},"featured_media":23637,"comment_status":"open","ping_status":"closed","template":"","meta":[],"product_cat":[20],"product_tag":[],"class_list":{"0":"post-16989","1":"product","2":"type-product","3":"status-publish","4":"has-post-thumbnail","6":"product_cat-accessories","8":"first","9":"instock","10":"shipping-taxable","11":"product-type-simple"},"jetpack_sharing_enabled":true,"_links":{"self":[{"href":"https:\/\/para-pharmacity.tn\/index.php?rest_route=\/wp\/v2\/product\/16989","targetHints":{"allow":["GET"]}}],"collection":[{"href":"https:\/\/para-pharmacity.tn\/index.php?rest_route=\/wp\/v2\/product"}],"about":[{"href":"https:\/\/para-pharmacity.tn\/index.php?rest_route=\/wp\/v2\/types\/product"}],"replies":[{"embeddable":true,"href":"https:\/\/para-pharmacity.tn\/index.php?rest_route=%2Fwp%2Fv2%2Fcomments&post=16989"}],"version-history":[{"count":2,"href":"https:\/\/para-pharmacity.tn\/index.php?rest_route=\/wp\/v2\/product\/16989\/revisions"}],"predecessor-version":[{"id":23640,"href":"https:\/\/para-pharmacity.tn\/index.php?rest_route=\/wp\/v2\/product\/16989\/revisions\/23640"}],"wp:featuredmedia":[{"embeddable":true,"href":"https:\/\/para-pharmacity.tn\/index.php?rest_route=\/wp\/v2\/media\/23637"}],"wp:attachment":[{"href":"https:\/\/para-pharmacity.tn\/index.php?rest_route=%2Fwp%2Fv2%2Fmedia&parent=16989"}],"wp:term":[{"taxonomy":"product_cat","embeddable":true,"href":"https:\/\/para-pharmacity.tn\/index.php?rest_route=%2Fwp%2Fv2%2Fproduct_cat&post=16989"},{"taxonomy":"product_tag","embeddable":true,"href":"https:\/\/para-pharmacity.tn\/index.php?rest_route=%2Fwp%2Fv2%2Fproduct_tag&post=16989"}],"curies":[{"name":"wp","href":"https:\/\/api.w.org\/{rel}","templated":true}]}}