{"id":16988,"date":"2024-07-10T23:00:28","date_gmt":"2024-07-10T23:00:28","guid":{"rendered":"https:\/\/para-pharmacity.tn\/?product=excipial-kids-mousse-lavante-250-ml"},"modified":"2024-08-19T19:07:39","modified_gmt":"2024-08-19T19:07:39","slug":"excipial-kids-mousse-lavante-250-ml","status":"publish","type":"product","link":"https:\/\/para-pharmacity.tn\/?product=excipial-kids-mousse-lavante-250-ml","title":{"rendered":"EXCIPIAL KIDS MOUSSE LAVANTE 250 ML"},"content":{"rendered":"<p><strong>DESCRIPTION :<\/strong><\/p>\n<p>La mousse lavante Excipial Kids est une solution de nettoyage innovante adapt\u00e9e \u00e0 la peau s\u00e8che et prurigineuse des b\u00e9b\u00e9s et des enfants, La peau est apais\u00e9e et hydrat\u00e9e d\u00e8s la phase de nettoyage.<\/p>\n<p><b>PROPRI\u00c9T\u00c9S<\/b><strong>\u00a0:<\/strong><\/p>\n<p>\u2022 La SymCalmin\u00ae apaise la peau rougie et prurigineuse<br \/>\n\u2022 Le dexpanth\u00e9nol soigne, hydrate et r\u00e9g\u00e9n\u00e8re<br \/>\n\u2022 La glyc\u00e9rine hydrate l peau intens\u00e9ment<br \/>\n\u2022 Particuli\u00e8rement bien tol\u00e9r\u00e9e gr\u00e2ce \u00e0 des tensioactifs extr\u00eamement doux<br \/>\n\u2022 Ne pique pas les yeux<\/p>\n<p><strong>INDICATIONS :<\/strong><\/p>\n<p>Excipial Kids Mousse Lavante est adapt\u00e9e \u00e0 une utilisation r\u00e9guli\u00e8re pour les mains, le visage et le corps, Peut \u00eatre appliqu\u00e9 sans pression gr\u00e2ce \u00e0 la texture de mousse l\u00e9g\u00e8re.<\/p>\n","protected":false},"excerpt":{"rendered":"<p>La mousse lavante Excipial Kids est une solution de nettoyage innovante adapt\u00e9e \u00e0 la peau s\u00e8che et prurigineuse des b\u00e9b\u00e9s et des enfants. La peau est apais\u00e9e et hydrat\u00e9e d\u00e8s la phase de nettoyage.<\/p>\n","protected":false},"featured_media":23633,"comment_status":"open","ping_status":"closed","template":"","meta":[],"product_cat":[20],"product_tag":[],"class_list":{"0":"post-16988","1":"product","2":"type-product","3":"status-publish","4":"has-post-thumbnail","6":"product_cat-accessories","8":"first","9":"instock","10":"shipping-taxable","11":"product-type-simple"},"jetpack_sharing_enabled":true,"_links":{"self":[{"href":"https:\/\/para-pharmacity.tn\/index.php?rest_route=\/wp\/v2\/product\/16988","targetHints":{"allow":["GET"]}}],"collection":[{"href":"https:\/\/para-pharmacity.tn\/index.php?rest_route=\/wp\/v2\/product"}],"about":[{"href":"https:\/\/para-pharmacity.tn\/index.php?rest_route=\/wp\/v2\/types\/product"}],"replies":[{"embeddable":true,"href":"https:\/\/para-pharmacity.tn\/index.php?rest_route=%2Fwp%2Fv2%2Fcomments&post=16988"}],"version-history":[{"count":2,"href":"https:\/\/para-pharmacity.tn\/index.php?rest_route=\/wp\/v2\/product\/16988\/revisions"}],"predecessor-version":[{"id":23635,"href":"https:\/\/para-pharmacity.tn\/index.php?rest_route=\/wp\/v2\/product\/16988\/revisions\/23635"}],"wp:featuredmedia":[{"embeddable":true,"href":"https:\/\/para-pharmacity.tn\/index.php?rest_route=\/wp\/v2\/media\/23633"}],"wp:attachment":[{"href":"https:\/\/para-pharmacity.tn\/index.php?rest_route=%2Fwp%2Fv2%2Fmedia&parent=16988"}],"wp:term":[{"taxonomy":"product_cat","embeddable":true,"href":"https:\/\/para-pharmacity.tn\/index.php?rest_route=%2Fwp%2Fv2%2Fproduct_cat&post=16988"},{"taxonomy":"product_tag","embeddable":true,"href":"https:\/\/para-pharmacity.tn\/index.php?rest_route=%2Fwp%2Fv2%2Fproduct_tag&post=16988"}],"curies":[{"name":"wp","href":"https:\/\/api.w.org\/{rel}","templated":true}]}}