{"id":16987,"date":"2024-07-10T23:00:28","date_gmt":"2024-07-10T23:00:28","guid":{"rendered":"https:\/\/para-pharmacity.tn\/?product=excipial-kids-mousse-apaisante-100"},"modified":"2024-08-19T19:02:28","modified_gmt":"2024-08-19T19:02:28","slug":"excipial-kids-mousse-apaisante-100","status":"publish","type":"product","link":"https:\/\/para-pharmacity.tn\/?product=excipial-kids-mousse-apaisante-100","title":{"rendered":"EXCIPIAL KIDS MOUSSE APAISANTE 100"},"content":{"rendered":"<h3><span style=\"color: #ff0000\">GALDERMA Excipial Kids Mousse 100ml<\/span><\/h3>\n<hr \/>\n<h4><span style=\"color: #70ad47\">Description\u00a0:<\/span><\/h4>\n<p>Efficacit\u00e9 clinique prouv\u00e9e chez le b\u00e9b\u00e9 et l&rsquo;enfant atopique Haute tol\u00e9rance Sans paraben Sans colorant Sans parfum Hypoallerg\u00e9nique Pour une utilisation en douceur sur la peau rouge et irrit\u00e9e &#8211; EXCIPIAL KIDS MOUSSE peut \u00eatre appliqu\u00e9 sans douleur sur la peau sensible et irrit\u00e9e gr\u00e2ce \u00e0 sa texture de mousse l\u00e9g\u00e8re &#8211; calme l&rsquo;inflammation de la peau &#8211; p\u00e9n\u00e8tre et apaise rapidement &#8211; s&rsquo;\u00e9tale facilement sans laisser de film gras &#8211; enrichi en polyhexanide qui \u00e9vite la prolif\u00e9ration bact\u00e9rienne<\/p>\n<hr \/>\n<h4><span style=\"color: #70ad47\">Conseils d\u2019utilisation\u00a0:<\/span><\/h4>\n<p>Appliquez SPIRIG Excipial Kids Mousse une \u00e0 2 fois par jour sans pression, par effleurement de la peau et laissez p\u00e9n\u00e9trer.<\/p>\n<hr \/>\n<h4><span style=\"color: #70ad47\">Composition\u00a0:<\/span><\/h4>\n<p>Association novatrice de trois ingr\u00e9dients importants: &#8211; SYMCALMIN extrait v\u00e9g\u00e9tal d&rsquo;avoine aux propri\u00e9t\u00e9s apaisantes &#8211; DEXAPANTHENOL vitamine B5 connue pour son pouvoir r\u00e9g\u00e9n\u00e9rant &#8211; GLYCERINE effet hydratant intensif et durable Ainsi les d\u00e9mangeaisons vont \u00eatre soulag\u00e9es ainsi que la rougeur de la peau. La peau va \u00eatre hydrat\u00e9e et r\u00e9g\u00e9n\u00e9r\u00e9e mais surtout prot\u00e9g\u00e9e<\/p>\n<hr \/>\n<p>L\u2019emballage et la composition peuvent \u00eatre soumis \u00e0 des variations par le fabricant. \u00a0Ma Caverne\u00a0Sant\u00e9 et bien-\u00eatre garantit l\u2019authenticit\u00e9 de tous ses produits. Ma Caverne Sant\u00e9 et bien-\u00eatre La meilleure parapharmacie en Tunisie.<\/p>\n","protected":false},"excerpt":{"rendered":"<p>Efficacit\u00e9 clinique prouv\u00e9e chez le b\u00e9b\u00e9 et l&rsquo;enfant atopique<\/p>\n","protected":false},"featured_media":23629,"comment_status":"open","ping_status":"closed","template":"","meta":[],"product_cat":[20],"product_tag":[],"class_list":{"0":"post-16987","1":"product","2":"type-product","3":"status-publish","4":"has-post-thumbnail","6":"product_cat-accessories","8":"first","9":"instock","10":"shipping-taxable","11":"product-type-simple"},"jetpack_sharing_enabled":true,"_links":{"self":[{"href":"https:\/\/para-pharmacity.tn\/index.php?rest_route=\/wp\/v2\/product\/16987","targetHints":{"allow":["GET"]}}],"collection":[{"href":"https:\/\/para-pharmacity.tn\/index.php?rest_route=\/wp\/v2\/product"}],"about":[{"href":"https:\/\/para-pharmacity.tn\/index.php?rest_route=\/wp\/v2\/types\/product"}],"replies":[{"embeddable":true,"href":"https:\/\/para-pharmacity.tn\/index.php?rest_route=%2Fwp%2Fv2%2Fcomments&post=16987"}],"version-history":[{"count":2,"href":"https:\/\/para-pharmacity.tn\/index.php?rest_route=\/wp\/v2\/product\/16987\/revisions"}],"predecessor-version":[{"id":23628,"href":"https:\/\/para-pharmacity.tn\/index.php?rest_route=\/wp\/v2\/product\/16987\/revisions\/23628"}],"wp:featuredmedia":[{"embeddable":true,"href":"https:\/\/para-pharmacity.tn\/index.php?rest_route=\/wp\/v2\/media\/23629"}],"wp:attachment":[{"href":"https:\/\/para-pharmacity.tn\/index.php?rest_route=%2Fwp%2Fv2%2Fmedia&parent=16987"}],"wp:term":[{"taxonomy":"product_cat","embeddable":true,"href":"https:\/\/para-pharmacity.tn\/index.php?rest_route=%2Fwp%2Fv2%2Fproduct_cat&post=16987"},{"taxonomy":"product_tag","embeddable":true,"href":"https:\/\/para-pharmacity.tn\/index.php?rest_route=%2Fwp%2Fv2%2Fproduct_tag&post=16987"}],"curies":[{"name":"wp","href":"https:\/\/api.w.org\/{rel}","templated":true}]}}