{"id":16986,"date":"2024-07-10T23:00:27","date_gmt":"2024-07-10T23:00:27","guid":{"rendered":"https:\/\/para-pharmacity.tn\/?product=excipial-kids-lotion-150-ml"},"modified":"2024-08-19T14:02:06","modified_gmt":"2024-08-19T14:02:06","slug":"excipial-kids-lotion-150-ml","status":"publish","type":"product","link":"https:\/\/para-pharmacity.tn\/?product=excipial-kids-lotion-150-ml","title":{"rendered":"EXCIPIAL KIDS LOTION 150 ML"},"content":{"rendered":"<h3><span style=\"color: #ff0000\">GALDERMA Excipial Kids Lotion 150ml<\/span><\/h3>\n<hr \/>\n<h4><span style=\"color: #70ad47\">Description\u00a0:<\/span><\/h4>\n<p>EXCIPIAL KIDS LOTION 150 ML est une association novatrice de trois ingr\u00e9dients importants: &#8211; SYMCALMIN extrait v\u00e9g\u00e9tal d&rsquo;avoine aux propri\u00e9t\u00e9s apaisantes &#8211; DEXAPANTHENOL vitamine B5 connue pour son pouvoir r\u00e9g\u00e9n\u00e9rant &#8211; GLYCERINE effet hydratant intensif et durable. Efficacit\u00e9 clinique prouv\u00e9e chez le b\u00e9b\u00e9 et l&rsquo;enfant atopique Haute tol\u00e9rance &#8211; Sans paraben &#8211; Sans colorant &#8211; Sans parfum &#8211; Hypoallerg\u00e9nique SPIRIG Excipial Kids Lotion p\u00e9n\u00e8tre rapidement. Les d\u00e9mangeaisons vont \u00eatre soulag\u00e9es ainsi que la rougeur de la peau. La peau va \u00eatre hydrat\u00e9e et r\u00e9g\u00e9n\u00e9r\u00e9e mais surtout prot\u00e9g\u00e9e<\/p>\n<hr \/>\n<h4><span style=\"color: #70ad47\">Conseils d\u2019utilisation\u00a0:<\/span><\/h4>\n<p>Pour une application quotidienne sur de grandes surfaces &#8211; EXCIPIAL KIDS est id\u00e9al pour une application quotidienne sur de grandes surfaces ACHETEZ \u00e9galement les produits des laboratoires SPIRIG<\/p>\n<hr \/>\n<h4><span style=\"color: #70ad47\">Composition\u00a0:<\/span><\/h4>\n<p>Aqua Glycerin Dicaprylyl Carbonate 9. 00 Cetearyl Isononanoate 7. 00 Octyldodecanol 7. 00 Pentylene Glycol Glyceryl Stearate Citrate 2. 00 Sucrose Stearate 2. 00 Tapioca Starch Panthenol Cetearyl Alcohol 0. 75 Butylene Glykol Carbomer Xanthan Gum Hydroxyphenyl Propamidobenzoic Acid Sodium Hydroxide Ascorbyl Palmitate<\/p>\n<hr \/>\n<p>L\u2019emballage et la composition peuvent \u00eatre soumis \u00e0 des variations par le fabricant. \u00a0Ma Caverne\u00a0Sant\u00e9 et bien-\u00eatre garantit l\u2019authenticit\u00e9 de tous ses produits. Ma Caverne Sant\u00e9 et bien-\u00eatre La meilleure parapharmacie en Tunisie.<\/p>\n","protected":false},"excerpt":{"rendered":"<p>Special care for dry to very dry and itchy baby skin. Exciial kids Locio is ideal for daily large-scale use.<\/p>\n","protected":false},"featured_media":23621,"comment_status":"open","ping_status":"closed","template":"","meta":[],"product_cat":[20],"product_tag":[],"class_list":{"0":"post-16986","1":"product","2":"type-product","3":"status-publish","4":"has-post-thumbnail","6":"product_cat-accessories","8":"first","9":"instock","10":"shipping-taxable","11":"product-type-simple"},"jetpack_sharing_enabled":true,"_links":{"self":[{"href":"https:\/\/para-pharmacity.tn\/index.php?rest_route=\/wp\/v2\/product\/16986","targetHints":{"allow":["GET"]}}],"collection":[{"href":"https:\/\/para-pharmacity.tn\/index.php?rest_route=\/wp\/v2\/product"}],"about":[{"href":"https:\/\/para-pharmacity.tn\/index.php?rest_route=\/wp\/v2\/types\/product"}],"replies":[{"embeddable":true,"href":"https:\/\/para-pharmacity.tn\/index.php?rest_route=%2Fwp%2Fv2%2Fcomments&post=16986"}],"version-history":[{"count":2,"href":"https:\/\/para-pharmacity.tn\/index.php?rest_route=\/wp\/v2\/product\/16986\/revisions"}],"predecessor-version":[{"id":23623,"href":"https:\/\/para-pharmacity.tn\/index.php?rest_route=\/wp\/v2\/product\/16986\/revisions\/23623"}],"wp:featuredmedia":[{"embeddable":true,"href":"https:\/\/para-pharmacity.tn\/index.php?rest_route=\/wp\/v2\/media\/23621"}],"wp:attachment":[{"href":"https:\/\/para-pharmacity.tn\/index.php?rest_route=%2Fwp%2Fv2%2Fmedia&parent=16986"}],"wp:term":[{"taxonomy":"product_cat","embeddable":true,"href":"https:\/\/para-pharmacity.tn\/index.php?rest_route=%2Fwp%2Fv2%2Fproduct_cat&post=16986"},{"taxonomy":"product_tag","embeddable":true,"href":"https:\/\/para-pharmacity.tn\/index.php?rest_route=%2Fwp%2Fv2%2Fproduct_tag&post=16986"}],"curies":[{"name":"wp","href":"https:\/\/api.w.org\/{rel}","templated":true}]}}