{"id":16983,"date":"2024-07-10T23:00:27","date_gmt":"2024-07-10T23:00:27","guid":{"rendered":"https:\/\/para-pharmacity.tn\/?product=excipial-deoforte"},"modified":"2024-08-19T13:44:06","modified_gmt":"2024-08-19T13:44:06","slug":"excipial-deoforte","status":"publish","type":"product","link":"https:\/\/para-pharmacity.tn\/?product=excipial-deoforte","title":{"rendered":"EXCIPIAL DEOFORTE"},"content":{"rendered":"<p>Excipial DeoForte est un soin anti-transpirant qui vise \u00e0 r\u00e9duire la transpiration, ainsi que la quantit\u00e9 de sueur s\u00e9cr\u00e9t\u00e9e par l\u2019organisme.<\/p>\n<p>Ce soin permet \u00e9galement de lutter contre les odeurs corporelles d\u00e9sagr\u00e9ables.<\/p>\n<hr \/>\n<p>&nbsp;<\/p>\n<h2><u><strong>Indications:<\/strong><\/u><\/h2>\n<p>Il est indiqu\u00e9 de l\u2019appliquer le soir sur une peau nettoy\u00e9e et non irrit\u00e9e.<\/p>\n<p><em>NB: En cas de forte transpiration, la cr\u00e8me peut \u00eatre utilis\u00e9e le matin et le soir.<\/em><\/p>\n<hr \/>\n<p>&nbsp;<\/p>\n<h2><u><strong>Ingr\u00e9dients:<\/strong><\/u><\/h2>\n<p>Paraffinum, Liquidum, Ethylhexyl, Aqua, Aluminum, Chlorohydrate, Alcohol, Glycerin, Palmitate, Distarch, Phosphate, Behenyl, Dimethicone, Ceteth-10, Cetearyl, Alcohol, Steareth-20, Parfum<\/p>\n","protected":false},"excerpt":{"rendered":"<p>Excipial DeoForte est un soin anti-transpirant qui vise \u00e0 r\u00e9duire la transpiration, ainsi que la quantit\u00e9 de sueur s\u00e9cr\u00e9t\u00e9e par l\u2019organisme.<\/p>\n","protected":false},"featured_media":23611,"comment_status":"open","ping_status":"closed","template":"","meta":[],"product_cat":[20],"product_tag":[],"class_list":{"0":"post-16983","1":"product","2":"type-product","3":"status-publish","4":"has-post-thumbnail","6":"product_cat-accessories","8":"first","9":"instock","10":"shipping-taxable","11":"product-type-simple"},"jetpack_sharing_enabled":true,"_links":{"self":[{"href":"https:\/\/para-pharmacity.tn\/index.php?rest_route=\/wp\/v2\/product\/16983","targetHints":{"allow":["GET"]}}],"collection":[{"href":"https:\/\/para-pharmacity.tn\/index.php?rest_route=\/wp\/v2\/product"}],"about":[{"href":"https:\/\/para-pharmacity.tn\/index.php?rest_route=\/wp\/v2\/types\/product"}],"replies":[{"embeddable":true,"href":"https:\/\/para-pharmacity.tn\/index.php?rest_route=%2Fwp%2Fv2%2Fcomments&post=16983"}],"version-history":[{"count":2,"href":"https:\/\/para-pharmacity.tn\/index.php?rest_route=\/wp\/v2\/product\/16983\/revisions"}],"predecessor-version":[{"id":23613,"href":"https:\/\/para-pharmacity.tn\/index.php?rest_route=\/wp\/v2\/product\/16983\/revisions\/23613"}],"wp:featuredmedia":[{"embeddable":true,"href":"https:\/\/para-pharmacity.tn\/index.php?rest_route=\/wp\/v2\/media\/23611"}],"wp:attachment":[{"href":"https:\/\/para-pharmacity.tn\/index.php?rest_route=%2Fwp%2Fv2%2Fmedia&parent=16983"}],"wp:term":[{"taxonomy":"product_cat","embeddable":true,"href":"https:\/\/para-pharmacity.tn\/index.php?rest_route=%2Fwp%2Fv2%2Fproduct_cat&post=16983"},{"taxonomy":"product_tag","embeddable":true,"href":"https:\/\/para-pharmacity.tn\/index.php?rest_route=%2Fwp%2Fv2%2Fproduct_tag&post=16983"}],"curies":[{"name":"wp","href":"https:\/\/api.w.org\/{rel}","templated":true}]}}