{"id":16981,"date":"2024-07-10T23:00:26","date_gmt":"2024-07-10T23:00:26","guid":{"rendered":"https:\/\/para-pharmacity.tn\/?product=excipial-coff-prot-repair-sen-50"},"modified":"2024-08-19T13:34:19","modified_gmt":"2024-08-19T13:34:19","slug":"excipial-coff-prot-repair-sen-50","status":"publish","type":"product","link":"https:\/\/para-pharmacity.tn\/?product=excipial-coff-prot-repair-sen-50","title":{"rendered":"EXCIPIAL COFF PROT+ REPAIR SEN- 50%"},"content":{"rendered":"<h2>Excipial coffret Protect + Repair sensitive<\/h2>\n<p><strong>ce coffret contient:<\/strong><\/p>\n<h3>Excipial Protect cr\u00e8me mains abim\u00e9s 50ml :<\/h3>\n<p>Excipial Protect est une cr\u00e8me protectrice qui prot\u00e8ge la peau des substances nocives solubles dans l\u2019eau telles que les d\u00e9tergents, les d\u00e9sinfectants, les lubrifiants r\u00e9frig\u00e9rants solubles dans l\u2019eau et contre l\u2019eau elle-m\u00eame. Le chlorhydrate d\u2019aluminium resserre les pores de la peau et emp\u00eache ainsi les substances irritantes de p\u00e9n\u00e9trer. Propri\u00e9t\u00e9s P\u00e9n\u00e8tre rapidement Ne laisse pas de traces sur les objets Sans parfum Apte au contact alimentaire.<\/p>\n<p>&nbsp;<\/p>\n<h3>Excipial Repair sensitive cr\u00e8me Mains 50 ml (avec remise\u00a0 50%) :<\/h3>\n<p>La cr\u00e8me Excipial\u00a0 Repair Sensitive SPIRIG permet les soins des mains tr\u00e8s s\u00e8ches, ou abim\u00e9es par les d\u00e9tergents, l\u2019eau ou le froid. Elle est enrichie en glyc\u00e9rine qui acc\u00e9l\u00e8re le processus de r\u00e9g\u00e9n\u00e9ration de la peau, en huile d\u2019onagre qui renforce la fonction barri\u00e8re de la peau, en huile de jojoba qui am\u00e9liore l\u2019\u00e9lasticit\u00e9 de la peau, et en vitamine B3, en dexpanthol. Excipial Repair Sensitive SPIRIG laisse la peau hydrat\u00e9e, douce et soyeuse.<\/p>\n","protected":false},"excerpt":{"rendered":"<p>Excipial protect : Pr\u00e9vention de l\u2019ecz\u00e9ma des mains, cr\u00e8me protectrice contre les effets nocifs de l\u2019eau, des d\u00e9sinfectants, des d\u00e9tergents, des teintures, etc<\/p>\n<p>Excipial repair : La cr\u00e8me Excipial Repair Sensitive permet les soins des mains tr\u00e8s s\u00e8ches, ou abim\u00e9es par les d\u00e9tergents, l\u2019eau ou le froid.<\/p>\n","protected":false},"featured_media":23609,"comment_status":"open","ping_status":"closed","template":"","meta":[],"product_cat":[20],"product_tag":[],"class_list":{"0":"post-16981","1":"product","2":"type-product","3":"status-publish","4":"has-post-thumbnail","6":"product_cat-accessories","8":"first","9":"instock","10":"shipping-taxable","11":"product-type-simple"},"jetpack_sharing_enabled":true,"_links":{"self":[{"href":"https:\/\/para-pharmacity.tn\/index.php?rest_route=\/wp\/v2\/product\/16981","targetHints":{"allow":["GET"]}}],"collection":[{"href":"https:\/\/para-pharmacity.tn\/index.php?rest_route=\/wp\/v2\/product"}],"about":[{"href":"https:\/\/para-pharmacity.tn\/index.php?rest_route=\/wp\/v2\/types\/product"}],"replies":[{"embeddable":true,"href":"https:\/\/para-pharmacity.tn\/index.php?rest_route=%2Fwp%2Fv2%2Fcomments&post=16981"}],"version-history":[{"count":2,"href":"https:\/\/para-pharmacity.tn\/index.php?rest_route=\/wp\/v2\/product\/16981\/revisions"}],"predecessor-version":[{"id":23610,"href":"https:\/\/para-pharmacity.tn\/index.php?rest_route=\/wp\/v2\/product\/16981\/revisions\/23610"}],"wp:featuredmedia":[{"embeddable":true,"href":"https:\/\/para-pharmacity.tn\/index.php?rest_route=\/wp\/v2\/media\/23609"}],"wp:attachment":[{"href":"https:\/\/para-pharmacity.tn\/index.php?rest_route=%2Fwp%2Fv2%2Fmedia&parent=16981"}],"wp:term":[{"taxonomy":"product_cat","embeddable":true,"href":"https:\/\/para-pharmacity.tn\/index.php?rest_route=%2Fwp%2Fv2%2Fproduct_cat&post=16981"},{"taxonomy":"product_tag","embeddable":true,"href":"https:\/\/para-pharmacity.tn\/index.php?rest_route=%2Fwp%2Fv2%2Fproduct_tag&post=16981"}],"curies":[{"name":"wp","href":"https:\/\/api.w.org\/{rel}","templated":true}]}}