{"id":16980,"date":"2024-07-10T23:00:26","date_gmt":"2024-07-10T23:00:26","guid":{"rendered":"https:\/\/para-pharmacity.tn\/?product=excipial-clean-500-ml"},"modified":"2024-08-19T13:26:29","modified_gmt":"2024-08-19T13:26:29","slug":"excipial-clean-500-ml","status":"publish","type":"product","link":"https:\/\/para-pharmacity.tn\/?product=excipial-clean-500-ml","title":{"rendered":"EXCIPIAL CLEAN 500 ML"},"content":{"rendered":"<h3><span style=\"color: #ff0000\">GALDERMA Excipial Clean Nettoyant Mains Et Corps Peaux S\u00e8ches 500ml<\/span><\/h3>\n<hr \/>\n<h4><span style=\"color: #70ad47\">Description\u00a0:<\/span><\/h4>\n<p>Soins des mainsPour la protection et le soin des mains qui travaillent. Parce que vos mains sont vos indispensables outils de travail, elles m\u00e9ritent soin et protection, c\u2019est pour cela que les Laboratoires Spirig ont d\u00e9velopp\u00e9 le concept Excipial PCR, une gamme compl\u00e8te de 3 produits con\u00e7us prot\u00e9ger, nettoyer et r\u00e9parer la peau de vos mains. Nettoyant doux pour les mains. Pour r\u00e9pondre au besoin d\u2019hygi\u00e8ne douce et efficace des mains, les Laboratoires Spirig ont \u00e9labor\u00e9 Excipial Clean un nettoyant doux, non irritant sp\u00e9cialement con\u00e7u pour un lavage fr\u00e9quent en douceur des mains irrit\u00e9es, sensibles et particuli\u00e8rement fragilis\u00e9es. Votre \u00ab\u00a0plus\u00a0\u00bb produit Excipial Clean laisse vos mains douces et soyeuses apr\u00e8s le lavage.<\/p>\n<hr \/>\n<h4><span style=\"color: #70ad47\">Indications :<\/span><\/h4>\n<p>\u2022Nettoyage et d\u00e9contamination des mains. \u2022Pour un usage fr\u00e9quent professionnel et familial. \u2022Convient aux mains irrit\u00e9es, sensibles, fragilis\u00e9es. Propri\u00e9t\u00e9s \u2022Compos\u00e9 de tensio-actifs haut de gamme soigneusement s\u00e9lectionn\u00e9s pour ne pas agresser ni dess\u00e9cher votre peau, m\u00eame en cas d\u2019utilisation fr\u00e9quente. \u2022Enrichi en sorbitol, hydratant naturel de choix. \u2022Favorise la restauration de l\u2019hydratation naturelle de la peau. \u2022Formule haute tol\u00e9rance: sans b\u00e9ta\u00efne, sans parfum, \u00e0 pH neutre.<\/p>\n<hr \/>\n<h4><span style=\"color: #70ad47\">Conseils d\u2019utilisation\u00a0:<\/span><\/h4>\n<p>\u2022 \u00c0 utiliser en remplacement de vos produits de lavage des mains, \u00e0 chaque fois que cela est n\u00e9cessaire. \u2022Avant l\u2019application de votre cr\u00e8me protectrice Excipial Protect.<\/p>\n<hr \/>\n<h4><span style=\"color: #70ad47\">Composition\u00a0:<\/span><\/h4>\n<p>aqua, decyl glucoside, disodium laureth sulfosuccinate, sodium cocoamphoacetate, laureth-11 carboxylic acid, peg-120 methyl glucose dioleate, laureth-2, sorbitol, phenoxyethanol, peg\/ppg-18\/18 dimethicone, sodium hydroxymethylglycinate, citric acid.<\/p>\n<hr \/>\n<p>L\u2019emballage et la composition peuvent \u00eatre soumis \u00e0 des variations par le fabricant. \u00a0Ma Caverne\u00a0Sant\u00e9 et bien-\u00eatre garantit l\u2019authenticit\u00e9 de tous ses produits. Ma Caverne Sant\u00e9 et bien-\u00eatre La meilleure parapharmacie en Tunisie.<\/p>\n","protected":false},"excerpt":{"rendered":"<p>Excipial Clean 500 ml est un nettoyant doux, non irritant sp\u00e9cialement con\u00e7u pour un lavage fr\u00e9quent en douceur du corps et des mains irrit\u00e9es<\/p>\n","protected":false},"featured_media":23603,"comment_status":"open","ping_status":"closed","template":"","meta":[],"product_cat":[20],"product_tag":[],"class_list":{"0":"post-16980","1":"product","2":"type-product","3":"status-publish","4":"has-post-thumbnail","6":"product_cat-accessories","8":"first","9":"instock","10":"shipping-taxable","11":"product-type-simple"},"jetpack_sharing_enabled":true,"_links":{"self":[{"href":"https:\/\/para-pharmacity.tn\/index.php?rest_route=\/wp\/v2\/product\/16980","targetHints":{"allow":["GET"]}}],"collection":[{"href":"https:\/\/para-pharmacity.tn\/index.php?rest_route=\/wp\/v2\/product"}],"about":[{"href":"https:\/\/para-pharmacity.tn\/index.php?rest_route=\/wp\/v2\/types\/product"}],"replies":[{"embeddable":true,"href":"https:\/\/para-pharmacity.tn\/index.php?rest_route=%2Fwp%2Fv2%2Fcomments&post=16980"}],"version-history":[{"count":2,"href":"https:\/\/para-pharmacity.tn\/index.php?rest_route=\/wp\/v2\/product\/16980\/revisions"}],"predecessor-version":[{"id":23607,"href":"https:\/\/para-pharmacity.tn\/index.php?rest_route=\/wp\/v2\/product\/16980\/revisions\/23607"}],"wp:featuredmedia":[{"embeddable":true,"href":"https:\/\/para-pharmacity.tn\/index.php?rest_route=\/wp\/v2\/media\/23603"}],"wp:attachment":[{"href":"https:\/\/para-pharmacity.tn\/index.php?rest_route=%2Fwp%2Fv2%2Fmedia&parent=16980"}],"wp:term":[{"taxonomy":"product_cat","embeddable":true,"href":"https:\/\/para-pharmacity.tn\/index.php?rest_route=%2Fwp%2Fv2%2Fproduct_cat&post=16980"},{"taxonomy":"product_tag","embeddable":true,"href":"https:\/\/para-pharmacity.tn\/index.php?rest_route=%2Fwp%2Fv2%2Fproduct_tag&post=16980"}],"curies":[{"name":"wp","href":"https:\/\/api.w.org\/{rel}","templated":true}]}}