{"id":16979,"date":"2024-07-10T23:00:23","date_gmt":"2024-07-10T23:00:23","guid":{"rendered":"https:\/\/para-pharmacity.tn\/?product=evony-alaise-9060-cm-30pcs"},"modified":"2024-08-19T13:15:47","modified_gmt":"2024-08-19T13:15:47","slug":"evony-alaise-9060-cm-30pcs","status":"publish","type":"product","link":"https:\/\/para-pharmacity.tn\/?product=evony-alaise-9060-cm-30pcs","title":{"rendered":"EVONY ALAISE 90*60 CM 30PCS"},"content":{"rendered":"<p>Al\u00e8se extra large, non absorbante, imperm\u00e9able r\u00e9siste aux liquides..<br \/>\n\u2013 Souple et doux au toucher.<br \/>\n\u2013 Extensible.<br \/>\n\u2013 R\u00e9sistant aux liquides.<br \/>\n\u2013 Faible glisse.<br \/>\n\u2013 Blanc opaque.<br \/>\n\u2013\u00a0Non st\u00e9rilisable.<\/p>\n<p>Dimensions :\u00a0 90 x\u00a0 60 cm.<\/p>\n","protected":false},"excerpt":{"rendered":"<p>Ce produit fait partie de notre gamme Evony , des consommables et du mat\u00e9riel sp\u00e9cialement adapt\u00e9s aux besoins quotidiens en mati\u00e9re de soin et de sant\u00e9.<\/p>\n","protected":false},"featured_media":23597,"comment_status":"open","ping_status":"closed","template":"","meta":[],"product_cat":[20],"product_tag":[],"class_list":{"0":"post-16979","1":"product","2":"type-product","3":"status-publish","4":"has-post-thumbnail","6":"product_cat-accessories","8":"first","9":"instock","10":"shipping-taxable","11":"product-type-simple"},"jetpack_sharing_enabled":true,"_links":{"self":[{"href":"https:\/\/para-pharmacity.tn\/index.php?rest_route=\/wp\/v2\/product\/16979","targetHints":{"allow":["GET"]}}],"collection":[{"href":"https:\/\/para-pharmacity.tn\/index.php?rest_route=\/wp\/v2\/product"}],"about":[{"href":"https:\/\/para-pharmacity.tn\/index.php?rest_route=\/wp\/v2\/types\/product"}],"replies":[{"embeddable":true,"href":"https:\/\/para-pharmacity.tn\/index.php?rest_route=%2Fwp%2Fv2%2Fcomments&post=16979"}],"version-history":[{"count":2,"href":"https:\/\/para-pharmacity.tn\/index.php?rest_route=\/wp\/v2\/product\/16979\/revisions"}],"predecessor-version":[{"id":23600,"href":"https:\/\/para-pharmacity.tn\/index.php?rest_route=\/wp\/v2\/product\/16979\/revisions\/23600"}],"wp:featuredmedia":[{"embeddable":true,"href":"https:\/\/para-pharmacity.tn\/index.php?rest_route=\/wp\/v2\/media\/23597"}],"wp:attachment":[{"href":"https:\/\/para-pharmacity.tn\/index.php?rest_route=%2Fwp%2Fv2%2Fmedia&parent=16979"}],"wp:term":[{"taxonomy":"product_cat","embeddable":true,"href":"https:\/\/para-pharmacity.tn\/index.php?rest_route=%2Fwp%2Fv2%2Fproduct_cat&post=16979"},{"taxonomy":"product_tag","embeddable":true,"href":"https:\/\/para-pharmacity.tn\/index.php?rest_route=%2Fwp%2Fv2%2Fproduct_tag&post=16979"}],"curies":[{"name":"wp","href":"https:\/\/api.w.org\/{rel}","templated":true}]}}