{"id":16977,"date":"2024-07-10T23:00:22","date_gmt":"2024-07-10T23:00:22","guid":{"rendered":"https:\/\/para-pharmacity.tn\/?product=esth-vaseline-sun-lait-apres-soleil"},"modified":"2024-08-19T12:40:48","modified_gmt":"2024-08-19T12:40:48","slug":"esth-vaseline-sun-lait-apres-soleil","status":"publish","type":"product","link":"https:\/\/para-pharmacity.tn\/?product=esth-vaseline-sun-lait-apres-soleil","title":{"rendered":"ESTH VASELINE SUN LAIT APRES SOLEIL"},"content":{"rendered":"<p>Apaise imm\u00e9diatement la peau apr\u00e8s une exposition prolong\u00e9e au soleil, il calme les rougeurs et r\u00e9duit les irritations provoqu\u00e9es par le soleil. Il aide \u00e0 r\u00e9parer la barri\u00e8re cutan\u00e9e et texture l\u00e9g\u00e8re et rafra\u00eechissante pour soulager la peau fragilis\u00e9e et procure une hydratation intense, assouplit la peau et la laisse douce et soyeuse.<\/p>\n","protected":false},"excerpt":{"rendered":"<div class=\"woocommerce-product-details__short-description\">\n<p>Apaise imm\u00e9diatement la peau apr\u00e8s une exposition prolong\u00e9e au soleil, il calme les rougeurs et r\u00e9duit les irritations provoqu\u00e9es par le soleil.<\/p>\n<\/div>\n","protected":false},"featured_media":23590,"comment_status":"open","ping_status":"closed","template":"","meta":[],"product_cat":[20],"product_tag":[],"class_list":{"0":"post-16977","1":"product","2":"type-product","3":"status-publish","4":"has-post-thumbnail","6":"product_cat-accessories","8":"first","9":"instock","10":"shipping-taxable","11":"product-type-simple"},"jetpack_sharing_enabled":true,"_links":{"self":[{"href":"https:\/\/para-pharmacity.tn\/index.php?rest_route=\/wp\/v2\/product\/16977","targetHints":{"allow":["GET"]}}],"collection":[{"href":"https:\/\/para-pharmacity.tn\/index.php?rest_route=\/wp\/v2\/product"}],"about":[{"href":"https:\/\/para-pharmacity.tn\/index.php?rest_route=\/wp\/v2\/types\/product"}],"replies":[{"embeddable":true,"href":"https:\/\/para-pharmacity.tn\/index.php?rest_route=%2Fwp%2Fv2%2Fcomments&post=16977"}],"version-history":[{"count":2,"href":"https:\/\/para-pharmacity.tn\/index.php?rest_route=\/wp\/v2\/product\/16977\/revisions"}],"predecessor-version":[{"id":23592,"href":"https:\/\/para-pharmacity.tn\/index.php?rest_route=\/wp\/v2\/product\/16977\/revisions\/23592"}],"wp:featuredmedia":[{"embeddable":true,"href":"https:\/\/para-pharmacity.tn\/index.php?rest_route=\/wp\/v2\/media\/23590"}],"wp:attachment":[{"href":"https:\/\/para-pharmacity.tn\/index.php?rest_route=%2Fwp%2Fv2%2Fmedia&parent=16977"}],"wp:term":[{"taxonomy":"product_cat","embeddable":true,"href":"https:\/\/para-pharmacity.tn\/index.php?rest_route=%2Fwp%2Fv2%2Fproduct_cat&post=16977"},{"taxonomy":"product_tag","embeddable":true,"href":"https:\/\/para-pharmacity.tn\/index.php?rest_route=%2Fwp%2Fv2%2Fproduct_tag&post=16977"}],"curies":[{"name":"wp","href":"https:\/\/api.w.org\/{rel}","templated":true}]}}