{"id":16976,"date":"2024-07-10T23:00:22","date_gmt":"2024-07-10T23:00:22","guid":{"rendered":"https:\/\/para-pharmacity.tn\/?product=esth-vaseline-sun-bronz-inten-spf15"},"modified":"2024-08-19T12:37:13","modified_gmt":"2024-08-19T12:37:13","slug":"esth-vaseline-sun-bronz-inten-spf15","status":"publish","type":"product","link":"https:\/\/para-pharmacity.tn\/?product=esth-vaseline-sun-bronz-inten-spf15","title":{"rendered":"ESTH VASELINE SUN BRONZ INTEN SPF15"},"content":{"rendered":"<p><strong>Pr\u00e9sentation:<\/strong><\/p>\n<p>Cr\u00e8me fluide protecteur aide \u00e0 obtenir rapidement un joli h\u00e2le dor\u00e9 :<\/p>\n<ul>\n<li>Votre Bronzage est lumineux et durable.<\/li>\n<li>Sa Formule hydratante , contenant de la Vitamine E, procure une sensation de peau douce et soyeuse.<\/li>\n<li>Prot\u00e8ge des coups de soleil.<\/li>\n<\/ul>\n<p><strong>Contenance:<\/strong><\/p>\n<p>140 ml<\/p>\n","protected":false},"excerpt":{"rendered":"<p>Cr\u00e8me fluide protecteur aide \u00e0 obtenir rapidement un joli h\u00e2le dor\u00e9 :<\/p>\n<p>Votre Bronzage est lumineux et durable.<\/p>\n","protected":false},"featured_media":23588,"comment_status":"open","ping_status":"closed","template":"","meta":[],"product_cat":[20],"product_tag":[],"class_list":{"0":"post-16976","1":"product","2":"type-product","3":"status-publish","4":"has-post-thumbnail","6":"product_cat-accessories","8":"first","9":"instock","10":"shipping-taxable","11":"product-type-simple"},"jetpack_sharing_enabled":true,"_links":{"self":[{"href":"https:\/\/para-pharmacity.tn\/index.php?rest_route=\/wp\/v2\/product\/16976","targetHints":{"allow":["GET"]}}],"collection":[{"href":"https:\/\/para-pharmacity.tn\/index.php?rest_route=\/wp\/v2\/product"}],"about":[{"href":"https:\/\/para-pharmacity.tn\/index.php?rest_route=\/wp\/v2\/types\/product"}],"replies":[{"embeddable":true,"href":"https:\/\/para-pharmacity.tn\/index.php?rest_route=%2Fwp%2Fv2%2Fcomments&post=16976"}],"version-history":[{"count":2,"href":"https:\/\/para-pharmacity.tn\/index.php?rest_route=\/wp\/v2\/product\/16976\/revisions"}],"predecessor-version":[{"id":23589,"href":"https:\/\/para-pharmacity.tn\/index.php?rest_route=\/wp\/v2\/product\/16976\/revisions\/23589"}],"wp:featuredmedia":[{"embeddable":true,"href":"https:\/\/para-pharmacity.tn\/index.php?rest_route=\/wp\/v2\/media\/23588"}],"wp:attachment":[{"href":"https:\/\/para-pharmacity.tn\/index.php?rest_route=%2Fwp%2Fv2%2Fmedia&parent=16976"}],"wp:term":[{"taxonomy":"product_cat","embeddable":true,"href":"https:\/\/para-pharmacity.tn\/index.php?rest_route=%2Fwp%2Fv2%2Fproduct_cat&post=16976"},{"taxonomy":"product_tag","embeddable":true,"href":"https:\/\/para-pharmacity.tn\/index.php?rest_route=%2Fwp%2Fv2%2Fproduct_tag&post=16976"}],"curies":[{"name":"wp","href":"https:\/\/api.w.org\/{rel}","templated":true}]}}