{"id":16973,"date":"2024-07-10T23:00:21","date_gmt":"2024-07-10T23:00:21","guid":{"rendered":"https:\/\/para-pharmacity.tn\/?product=esth-tisane-pectorale"},"modified":"2024-08-19T12:21:17","modified_gmt":"2024-08-19T12:21:17","slug":"esth-tisane-pectorale","status":"publish","type":"product","link":"https:\/\/para-pharmacity.tn\/?product=esth-tisane-pectorale","title":{"rendered":"ESTH TISANE PECTORALE"},"content":{"rendered":"<p><strong>Esthelle Tisane Pectoral<\/strong>\u00a0La\u00a0<a href=\"https:\/\/www.maparatunisie.tn\/categorie-produit\/bio-naturel\/thes-et-tisanes\/\">Tisane<\/a>\u00a0pectorale est une parfaite alliance de plantes soigneusement s\u00e9lectionn\u00e9es qui lib\u00e8re toutes ses vertus bienfaisantes apportant ainsi une aide pr\u00e9cieuse pour lutter contre les multiples troubles des voies broncho-pulmonaires et ORL\u2026<\/p>\n<p>Sa composition riche en eucalyptus, coquelicot, lierre, Badiane et sauge<br \/>\nApaise et adoucit les muqueuses respiratoires irrit\u00e9es.<br \/>\nId\u00e9ale pour l\u2019\u00e9tat grippal<\/p>\n","protected":false},"excerpt":{"rendered":"<p>La Tisane pectorale est une parfaite alliance de plantes soigneusement s\u00e9lectionn\u00e9es qui lib\u00e8re toutes ses vertus bienfaisantes, apportant ainsi une aide pr\u00e9cieuse pour lutter contre les multiples troubles des voies broncho-pulmonaires<\/p>\n","protected":false},"featured_media":23581,"comment_status":"open","ping_status":"closed","template":"","meta":[],"product_cat":[20],"product_tag":[],"class_list":{"0":"post-16973","1":"product","2":"type-product","3":"status-publish","4":"has-post-thumbnail","6":"product_cat-accessories","8":"first","9":"instock","10":"shipping-taxable","11":"product-type-simple"},"jetpack_sharing_enabled":true,"_links":{"self":[{"href":"https:\/\/para-pharmacity.tn\/index.php?rest_route=\/wp\/v2\/product\/16973","targetHints":{"allow":["GET"]}}],"collection":[{"href":"https:\/\/para-pharmacity.tn\/index.php?rest_route=\/wp\/v2\/product"}],"about":[{"href":"https:\/\/para-pharmacity.tn\/index.php?rest_route=\/wp\/v2\/types\/product"}],"replies":[{"embeddable":true,"href":"https:\/\/para-pharmacity.tn\/index.php?rest_route=%2Fwp%2Fv2%2Fcomments&post=16973"}],"version-history":[{"count":2,"href":"https:\/\/para-pharmacity.tn\/index.php?rest_route=\/wp\/v2\/product\/16973\/revisions"}],"predecessor-version":[{"id":23582,"href":"https:\/\/para-pharmacity.tn\/index.php?rest_route=\/wp\/v2\/product\/16973\/revisions\/23582"}],"wp:featuredmedia":[{"embeddable":true,"href":"https:\/\/para-pharmacity.tn\/index.php?rest_route=\/wp\/v2\/media\/23581"}],"wp:attachment":[{"href":"https:\/\/para-pharmacity.tn\/index.php?rest_route=%2Fwp%2Fv2%2Fmedia&parent=16973"}],"wp:term":[{"taxonomy":"product_cat","embeddable":true,"href":"https:\/\/para-pharmacity.tn\/index.php?rest_route=%2Fwp%2Fv2%2Fproduct_cat&post=16973"},{"taxonomy":"product_tag","embeddable":true,"href":"https:\/\/para-pharmacity.tn\/index.php?rest_route=%2Fwp%2Fv2%2Fproduct_tag&post=16973"}],"curies":[{"name":"wp","href":"https:\/\/api.w.org\/{rel}","templated":true}]}}