{"id":16971,"date":"2024-07-10T23:00:20","date_gmt":"2024-07-10T23:00:20","guid":{"rendered":"https:\/\/para-pharmacity.tn\/?product=esth-tisane-laxative"},"modified":"2024-08-19T12:08:27","modified_gmt":"2024-08-19T12:08:27","slug":"esth-tisane-laxative","status":"publish","type":"product","link":"https:\/\/para-pharmacity.tn\/?product=esth-tisane-laxative","title":{"rendered":"ESTH TISANE LAXATIVE"},"content":{"rendered":"<p>Esthelle\u00a0<a href=\"https:\/\/www.maparatunisie.tn\/categorie-produit\/bio-naturel\/thes-et-tisanes\/\">Tisane<\/a>\u00a0Laxative formul\u00e9e sp\u00e9cialement pour aider \u00e0 lutter contre la constipation.<br \/>\nContenance : 12 infusettes de 1.5 gr<\/p>\n<p><strong>Conseils d\u2019utilisation<\/strong><\/p>\n<p>Faire infuser un sachet pendant 10 mn dans une tasse d\u2019eau bouillante.<br \/>\nBoire 1 tasse le matin \u00e0 jeun ou le soir 2h apr\u00e8s le repas.<\/p>\n<p><strong>Composition<\/strong><\/p>\n<p>Feuilles de s\u00e9n\u00e9, Chiendentagropyrium, fenouille, menthe poivr\u00e9e.<\/p>\n","protected":false},"excerpt":{"rendered":"<p>S\u00e9dative, Saveur &amp; Odeur Exquises Effets Bienfaisants &#8211; Augmente l&rsquo;activit\u00e9 intestinale<\/p>\n","protected":false},"featured_media":23575,"comment_status":"open","ping_status":"closed","template":"","meta":[],"product_cat":[20],"product_tag":[],"class_list":{"0":"post-16971","1":"product","2":"type-product","3":"status-publish","4":"has-post-thumbnail","6":"product_cat-accessories","8":"first","9":"instock","10":"shipping-taxable","11":"product-type-simple"},"jetpack_sharing_enabled":true,"_links":{"self":[{"href":"https:\/\/para-pharmacity.tn\/index.php?rest_route=\/wp\/v2\/product\/16971","targetHints":{"allow":["GET"]}}],"collection":[{"href":"https:\/\/para-pharmacity.tn\/index.php?rest_route=\/wp\/v2\/product"}],"about":[{"href":"https:\/\/para-pharmacity.tn\/index.php?rest_route=\/wp\/v2\/types\/product"}],"replies":[{"embeddable":true,"href":"https:\/\/para-pharmacity.tn\/index.php?rest_route=%2Fwp%2Fv2%2Fcomments&post=16971"}],"version-history":[{"count":2,"href":"https:\/\/para-pharmacity.tn\/index.php?rest_route=\/wp\/v2\/product\/16971\/revisions"}],"predecessor-version":[{"id":23576,"href":"https:\/\/para-pharmacity.tn\/index.php?rest_route=\/wp\/v2\/product\/16971\/revisions\/23576"}],"wp:featuredmedia":[{"embeddable":true,"href":"https:\/\/para-pharmacity.tn\/index.php?rest_route=\/wp\/v2\/media\/23575"}],"wp:attachment":[{"href":"https:\/\/para-pharmacity.tn\/index.php?rest_route=%2Fwp%2Fv2%2Fmedia&parent=16971"}],"wp:term":[{"taxonomy":"product_cat","embeddable":true,"href":"https:\/\/para-pharmacity.tn\/index.php?rest_route=%2Fwp%2Fv2%2Fproduct_cat&post=16971"},{"taxonomy":"product_tag","embeddable":true,"href":"https:\/\/para-pharmacity.tn\/index.php?rest_route=%2Fwp%2Fv2%2Fproduct_tag&post=16971"}],"curies":[{"name":"wp","href":"https:\/\/api.w.org\/{rel}","templated":true}]}}