{"id":16970,"date":"2024-07-10T23:00:20","date_gmt":"2024-07-10T23:00:20","guid":{"rendered":"https:\/\/para-pharmacity.tn\/?product=esth-tisane-diuretique-drainan"},"modified":"2024-08-19T11:59:38","modified_gmt":"2024-08-19T11:59:38","slug":"esth-tisane-diuretique-drainan","status":"publish","type":"product","link":"https:\/\/para-pharmacity.tn\/?product=esth-tisane-diuretique-drainan","title":{"rendered":"ESTH TISANE DIURETIQUE DRAINAN"},"content":{"rendered":"<p style=\"font-weight: 400\">Tisane formul\u00e9e sp\u00e9cialement pour aider \u00e0 lutter contre les inflammations de la vessie et des voies urinaires, cystites et calculs.<\/p>\n<p style=\"font-weight: 400\"><b><strong>Conseils d\u2019utilisation :<\/strong><\/b><\/p>\n<p style=\"font-weight: 400\">Faire infuser un sachet pendant 10 mn dans une tasse d\u2019eau bouillante.<\/p>\n<p style=\"font-weight: 400\">Boire 2 \u00e0 4 tasses par jour<\/p>\n<p style=\"font-weight: 400\"><b><strong>Composition :<\/strong><\/b><\/p>\n<p style=\"font-weight: 400\">Myrthille, Busserole,Haricot Cosse, Reine Des Pr\u00e8s, Reglisse Racine, Olivier,CynodhonDactylon, ChiendentRhizhomeAropirium, Gui, Bourdaine.<\/p>\n","protected":false},"excerpt":{"rendered":"<p>Tisane formul\u00e9e sp\u00e9cialement pour aider \u00e0 lutter contre les inflammations de la vessie et des voies urinaires, cystites et calculs.<\/p>\n","protected":false},"featured_media":23572,"comment_status":"open","ping_status":"closed","template":"","meta":[],"product_cat":[20],"product_tag":[],"class_list":{"0":"post-16970","1":"product","2":"type-product","3":"status-publish","4":"has-post-thumbnail","6":"product_cat-accessories","8":"first","9":"instock","10":"shipping-taxable","11":"product-type-simple"},"jetpack_sharing_enabled":true,"_links":{"self":[{"href":"https:\/\/para-pharmacity.tn\/index.php?rest_route=\/wp\/v2\/product\/16970","targetHints":{"allow":["GET"]}}],"collection":[{"href":"https:\/\/para-pharmacity.tn\/index.php?rest_route=\/wp\/v2\/product"}],"about":[{"href":"https:\/\/para-pharmacity.tn\/index.php?rest_route=\/wp\/v2\/types\/product"}],"replies":[{"embeddable":true,"href":"https:\/\/para-pharmacity.tn\/index.php?rest_route=%2Fwp%2Fv2%2Fcomments&post=16970"}],"version-history":[{"count":2,"href":"https:\/\/para-pharmacity.tn\/index.php?rest_route=\/wp\/v2\/product\/16970\/revisions"}],"predecessor-version":[{"id":23573,"href":"https:\/\/para-pharmacity.tn\/index.php?rest_route=\/wp\/v2\/product\/16970\/revisions\/23573"}],"wp:featuredmedia":[{"embeddable":true,"href":"https:\/\/para-pharmacity.tn\/index.php?rest_route=\/wp\/v2\/media\/23572"}],"wp:attachment":[{"href":"https:\/\/para-pharmacity.tn\/index.php?rest_route=%2Fwp%2Fv2%2Fmedia&parent=16970"}],"wp:term":[{"taxonomy":"product_cat","embeddable":true,"href":"https:\/\/para-pharmacity.tn\/index.php?rest_route=%2Fwp%2Fv2%2Fproduct_cat&post=16970"},{"taxonomy":"product_tag","embeddable":true,"href":"https:\/\/para-pharmacity.tn\/index.php?rest_route=%2Fwp%2Fv2%2Fproduct_tag&post=16970"}],"curies":[{"name":"wp","href":"https:\/\/api.w.org\/{rel}","templated":true}]}}