{"id":16966,"date":"2024-07-10T23:00:19","date_gmt":"2024-07-10T23:00:19","guid":{"rendered":"https:\/\/para-pharmacity.tn\/?product=esth-tisane-babyspasm"},"modified":"2024-08-19T11:44:27","modified_gmt":"2024-08-19T11:44:27","slug":"esth-tisane-babyspasm","status":"publish","type":"product","link":"https:\/\/para-pharmacity.tn\/?product=esth-tisane-babyspasm","title":{"rendered":"ESTH TISANE BABYSPASM"},"content":{"rendered":"<h4><span style=\"color: #70ad47\">Description\u00a0:<\/span><\/h4>\n<p>Spasme &amp; Ballonnement &#8211;<\/p>\n<hr \/>\n<h4><span style=\"color: #70ad47\">Indications :<\/span><\/h4>\n<p>Coliques du nourrisson caus\u00e9es par une immaturit\u00e9 de lactivit\u00e9 lactasique, &#8211; Une relaxation gastrique inappropri\u00e9e, un retard de la vidange gastrique, &#8211; Une fragilit\u00e9 digestive entra\u00eenant une mauvaise digestion ou une prise de caf\u00e9ine par la maman qui allaite.<\/p>\n<hr \/>\n<p>L\u2019emballage et la composition peuvent \u00eatre soumis \u00e0 des variations par le fabricant. \u00a0Ma Caverne\u00a0Sant\u00e9 et bien-\u00eatre garantit l\u2019authenticit\u00e9 de tous ses produits. Ma Caverne Sant\u00e9 et bien-\u00eatre La meilleure parapharmacie en Tunisie.<\/p>\n","protected":false},"excerpt":{"rendered":"<p>Spasme &amp; Ballonnement &#8211; Indications : Coliques du nourrisson caus\u00e9es par une immaturit\u00e9 de lactivit\u00e9 lactasique, &#8211; Une relaxation gastrique inappropri\u00e9e, un retard de la vidange gastrique, &#8211; Une fragilit\u00e9 digestive entra\u00eenant une mauvaise digestion ou une prise de caf\u00e9ine par la maman qui allaite.<\/p>\n","protected":false},"featured_media":23559,"comment_status":"open","ping_status":"closed","template":"","meta":[],"product_cat":[20],"product_tag":[],"class_list":{"0":"post-16966","1":"product","2":"type-product","3":"status-publish","4":"has-post-thumbnail","6":"product_cat-accessories","8":"first","9":"instock","10":"shipping-taxable","11":"product-type-simple"},"jetpack_sharing_enabled":true,"_links":{"self":[{"href":"https:\/\/para-pharmacity.tn\/index.php?rest_route=\/wp\/v2\/product\/16966","targetHints":{"allow":["GET"]}}],"collection":[{"href":"https:\/\/para-pharmacity.tn\/index.php?rest_route=\/wp\/v2\/product"}],"about":[{"href":"https:\/\/para-pharmacity.tn\/index.php?rest_route=\/wp\/v2\/types\/product"}],"replies":[{"embeddable":true,"href":"https:\/\/para-pharmacity.tn\/index.php?rest_route=%2Fwp%2Fv2%2Fcomments&post=16966"}],"version-history":[{"count":2,"href":"https:\/\/para-pharmacity.tn\/index.php?rest_route=\/wp\/v2\/product\/16966\/revisions"}],"predecessor-version":[{"id":23561,"href":"https:\/\/para-pharmacity.tn\/index.php?rest_route=\/wp\/v2\/product\/16966\/revisions\/23561"}],"wp:featuredmedia":[{"embeddable":true,"href":"https:\/\/para-pharmacity.tn\/index.php?rest_route=\/wp\/v2\/media\/23559"}],"wp:attachment":[{"href":"https:\/\/para-pharmacity.tn\/index.php?rest_route=%2Fwp%2Fv2%2Fmedia&parent=16966"}],"wp:term":[{"taxonomy":"product_cat","embeddable":true,"href":"https:\/\/para-pharmacity.tn\/index.php?rest_route=%2Fwp%2Fv2%2Fproduct_cat&post=16966"},{"taxonomy":"product_tag","embeddable":true,"href":"https:\/\/para-pharmacity.tn\/index.php?rest_route=%2Fwp%2Fv2%2Fproduct_tag&post=16966"}],"curies":[{"name":"wp","href":"https:\/\/api.w.org\/{rel}","templated":true}]}}