{"id":16964,"date":"2024-07-10T23:00:18","date_gmt":"2024-07-10T23:00:18","guid":{"rendered":"https:\/\/para-pharmacity.tn\/?product=esth-tisane-angine-gingivite"},"modified":"2024-08-19T11:43:02","modified_gmt":"2024-08-19T11:43:02","slug":"esth-tisane-angine-gingivite","status":"publish","type":"product","link":"https:\/\/para-pharmacity.tn\/?product=esth-tisane-angine-gingivite","title":{"rendered":"ESTH TISANE ANGINE GINGIVITE"},"content":{"rendered":"<div class=\"elementor-column elementor-col-50 elementor-top-column elementor-element elementor-element-e318677\" data-id=\"e318677\" data-element_type=\"column\">\n<div class=\"elementor-widget-wrap elementor-element-populated\">\n<div class=\"elementor-element elementor-element-340e3a8 elementor-widget elementor-widget-wd_title\" data-id=\"340e3a8\" data-element_type=\"widget\" data-widget_type=\"wd_title.default\">\n<div class=\"elementor-widget-container\">\n<div class=\"title-wrapper set-mb-s reset-last-child wd-title-color-default wd-title-style-default wd-title-size-default text-left\">\n<div class=\"liner-continer\">\n<p>D\u00e9tails du produit<br \/>\nRendue possible par l\u2019exploration de techniques innovantes de contreplaqu\u00e9 moul\u00e9, la chaise Soft Edge d\u2019Iskos-Berlin combine des courbes fortes avec une l\u00e9g\u00e8ret\u00e9 extr\u00eame pour cr\u00e9er une tridimensionnalit\u00e9 qui n\u2019est g\u00e9n\u00e9ralement pas possible avec le contreplaqu\u00e9 2D.<\/p>\n<p>Description<br \/>\nInflammation Des Muqueuses De La Bouche, Du nez, Et De La Gorge \u2013 Rhinopharyngite, angine \u2013 Gingivite, aphtes \u2013 Sinusite<\/p>\n<\/div>\n<\/div>\n<\/div>\n<\/div>\n<\/div>\n<\/div>\n","protected":false},"excerpt":{"rendered":"<p>Inflammation Des Muqueuses De La Bouche, Du nez, Et De La Gorge \u2013 Rhinopharyngite, angine \u2013 Gingivite, aphtes \u2013 Sinusite<\/p>\n","protected":false},"featured_media":23536,"comment_status":"open","ping_status":"closed","template":"","meta":[],"product_cat":[20],"product_tag":[],"class_list":{"0":"post-16964","1":"product","2":"type-product","3":"status-publish","4":"has-post-thumbnail","6":"product_cat-accessories","8":"first","9":"instock","10":"shipping-taxable","11":"product-type-simple"},"jetpack_sharing_enabled":true,"_links":{"self":[{"href":"https:\/\/para-pharmacity.tn\/index.php?rest_route=\/wp\/v2\/product\/16964","targetHints":{"allow":["GET"]}}],"collection":[{"href":"https:\/\/para-pharmacity.tn\/index.php?rest_route=\/wp\/v2\/product"}],"about":[{"href":"https:\/\/para-pharmacity.tn\/index.php?rest_route=\/wp\/v2\/types\/product"}],"replies":[{"embeddable":true,"href":"https:\/\/para-pharmacity.tn\/index.php?rest_route=%2Fwp%2Fv2%2Fcomments&post=16964"}],"version-history":[{"count":2,"href":"https:\/\/para-pharmacity.tn\/index.php?rest_route=\/wp\/v2\/product\/16964\/revisions"}],"predecessor-version":[{"id":23540,"href":"https:\/\/para-pharmacity.tn\/index.php?rest_route=\/wp\/v2\/product\/16964\/revisions\/23540"}],"wp:featuredmedia":[{"embeddable":true,"href":"https:\/\/para-pharmacity.tn\/index.php?rest_route=\/wp\/v2\/media\/23536"}],"wp:attachment":[{"href":"https:\/\/para-pharmacity.tn\/index.php?rest_route=%2Fwp%2Fv2%2Fmedia&parent=16964"}],"wp:term":[{"taxonomy":"product_cat","embeddable":true,"href":"https:\/\/para-pharmacity.tn\/index.php?rest_route=%2Fwp%2Fv2%2Fproduct_cat&post=16964"},{"taxonomy":"product_tag","embeddable":true,"href":"https:\/\/para-pharmacity.tn\/index.php?rest_route=%2Fwp%2Fv2%2Fproduct_tag&post=16964"}],"curies":[{"name":"wp","href":"https:\/\/api.w.org\/{rel}","templated":true}]}}