{"id":16963,"date":"2024-07-10T23:00:18","date_gmt":"2024-07-10T23:00:18","guid":{"rendered":"https:\/\/para-pharmacity.tn\/?product=esth-skinlight"},"modified":"2024-08-16T11:58:01","modified_gmt":"2024-08-16T11:58:01","slug":"esth-skinlight","status":"publish","type":"product","link":"https:\/\/para-pharmacity.tn\/?product=esth-skinlight","title":{"rendered":"ESTH SKINLIGHT"},"content":{"rendered":"<div id=\"content-wrapper\">\n<section id=\"main\">\n<div class=\"tabs\">\n<div id=\"tab-content\" class=\"tab-content\">\n<div id=\"description\" class=\"tab-pane fade in active\" role=\"tabpanel\">\n<div class=\"product-description\">\n<p>kinlight est un super concentr\u00e9 anti-t\u00e2ches, c\u2019est un moyen efficace pour d\u00e9pigmenter la peau et pour un \u00e9claircissement puissant et durable. La cr\u00e8me SKINLIGHT vous garantit un \u00e9claircissement puissant &amp; durable ainsi qu\u2019elle vous redonne des r\u00e9sultats convaincants.<\/p>\n<p>Appliquez localement matin et soir sur les taches hyper-pigment\u00e9es existant sur votre visage.<\/p>\n<\/div>\n<\/div>\n<\/div>\n<\/div>\n<\/section>\n<\/div>\n","protected":false},"excerpt":{"rendered":"<p>Skinlight est un super concentr\u00e9 anti-t\u00e2ches, c\u2019est un moyen efficace pour d\u00e9pigmenter la peau et pour un \u00e9claircissement puissant et durable.<\/p>\n","protected":false},"featured_media":23528,"comment_status":"open","ping_status":"closed","template":"","meta":[],"product_cat":[20],"product_tag":[],"class_list":{"0":"post-16963","1":"product","2":"type-product","3":"status-publish","4":"has-post-thumbnail","6":"product_cat-accessories","8":"first","9":"instock","10":"shipping-taxable","11":"product-type-simple"},"jetpack_sharing_enabled":true,"_links":{"self":[{"href":"https:\/\/para-pharmacity.tn\/index.php?rest_route=\/wp\/v2\/product\/16963","targetHints":{"allow":["GET"]}}],"collection":[{"href":"https:\/\/para-pharmacity.tn\/index.php?rest_route=\/wp\/v2\/product"}],"about":[{"href":"https:\/\/para-pharmacity.tn\/index.php?rest_route=\/wp\/v2\/types\/product"}],"replies":[{"embeddable":true,"href":"https:\/\/para-pharmacity.tn\/index.php?rest_route=%2Fwp%2Fv2%2Fcomments&post=16963"}],"version-history":[{"count":1,"href":"https:\/\/para-pharmacity.tn\/index.php?rest_route=\/wp\/v2\/product\/16963\/revisions"}],"predecessor-version":[{"id":23524,"href":"https:\/\/para-pharmacity.tn\/index.php?rest_route=\/wp\/v2\/product\/16963\/revisions\/23524"}],"wp:featuredmedia":[{"embeddable":true,"href":"https:\/\/para-pharmacity.tn\/index.php?rest_route=\/wp\/v2\/media\/23528"}],"wp:attachment":[{"href":"https:\/\/para-pharmacity.tn\/index.php?rest_route=%2Fwp%2Fv2%2Fmedia&parent=16963"}],"wp:term":[{"taxonomy":"product_cat","embeddable":true,"href":"https:\/\/para-pharmacity.tn\/index.php?rest_route=%2Fwp%2Fv2%2Fproduct_cat&post=16963"},{"taxonomy":"product_tag","embeddable":true,"href":"https:\/\/para-pharmacity.tn\/index.php?rest_route=%2Fwp%2Fv2%2Fproduct_tag&post=16963"}],"curies":[{"name":"wp","href":"https:\/\/api.w.org\/{rel}","templated":true}]}}