{"id":16959,"date":"2024-07-10T23:00:16","date_gmt":"2024-07-10T23:00:16","guid":{"rendered":"https:\/\/para-pharmacity.tn\/?product=esth-phyto-vergum"},"modified":"2024-08-16T11:35:45","modified_gmt":"2024-08-16T11:35:45","slug":"esth-phyto-vergum","status":"publish","type":"product","link":"https:\/\/para-pharmacity.tn\/?product=esth-phyto-vergum","title":{"rendered":"ESTH PHYTO VERGUM"},"content":{"rendered":"<p><span class=\"label-tooltip\" title=\"\">Phyto Vergum\u00a0est une cr\u00e8me non grasse douce compos\u00e9e de complexes v\u00e9g\u00e9taux qui favorisent la pr\u00e9vention des vergetures et la r\u00e9gression des vergetures existantes.<\/span><\/p>\n<p><span class=\"label-tooltip\" title=\"\">Pr\u00e9vention des vergetures sur les r\u00e9gions les plus fragiles (seins, ventre, cuisses, hanches).<\/span><\/p>\n<p><span class=\"label-tooltip\" title=\"\">Att\u00e9nuation des vergetures naissantes<\/span><\/p>\n","protected":false},"excerpt":{"rendered":"<p>Pr\u00e9vention des vergetures sur les r\u00e9gions les plus fragiles (seins, ventre, cuisses, hanches), att\u00e9nuation des vergetures naissantes<\/p>\n","protected":false},"featured_media":23515,"comment_status":"open","ping_status":"closed","template":"","meta":[],"product_cat":[20],"product_tag":[],"class_list":{"0":"post-16959","1":"product","2":"type-product","3":"status-publish","4":"has-post-thumbnail","6":"product_cat-accessories","8":"first","9":"instock","10":"shipping-taxable","11":"product-type-simple"},"jetpack_sharing_enabled":true,"_links":{"self":[{"href":"https:\/\/para-pharmacity.tn\/index.php?rest_route=\/wp\/v2\/product\/16959","targetHints":{"allow":["GET"]}}],"collection":[{"href":"https:\/\/para-pharmacity.tn\/index.php?rest_route=\/wp\/v2\/product"}],"about":[{"href":"https:\/\/para-pharmacity.tn\/index.php?rest_route=\/wp\/v2\/types\/product"}],"replies":[{"embeddable":true,"href":"https:\/\/para-pharmacity.tn\/index.php?rest_route=%2Fwp%2Fv2%2Fcomments&post=16959"}],"version-history":[{"count":2,"href":"https:\/\/para-pharmacity.tn\/index.php?rest_route=\/wp\/v2\/product\/16959\/revisions"}],"predecessor-version":[{"id":23517,"href":"https:\/\/para-pharmacity.tn\/index.php?rest_route=\/wp\/v2\/product\/16959\/revisions\/23517"}],"wp:featuredmedia":[{"embeddable":true,"href":"https:\/\/para-pharmacity.tn\/index.php?rest_route=\/wp\/v2\/media\/23515"}],"wp:attachment":[{"href":"https:\/\/para-pharmacity.tn\/index.php?rest_route=%2Fwp%2Fv2%2Fmedia&parent=16959"}],"wp:term":[{"taxonomy":"product_cat","embeddable":true,"href":"https:\/\/para-pharmacity.tn\/index.php?rest_route=%2Fwp%2Fv2%2Fproduct_cat&post=16959"},{"taxonomy":"product_tag","embeddable":true,"href":"https:\/\/para-pharmacity.tn\/index.php?rest_route=%2Fwp%2Fv2%2Fproduct_tag&post=16959"}],"curies":[{"name":"wp","href":"https:\/\/api.w.org\/{rel}","templated":true}]}}