{"id":16958,"date":"2024-07-10T23:00:16","date_gmt":"2024-07-10T23:00:16","guid":{"rendered":"https:\/\/para-pharmacity.tn\/?product=esth-phyto-vasculex-50gr"},"modified":"2024-08-16T11:20:50","modified_gmt":"2024-08-16T11:20:50","slug":"esth-phyto-vasculex-50gr","status":"publish","type":"product","link":"https:\/\/para-pharmacity.tn\/?product=esth-phyto-vasculex-50gr","title":{"rendered":"ESTH PHYTO VASCULEX 50GR"},"content":{"rendered":"<p><span class=\"label-tooltip\" title=\"\">Phyto Vasculex\u00a0est un gel aqueux rafra\u00eechissant, \u00e0 base d\u2019extraits de plantes pour d\u00e9lasser, tonifier et redynamiser les jambes lourdes fatigu\u00e9es.<\/span><\/p>\n<p><span class=\"label-tooltip\" title=\"\">Profession n\u00e9cessitant une station debout, grossesse, p\u00e9riode de forte chaleur, surcharge pond\u00e9rale, long voyage a\u00e9rien ou terrestre.<\/span><\/p>\n<p><span class=\"label-tooltip\" title=\"\">Fragilit\u00e9 des petits vaisseaux.<\/span><\/p>\n<p><span class=\"label-tooltip\" title=\"\">En association avec le port de bas de contention<\/span><\/p>\n","protected":false},"excerpt":{"rendered":"<ul>\n<li>Sensation de fatigue, jambes lourdes<\/li>\n<li>Profession n\u00e9cessitant une station debout, grossesse, p\u00e9riode de forte chaleur, surcharge pond\u00e9rale, long voyage a\u00e9rien ou terrestre<\/li>\n<\/ul>\n","protected":false},"featured_media":23507,"comment_status":"open","ping_status":"closed","template":"","meta":[],"product_cat":[20],"product_tag":[],"class_list":{"0":"post-16958","1":"product","2":"type-product","3":"status-publish","4":"has-post-thumbnail","6":"product_cat-accessories","8":"first","9":"instock","10":"shipping-taxable","11":"product-type-simple"},"jetpack_sharing_enabled":true,"_links":{"self":[{"href":"https:\/\/para-pharmacity.tn\/index.php?rest_route=\/wp\/v2\/product\/16958","targetHints":{"allow":["GET"]}}],"collection":[{"href":"https:\/\/para-pharmacity.tn\/index.php?rest_route=\/wp\/v2\/product"}],"about":[{"href":"https:\/\/para-pharmacity.tn\/index.php?rest_route=\/wp\/v2\/types\/product"}],"replies":[{"embeddable":true,"href":"https:\/\/para-pharmacity.tn\/index.php?rest_route=%2Fwp%2Fv2%2Fcomments&post=16958"}],"version-history":[{"count":2,"href":"https:\/\/para-pharmacity.tn\/index.php?rest_route=\/wp\/v2\/product\/16958\/revisions"}],"predecessor-version":[{"id":23511,"href":"https:\/\/para-pharmacity.tn\/index.php?rest_route=\/wp\/v2\/product\/16958\/revisions\/23511"}],"wp:featuredmedia":[{"embeddable":true,"href":"https:\/\/para-pharmacity.tn\/index.php?rest_route=\/wp\/v2\/media\/23507"}],"wp:attachment":[{"href":"https:\/\/para-pharmacity.tn\/index.php?rest_route=%2Fwp%2Fv2%2Fmedia&parent=16958"}],"wp:term":[{"taxonomy":"product_cat","embeddable":true,"href":"https:\/\/para-pharmacity.tn\/index.php?rest_route=%2Fwp%2Fv2%2Fproduct_cat&post=16958"},{"taxonomy":"product_tag","embeddable":true,"href":"https:\/\/para-pharmacity.tn\/index.php?rest_route=%2Fwp%2Fv2%2Fproduct_tag&post=16958"}],"curies":[{"name":"wp","href":"https:\/\/api.w.org\/{rel}","templated":true}]}}