{"id":16956,"date":"2024-07-10T23:00:15","date_gmt":"2024-07-10T23:00:15","guid":{"rendered":"https:\/\/para-pharmacity.tn\/?product=esth-nausetix-20-gel"},"modified":"2024-08-16T11:02:39","modified_gmt":"2024-08-16T11:02:39","slug":"esth-nausetix-20-gel","status":"publish","type":"product","link":"https:\/\/para-pharmacity.tn\/?product=esth-nausetix-20-gel","title":{"rendered":"ESTH NAUSETIX 20 GEL"},"content":{"rendered":"<p>Est un m\u00e9lange de plantes reconnues pour leur efficacit\u00e9 contre les naus\u00e9es.<\/p>\n<p>Ingr\u00e9dients:<\/p>\n<ul>\n<li>les feuilles de M\u00e9lisse<\/li>\n<li>l\u2019extrait sec de gingembre<\/li>\n<\/ul>\n<p>Excipients:<\/p>\n<p>citrate de magn\u00e9sium-E470b<\/p>\n<p>la g\u00e9lule es fabriqu\u00e9e \u00e0 partir de la g\u00e9latine de poisson, et ne renferme pas de g\u00e9latine bovine ou porcine<\/p>\n<p><strong>Indication posologie:<\/strong>\u00a0anti naus\u00e9e naturel<\/p>\n<p>Nausetix et grossesse: 4 g\u00e9lules par jours \u00e0 repartir (2 le matin, 2 le soir) par voie orale pendant les repas.<\/p>\n<p>il est recommand\u00e9 de poursuivre les prises pendant un minimum de 4 jours ert g\u00e9n\u00e9ralement tout au long du premier trimestre de la grossesse.<\/p>\n<p>Nausetix et chimioth\u00e9rapie: 2 g\u00e9lules 1heure avant la chimioth\u00e9rapie, puis 2 g\u00e9lules 3heures et 8heures apr\u00e8s le d\u00e9but de la chimioth\u00e9rapie.<\/p>\n<p>nausetix et mal du transport: 2 g\u00e9lules avant le d\u00e9part<\/p>\n","protected":false},"excerpt":{"rendered":"<p>ESTHELLE NAUSETIX GEL B\/20 Une association \u00e9quilibr\u00e9e et synergique d\u2019extraits de plantes qui aide \u00e0 calmer la toux<\/p>\n","protected":false},"featured_media":23497,"comment_status":"open","ping_status":"closed","template":"","meta":[],"product_cat":[20],"product_tag":[],"class_list":{"0":"post-16956","1":"product","2":"type-product","3":"status-publish","4":"has-post-thumbnail","6":"product_cat-accessories","8":"first","9":"instock","10":"shipping-taxable","11":"product-type-simple"},"jetpack_sharing_enabled":true,"_links":{"self":[{"href":"https:\/\/para-pharmacity.tn\/index.php?rest_route=\/wp\/v2\/product\/16956","targetHints":{"allow":["GET"]}}],"collection":[{"href":"https:\/\/para-pharmacity.tn\/index.php?rest_route=\/wp\/v2\/product"}],"about":[{"href":"https:\/\/para-pharmacity.tn\/index.php?rest_route=\/wp\/v2\/types\/product"}],"replies":[{"embeddable":true,"href":"https:\/\/para-pharmacity.tn\/index.php?rest_route=%2Fwp%2Fv2%2Fcomments&post=16956"}],"version-history":[{"count":2,"href":"https:\/\/para-pharmacity.tn\/index.php?rest_route=\/wp\/v2\/product\/16956\/revisions"}],"predecessor-version":[{"id":23498,"href":"https:\/\/para-pharmacity.tn\/index.php?rest_route=\/wp\/v2\/product\/16956\/revisions\/23498"}],"wp:featuredmedia":[{"embeddable":true,"href":"https:\/\/para-pharmacity.tn\/index.php?rest_route=\/wp\/v2\/media\/23497"}],"wp:attachment":[{"href":"https:\/\/para-pharmacity.tn\/index.php?rest_route=%2Fwp%2Fv2%2Fmedia&parent=16956"}],"wp:term":[{"taxonomy":"product_cat","embeddable":true,"href":"https:\/\/para-pharmacity.tn\/index.php?rest_route=%2Fwp%2Fv2%2Fproduct_cat&post=16956"},{"taxonomy":"product_tag","embeddable":true,"href":"https:\/\/para-pharmacity.tn\/index.php?rest_route=%2Fwp%2Fv2%2Fproduct_tag&post=16956"}],"curies":[{"name":"wp","href":"https:\/\/api.w.org\/{rel}","templated":true}]}}