{"id":16950,"date":"2024-07-10T23:00:13","date_gmt":"2024-07-10T23:00:13","guid":{"rendered":"https:\/\/para-pharmacity.tn\/?product=esth-laxatix-20-gel"},"modified":"2024-08-15T13:59:04","modified_gmt":"2024-08-15T13:59:04","slug":"esth-laxatix-20-gel","status":"publish","type":"product","link":"https:\/\/para-pharmacity.tn\/?product=esth-laxatix-20-gel","title":{"rendered":"ESTH LAXATIX 20 GEL"},"content":{"rendered":"<p>Laxatix est m\u00e9lange de laxatifs m\u00e9caniques doux et de laxatifs osmotiques s\u00e9lectionn\u00e9s afin de corriger le fonctionnement du transit<\/p>\n<p>Laxatix est sp\u00e9cialement formul\u00e9 pour<\/p>\n<ul>\n<li>les constipations des femmes en cours de grossesse et d&rsquo;aillaitement<\/li>\n<li>constipation chronique et passag\u00e8re ( adulte et enfant)<\/li>\n<\/ul>\n<p>Composition<\/p>\n<ul>\n<li>Le Tamarin par sa richesse en pectine et par son dosage bien calcul\u00e9 , agit en synergie pour faciliter le transit<\/li>\n<li>La Figue et le Pruneau agissent osmotiquement et naturellement pour r\u00e9guler le rythme intestinal et pour am\u00e9liorer le transit<\/li>\n<li>La Pectine de Pomme riche en fibre , absorbe l&rsquo;eau et cr\u00e9e un gel qui va favorise l&rsquo;\u00e9vacuation m\u00e9caniques des selles<\/li>\n<\/ul>\n","protected":false},"excerpt":{"rendered":"<p>Un compl\u00e9ment alimentaire riche en tamarin, figue, pruneau et pectine de pomme pour soulager aussi bien la constipation chronique que passag\u00e8re Indiqu\u00e9 aussi pour la femme enceinte.<\/p>\n","protected":false},"featured_media":23460,"comment_status":"open","ping_status":"closed","template":"","meta":[],"product_cat":[20],"product_tag":[],"class_list":{"0":"post-16950","1":"product","2":"type-product","3":"status-publish","4":"has-post-thumbnail","6":"product_cat-accessories","8":"first","9":"instock","10":"shipping-taxable","11":"product-type-simple"},"jetpack_sharing_enabled":true,"_links":{"self":[{"href":"https:\/\/para-pharmacity.tn\/index.php?rest_route=\/wp\/v2\/product\/16950","targetHints":{"allow":["GET"]}}],"collection":[{"href":"https:\/\/para-pharmacity.tn\/index.php?rest_route=\/wp\/v2\/product"}],"about":[{"href":"https:\/\/para-pharmacity.tn\/index.php?rest_route=\/wp\/v2\/types\/product"}],"replies":[{"embeddable":true,"href":"https:\/\/para-pharmacity.tn\/index.php?rest_route=%2Fwp%2Fv2%2Fcomments&post=16950"}],"version-history":[{"count":2,"href":"https:\/\/para-pharmacity.tn\/index.php?rest_route=\/wp\/v2\/product\/16950\/revisions"}],"predecessor-version":[{"id":23458,"href":"https:\/\/para-pharmacity.tn\/index.php?rest_route=\/wp\/v2\/product\/16950\/revisions\/23458"}],"wp:featuredmedia":[{"embeddable":true,"href":"https:\/\/para-pharmacity.tn\/index.php?rest_route=\/wp\/v2\/media\/23460"}],"wp:attachment":[{"href":"https:\/\/para-pharmacity.tn\/index.php?rest_route=%2Fwp%2Fv2%2Fmedia&parent=16950"}],"wp:term":[{"taxonomy":"product_cat","embeddable":true,"href":"https:\/\/para-pharmacity.tn\/index.php?rest_route=%2Fwp%2Fv2%2Fproduct_cat&post=16950"},{"taxonomy":"product_tag","embeddable":true,"href":"https:\/\/para-pharmacity.tn\/index.php?rest_route=%2Fwp%2Fv2%2Fproduct_tag&post=16950"}],"curies":[{"name":"wp","href":"https:\/\/api.w.org\/{rel}","templated":true}]}}