{"id":16949,"date":"2024-07-10T23:00:10","date_gmt":"2024-07-10T23:00:10","guid":{"rendered":"https:\/\/para-pharmacity.tn\/?product=esth-keratix-shampoing-200-ml"},"modified":"2024-08-15T13:48:35","modified_gmt":"2024-08-15T13:48:35","slug":"esth-keratix-shampoing-200-ml","status":"publish","type":"product","link":"https:\/\/para-pharmacity.tn\/?product=esth-keratix-shampoing-200-ml","title":{"rendered":"ESTH KERATIX SHAMPOING 200 ML"},"content":{"rendered":"<p><strong>Description :<\/strong><\/p>\n<p>K\u00e9ratix shampooing nettoie les cheveux en douceur. Le thym stimule le cuir chevelu. L&rsquo;ortie, l&rsquo;aminexil et les autres extraits de plantes ralentissent la chute et permettent d&rsquo;activer la repousse des cheveux. Ce shampooing compl\u00e8te l&rsquo;action du compl\u00e9ment alimentaire et de la lotion K\u00e9ratix.<\/p>\n<p>Sa formulation naturelle permet de l&rsquo;appliquer sur le cuir chevelu des enfants, des hommes et des femmes.<\/p>\n<p><strong>Conseils d&rsquo;utilisation :<\/strong><\/p>\n<p>Usage fr\u00e9quent, r\u00e9partir une noisette de shampoing.<\/p>\n<p>Masser le cuir chevelu , laisser agir 3mn puis rincer abondamment. Appliquer ensuite votre lotion K\u00e9ratix avant de s\u00e9cher.<\/p>\n","protected":false},"excerpt":{"rendered":"<p>Shampooing anti chute pour tous types de cheveux.<\/p>\n","protected":false},"featured_media":23452,"comment_status":"open","ping_status":"closed","template":"","meta":[],"product_cat":[20],"product_tag":[],"class_list":{"0":"post-16949","1":"product","2":"type-product","3":"status-publish","4":"has-post-thumbnail","6":"product_cat-accessories","8":"first","9":"instock","10":"shipping-taxable","11":"product-type-simple"},"jetpack_sharing_enabled":true,"_links":{"self":[{"href":"https:\/\/para-pharmacity.tn\/index.php?rest_route=\/wp\/v2\/product\/16949","targetHints":{"allow":["GET"]}}],"collection":[{"href":"https:\/\/para-pharmacity.tn\/index.php?rest_route=\/wp\/v2\/product"}],"about":[{"href":"https:\/\/para-pharmacity.tn\/index.php?rest_route=\/wp\/v2\/types\/product"}],"replies":[{"embeddable":true,"href":"https:\/\/para-pharmacity.tn\/index.php?rest_route=%2Fwp%2Fv2%2Fcomments&post=16949"}],"version-history":[{"count":2,"href":"https:\/\/para-pharmacity.tn\/index.php?rest_route=\/wp\/v2\/product\/16949\/revisions"}],"predecessor-version":[{"id":23453,"href":"https:\/\/para-pharmacity.tn\/index.php?rest_route=\/wp\/v2\/product\/16949\/revisions\/23453"}],"wp:featuredmedia":[{"embeddable":true,"href":"https:\/\/para-pharmacity.tn\/index.php?rest_route=\/wp\/v2\/media\/23452"}],"wp:attachment":[{"href":"https:\/\/para-pharmacity.tn\/index.php?rest_route=%2Fwp%2Fv2%2Fmedia&parent=16949"}],"wp:term":[{"taxonomy":"product_cat","embeddable":true,"href":"https:\/\/para-pharmacity.tn\/index.php?rest_route=%2Fwp%2Fv2%2Fproduct_cat&post=16949"},{"taxonomy":"product_tag","embeddable":true,"href":"https:\/\/para-pharmacity.tn\/index.php?rest_route=%2Fwp%2Fv2%2Fproduct_tag&post=16949"}],"curies":[{"name":"wp","href":"https:\/\/api.w.org\/{rel}","templated":true}]}}