{"id":16948,"date":"2024-07-10T23:00:09","date_gmt":"2024-07-10T23:00:09","guid":{"rendered":"https:\/\/para-pharmacity.tn\/?product=esth-keratix-lotion-150-ml"},"modified":"2024-08-15T13:39:39","modified_gmt":"2024-08-15T13:39:39","slug":"esth-keratix-lotion-150-ml","status":"publish","type":"product","link":"https:\/\/para-pharmacity.tn\/?product=esth-keratix-lotion-150-ml","title":{"rendered":"ESTH KERATIX LOTION 150 ML"},"content":{"rendered":"<p><strong>STH\u2019ELLE KERATIX LOTION ANTI-CHUTE 150ML<\/strong><\/p>\n<p>l\u2019Aminexil pr\u00e9sent dans keratix lotion anti chute, associ\u00e9 \u00e0 des vitamines et \u00e0 l\u2019ortie piquante, agit sur la fibre capillaire.<br \/>\nCes actifs stimulent la micro-circulation du cuir chevelu et favorisent l\u2019apport des nutriments essentiels \u00e0 la croissance des bulbes.<br \/>\nUn bulbe plus fort, c\u2019est un cheveu plus.<\/p>\n<p><strong>Conseils d\u2019utilisation :<\/strong><\/p>\n<p>A appliquer sur le cuir chevelu raie par raie en massant l\u00e9g\u00e8rement 3 fois par semaine durant 3 mois.<\/p>\n<p><strong>Composition :<\/strong><\/p>\n<ul>Aqua, Alcool, Glycerol, Urtica dioica extract, Thymus vulgaris flower oil, Triticum vulgare gluten extract, Pyridoxine HCI, Propyl\u00e8ne glycol, Aminexil, D-panth\u00e9nol, Tetrasodium EDTA.<\/ul>\n<p>&nbsp;<\/p>\n","protected":false},"excerpt":{"rendered":"<p>Lotion \u00e0 base d\u2019extraits de plantes et riche en ortie piquante, en aminexil et en vitamines, id\u00e9ale pour diminuer et lutter efficacement contre la chute des cheveux.<\/p>\n","protected":false},"featured_media":23445,"comment_status":"open","ping_status":"closed","template":"","meta":[],"product_cat":[20],"product_tag":[],"class_list":{"0":"post-16948","1":"product","2":"type-product","3":"status-publish","4":"has-post-thumbnail","6":"product_cat-accessories","8":"first","9":"instock","10":"shipping-taxable","11":"product-type-simple"},"jetpack_sharing_enabled":true,"_links":{"self":[{"href":"https:\/\/para-pharmacity.tn\/index.php?rest_route=\/wp\/v2\/product\/16948","targetHints":{"allow":["GET"]}}],"collection":[{"href":"https:\/\/para-pharmacity.tn\/index.php?rest_route=\/wp\/v2\/product"}],"about":[{"href":"https:\/\/para-pharmacity.tn\/index.php?rest_route=\/wp\/v2\/types\/product"}],"replies":[{"embeddable":true,"href":"https:\/\/para-pharmacity.tn\/index.php?rest_route=%2Fwp%2Fv2%2Fcomments&post=16948"}],"version-history":[{"count":2,"href":"https:\/\/para-pharmacity.tn\/index.php?rest_route=\/wp\/v2\/product\/16948\/revisions"}],"predecessor-version":[{"id":23448,"href":"https:\/\/para-pharmacity.tn\/index.php?rest_route=\/wp\/v2\/product\/16948\/revisions\/23448"}],"wp:featuredmedia":[{"embeddable":true,"href":"https:\/\/para-pharmacity.tn\/index.php?rest_route=\/wp\/v2\/media\/23445"}],"wp:attachment":[{"href":"https:\/\/para-pharmacity.tn\/index.php?rest_route=%2Fwp%2Fv2%2Fmedia&parent=16948"}],"wp:term":[{"taxonomy":"product_cat","embeddable":true,"href":"https:\/\/para-pharmacity.tn\/index.php?rest_route=%2Fwp%2Fv2%2Fproduct_cat&post=16948"},{"taxonomy":"product_tag","embeddable":true,"href":"https:\/\/para-pharmacity.tn\/index.php?rest_route=%2Fwp%2Fv2%2Fproduct_tag&post=16948"}],"curies":[{"name":"wp","href":"https:\/\/api.w.org\/{rel}","templated":true}]}}