{"id":16945,"date":"2024-07-10T23:00:08","date_gmt":"2024-07-10T23:00:08","guid":{"rendered":"https:\/\/para-pharmacity.tn\/?product=esth-hydra-sun-ecran"},"modified":"2024-08-15T12:51:41","modified_gmt":"2024-08-15T12:51:41","slug":"esth-hydra-sun-ecran","status":"publish","type":"product","link":"https:\/\/para-pharmacity.tn\/?product=esth-hydra-sun-ecran","title":{"rendered":"ESTH HYDRA SUN ECRAN"},"content":{"rendered":"<p>L&rsquo;\u00e9cran Total Hydra Sun \u00e0 l&rsquo;ac hyaluronique vous assure :<\/p>\n<p>-Protection intense UVA PA ++ et UVB SPF 50+<\/p>\n<p>-Hydratation maximale<\/p>\n<p>-Action anti radicalaire anti-\u00e2ge +<\/p>\n<p>HYDRA SUN est une cr\u00e8me de texture non grasse et invisible + Non com\u00e9dog\u00e8ne + R\u00e9siste \u00e0 l&rsquo;eau et \u00e0 la sueur<\/p>\n","protected":false},"excerpt":{"rendered":"<p>\u00c9cran Solaire L&rsquo;\u00e9cran Total Hydra Sun \u00e0 l&rsquo;ac hyaluronique vous assure une protection intense UVA PA ++ et UVB SPF 50+<\/p>\n","protected":false},"featured_media":23414,"comment_status":"open","ping_status":"closed","template":"","meta":[],"product_cat":[20],"product_tag":[],"class_list":{"0":"post-16945","1":"product","2":"type-product","3":"status-publish","4":"has-post-thumbnail","6":"product_cat-accessories","8":"first","9":"instock","10":"shipping-taxable","11":"product-type-simple"},"jetpack_sharing_enabled":true,"_links":{"self":[{"href":"https:\/\/para-pharmacity.tn\/index.php?rest_route=\/wp\/v2\/product\/16945","targetHints":{"allow":["GET"]}}],"collection":[{"href":"https:\/\/para-pharmacity.tn\/index.php?rest_route=\/wp\/v2\/product"}],"about":[{"href":"https:\/\/para-pharmacity.tn\/index.php?rest_route=\/wp\/v2\/types\/product"}],"replies":[{"embeddable":true,"href":"https:\/\/para-pharmacity.tn\/index.php?rest_route=%2Fwp%2Fv2%2Fcomments&post=16945"}],"version-history":[{"count":2,"href":"https:\/\/para-pharmacity.tn\/index.php?rest_route=\/wp\/v2\/product\/16945\/revisions"}],"predecessor-version":[{"id":23416,"href":"https:\/\/para-pharmacity.tn\/index.php?rest_route=\/wp\/v2\/product\/16945\/revisions\/23416"}],"wp:featuredmedia":[{"embeddable":true,"href":"https:\/\/para-pharmacity.tn\/index.php?rest_route=\/wp\/v2\/media\/23414"}],"wp:attachment":[{"href":"https:\/\/para-pharmacity.tn\/index.php?rest_route=%2Fwp%2Fv2%2Fmedia&parent=16945"}],"wp:term":[{"taxonomy":"product_cat","embeddable":true,"href":"https:\/\/para-pharmacity.tn\/index.php?rest_route=%2Fwp%2Fv2%2Fproduct_cat&post=16945"},{"taxonomy":"product_tag","embeddable":true,"href":"https:\/\/para-pharmacity.tn\/index.php?rest_route=%2Fwp%2Fv2%2Fproduct_tag&post=16945"}],"curies":[{"name":"wp","href":"https:\/\/api.w.org\/{rel}","templated":true}]}}