{"id":16944,"date":"2024-07-10T23:00:08","date_gmt":"2024-07-10T23:00:08","guid":{"rendered":"https:\/\/para-pharmacity.tn\/?product=esth-gynoclean-ph-4-5"},"modified":"2024-08-15T09:24:51","modified_gmt":"2024-08-15T09:24:51","slug":"esth-gynoclean-ph-4-5","status":"publish","type":"product","link":"https:\/\/para-pharmacity.tn\/?product=esth-gynoclean-ph-4-5","title":{"rendered":"ESTH GYNOCLEAN PH 4.5"},"content":{"rendered":"<div class=\"row\">\n<div class=\"col-md-12\">\n<div class=\"tabs product-tabs\">\n<div id=\"tab-content\" class=\"tab-content\">\n<div id=\"description\" class=\"tab-pane fade in active revealOnScroll animated fadeInUp\" role=\"tabpanel\" data-animation=\"fadeInUp\">\n<div class=\"product-description\">\n<p>Gel pour toilette intime hypoallerg\u00e9nique et extra-doux \u00e0 PH 4.5. Il nettoie les muqueuses sensibles tout en calmant les irritations et les d\u00e9mangeaisons.<\/p>\n<\/div>\n<\/div>\n<\/div>\n<\/div>\n<\/div>\n<\/div>\n","protected":false},"excerpt":{"rendered":"<p>Gel pour toilette intime hypoallerg\u00e9nique et extra-doux \u00e0 PH 4.5. Il nettoie les muqueuses sensibles tout en calmant les irritations<\/p>\n","protected":false},"featured_media":23386,"comment_status":"open","ping_status":"closed","template":"","meta":[],"product_cat":[20],"product_tag":[],"class_list":{"0":"post-16944","1":"product","2":"type-product","3":"status-publish","4":"has-post-thumbnail","6":"product_cat-accessories","8":"first","9":"instock","10":"shipping-taxable","11":"product-type-simple"},"jetpack_sharing_enabled":true,"_links":{"self":[{"href":"https:\/\/para-pharmacity.tn\/index.php?rest_route=\/wp\/v2\/product\/16944","targetHints":{"allow":["GET"]}}],"collection":[{"href":"https:\/\/para-pharmacity.tn\/index.php?rest_route=\/wp\/v2\/product"}],"about":[{"href":"https:\/\/para-pharmacity.tn\/index.php?rest_route=\/wp\/v2\/types\/product"}],"replies":[{"embeddable":true,"href":"https:\/\/para-pharmacity.tn\/index.php?rest_route=%2Fwp%2Fv2%2Fcomments&post=16944"}],"version-history":[{"count":2,"href":"https:\/\/para-pharmacity.tn\/index.php?rest_route=\/wp\/v2\/product\/16944\/revisions"}],"predecessor-version":[{"id":23387,"href":"https:\/\/para-pharmacity.tn\/index.php?rest_route=\/wp\/v2\/product\/16944\/revisions\/23387"}],"wp:featuredmedia":[{"embeddable":true,"href":"https:\/\/para-pharmacity.tn\/index.php?rest_route=\/wp\/v2\/media\/23386"}],"wp:attachment":[{"href":"https:\/\/para-pharmacity.tn\/index.php?rest_route=%2Fwp%2Fv2%2Fmedia&parent=16944"}],"wp:term":[{"taxonomy":"product_cat","embeddable":true,"href":"https:\/\/para-pharmacity.tn\/index.php?rest_route=%2Fwp%2Fv2%2Fproduct_cat&post=16944"},{"taxonomy":"product_tag","embeddable":true,"href":"https:\/\/para-pharmacity.tn\/index.php?rest_route=%2Fwp%2Fv2%2Fproduct_tag&post=16944"}],"curies":[{"name":"wp","href":"https:\/\/api.w.org\/{rel}","templated":true}]}}